{"id":65991,"date":"2025-12-12T10:49:09","date_gmt":"2025-12-12T08:49:09","guid":{"rendered":"https:\/\/kunakair.com\/?page_id=65991"},"modified":"2025-12-12T10:59:49","modified_gmt":"2025-12-12T08:59:49","slug":"politique-de-securite-de-linformation","status":"publish","type":"page","link":"https:\/\/kunakair.com\/fr\/politique-de-securite-de-linformation\/","title":{"rendered":"Politique de s\u00e9curit\u00e9 de l\u2019information"},"content":{"rendered":"<p data-start=\"49\" data-end=\"76\"><strong data-start=\"49\" data-end=\"76\">KUNAK TECHNOLOGIES S.L.<\/strong><\/p>\n<h2 data-start=\"83\" data-end=\"106\">Introduction<\/h2>\n<p data-start=\"107\" data-end=\"428\">Chez <strong data-start=\"112\" data-end=\"139\">KUNAK TECHNOLOGIES S.L.<\/strong>, nous concevons et exploitons des solutions de surveillance environnementale et IoT qui traitent des donn\u00e9es critiques pour nos clients.<br data-start=\"276\" data-end=\"279\" \/>La confiance dans nos services repose sur la disponibilit\u00e9, l\u2019exactitude et la protection ad\u00e9quate des informations contre tout acc\u00e8s non autoris\u00e9.<\/p>\n<p data-start=\"430\" data-end=\"693\">Avec cette <strong data-start=\"441\" data-end=\"483\">Politique de s\u00e9curit\u00e9 de l\u2019information<\/strong>, la Direction exprime son engagement \u00e0 prot\u00e9ger l\u2019information et \u00e0 respecter les exigences l\u00e9gales et contractuelles applicables, en int\u00e9grant la s\u00e9curit\u00e9 dans tous les processus et services de l\u2019organisation.<\/p>\n<h2 data-start=\"700\" data-end=\"731\">1. Objectif et port\u00e9e<\/h2>\n<p data-start=\"732\" data-end=\"907\">L\u2019objectif de cette Politique est d\u2019\u00e9tablir les principes g\u00e9n\u00e9raux et les lignes directrices pour la gestion de la s\u00e9curit\u00e9 de l\u2019information chez <strong data-start=\"878\" data-end=\"905\">KUNAK TECHNOLOGIES S.L.<\/strong><\/p>\n<p data-start=\"909\" data-end=\"929\">Sa port\u00e9e inclut :<\/p>\n<ul data-start=\"930\" data-end=\"1194\">\n<li data-start=\"930\" data-end=\"1070\">\n<p data-start=\"932\" data-end=\"1070\">Tous les syst\u00e8mes d\u2019information, infrastructures et services g\u00e9r\u00e9s par KUNAK TECHNOLOGIES S.L., qu\u2019ils soient sur site ou dans le cloud.<\/p>\n<\/li>\n<li data-start=\"1071\" data-end=\"1194\">\n<p data-start=\"1073\" data-end=\"1194\">Tout le personnel interne ainsi que les tiers ayant acc\u00e8s \u00e0 ces syst\u00e8mes ou aux informations g\u00e9r\u00e9es par l\u2019organisation.<\/p>\n<\/li>\n<\/ul>\n<p data-start=\"1196\" data-end=\"1294\">Le respect de cette Politique est <strong data-start=\"1230\" data-end=\"1245\">obligatoire<\/strong> pour toutes les personnes et entit\u00e9s concern\u00e9es.<\/p>\n<h2 data-start=\"1301\" data-end=\"1332\">2. Cadre de r\u00e9f\u00e9rence<\/h2>\n<p data-start=\"1333\" data-end=\"1649\">La gestion de la s\u00e9curit\u00e9 de l\u2019information chez <strong data-start=\"1381\" data-end=\"1408\">KUNAK TECHNOLOGIES S.L.<\/strong> est align\u00e9e sur le <strong data-start=\"1428\" data-end=\"1504\">Cadre national de s\u00e9curit\u00e9 espagnol (Esquema Nacional de Seguridad, ENS)<\/strong> et sur la norme <strong data-start=\"1521\" data-end=\"1538\">ISO\/IEC 27001<\/strong> relative aux syst\u00e8mes de management de la s\u00e9curit\u00e9 de l\u2019information, actuellement en cours de certification.<\/p>\n<p data-start=\"1651\" data-end=\"1923\">Elle respecte \u00e9galement la r\u00e9glementation applicable en mati\u00e8re de protection des donn\u00e9es, notamment le <strong data-start=\"1755\" data-end=\"1789\">R\u00e8glement (UE) 2016\/679 (RGPD)<\/strong> et la <strong data-start=\"1796\" data-end=\"1840\">Loi organique espagnole 3\/2018 (LOPDGDD)<\/strong>, qui fondent les proc\u00e9dures et contr\u00f4les internes mis en \u0153uvre par l\u2019organisation.<\/p>\n<h2 data-start=\"1930\" data-end=\"1964\">3. Principes de s\u00e9curit\u00e9<\/h2>\n<p data-start=\"1965\" data-end=\"2059\"><strong data-start=\"1965\" data-end=\"1992\">KUNAK TECHNOLOGIES S.L.<\/strong> s\u2019engage \u00e0 prot\u00e9ger l\u2019information selon les principes suivants :<\/p>\n<ul data-start=\"2060\" data-end=\"2644\">\n<li data-start=\"2060\" data-end=\"2166\">\n<p data-start=\"2062\" data-end=\"2166\"><strong data-start=\"2062\" data-end=\"2083\">Confidentialit\u00e9 :<\/strong> l\u2019information n\u2019est accessible qu\u2019aux personnes, syst\u00e8mes ou entit\u00e9s autoris\u00e9es.<\/p>\n<\/li>\n<li data-start=\"2167\" data-end=\"2285\">\n<p data-start=\"2169\" data-end=\"2285\"><strong data-start=\"2169\" data-end=\"2184\">Int\u00e9grit\u00e9 :<\/strong> l\u2019information est exacte et compl\u00e8te, sans modifications non autoris\u00e9es ni erreurs non contr\u00f4l\u00e9es.<\/p>\n<\/li>\n<li data-start=\"2286\" data-end=\"2430\">\n<p data-start=\"2288\" data-end=\"2430\"><strong data-start=\"2288\" data-end=\"2307\">Disponibilit\u00e9 :<\/strong> les syst\u00e8mes et services sont op\u00e9rationnels lorsque n\u00e9cessaire, avec les niveaux de continuit\u00e9 et de r\u00e9silience d\u00e9finis.<\/p>\n<\/li>\n<li data-start=\"2431\" data-end=\"2538\">\n<p data-start=\"2433\" data-end=\"2538\"><strong data-start=\"2433\" data-end=\"2451\">Authenticit\u00e9 :<\/strong> l\u2019identit\u00e9 des parties impliqu\u00e9es et l\u2019origine des donn\u00e9es \u00e9chang\u00e9es sont garanties.<\/p>\n<\/li>\n<li data-start=\"2539\" data-end=\"2644\">\n<p data-start=\"2541\" data-end=\"2644\"><strong data-start=\"2541\" data-end=\"2558\">Tra\u00e7abilit\u00e9 :<\/strong> les actions pertinentes sont enregistr\u00e9es afin de pouvoir \u00eatre analys\u00e9es et audit\u00e9es.<\/p>\n<\/li>\n<\/ul>\n<h2 data-start=\"2651\" data-end=\"2695\">4. Organisation et responsabilit\u00e9s<\/h2>\n<p data-start=\"2696\" data-end=\"2835\">La Direction de <strong data-start=\"2712\" data-end=\"2739\">KUNAK TECHNOLOGIES S.L.<\/strong> d\u00e9tient la responsabilit\u00e9 ultime de la s\u00e9curit\u00e9 de l\u2019information et approuve cette Politique.<\/p>\n<p data-start=\"2837\" data-end=\"3018\">L\u2019organisation dispose d\u2019un <strong data-start=\"2865\" data-end=\"2904\">Comit\u00e9 de s\u00e9curit\u00e9 de l\u2019information<\/strong>, compos\u00e9 des responsables de service, d\u2019information, de s\u00e9curit\u00e9 et des syst\u00e8mes, dont les fonctions incluent :<\/p>\n<ul data-start=\"3019\" data-end=\"3273\">\n<li data-start=\"3019\" data-end=\"3116\">\n<p data-start=\"3021\" data-end=\"3116\">D\u00e9finir et r\u00e9viser la strat\u00e9gie et la r\u00e9glementation en mati\u00e8re de s\u00e9curit\u00e9 de l\u2019information.<\/p>\n<\/li>\n<li data-start=\"3117\" data-end=\"3193\">\n<p data-start=\"3119\" data-end=\"3193\">Coordonner les actions des diff\u00e9rentes divisions en mati\u00e8re de s\u00e9curit\u00e9.<\/p>\n<\/li>\n<li data-start=\"3194\" data-end=\"3273\">\n<p data-start=\"3196\" data-end=\"3273\">Superviser la gestion des risques, des incidents et les audits de s\u00e9curit\u00e9.<\/p>\n<\/li>\n<\/ul>\n<p data-start=\"3275\" data-end=\"3473\">Tout le personnel, ainsi que les entreprises externes collaborant avec <strong data-start=\"3346\" data-end=\"3373\">KUNAK TECHNOLOGIES S.L.<\/strong>, doivent conna\u00eetre et respecter cette Politique ainsi que la r\u00e9glementation interne qui en d\u00e9coule.<\/p>\n<h2 data-start=\"3480\" data-end=\"3526\">5. Gestion des risques et conformit\u00e9<\/h2>\n<p data-start=\"3527\" data-end=\"3753\"><strong data-start=\"3527\" data-end=\"3554\">KUNAK TECHNOLOGIES S.L.<\/strong> r\u00e9alise des analyses et une gestion des risques de ses syst\u00e8mes d\u2019information, les r\u00e9visant r\u00e9guli\u00e8rement et \u00e0 chaque changement significatif, apparition de nouvelles menaces ou incidents majeurs.<\/p>\n<p data-start=\"3755\" data-end=\"3784\">L\u2019organisation s\u2019engage \u00e0 :<\/p>\n<ul data-start=\"3785\" data-end=\"4091\">\n<li data-start=\"3785\" data-end=\"3882\">\n<p data-start=\"3787\" data-end=\"3882\">Mettre en \u0153uvre des mesures techniques et organisationnelles appropri\u00e9es au niveau de risque.<\/p>\n<\/li>\n<li data-start=\"3883\" data-end=\"4010\">\n<p data-start=\"3885\" data-end=\"4010\">Maintenir des preuves de conformit\u00e9 avec l\u2019ENS, l\u2019ISO\/IEC 27001, le RGPD, la LOPDGDD et autres r\u00e9glementations applicables.<\/p>\n<\/li>\n<li data-start=\"4011\" data-end=\"4091\">\n<p data-start=\"4013\" data-end=\"4091\">Soumettre ses syst\u00e8mes \u00e0 des revues et audits r\u00e9guliers, internes et externes.<\/p>\n<\/li>\n<\/ul>\n<h2 data-start=\"4098\" data-end=\"4146\">6. Protection des donn\u00e9es personnelles<\/h2>\n<p data-start=\"4147\" data-end=\"4324\">Les donn\u00e9es personnelles ne sont trait\u00e9es que lorsqu\u2019elles sont ad\u00e9quates, pertinentes et non excessives au regard des finalit\u00e9s l\u00e9gitimes de l\u2019organisation et de ses clients.<\/p>\n<p data-start=\"4326\" data-end=\"4431\"><strong data-start=\"4326\" data-end=\"4353\">KUNAK TECHNOLOGIES S.L.<\/strong> applique des mesures techniques et organisationnelles appropri\u00e9es afin de :<\/p>\n<ul data-start=\"4432\" data-end=\"4668\">\n<li data-start=\"4432\" data-end=\"4484\">\n<p data-start=\"4434\" data-end=\"4484\">Garantir un niveau de s\u00e9curit\u00e9 adapt\u00e9 au risque.<\/p>\n<\/li>\n<li data-start=\"4485\" data-end=\"4546\">\n<p data-start=\"4487\" data-end=\"4546\">Faciliter l\u2019exercice des droits des personnes concern\u00e9es.<\/p>\n<\/li>\n<li data-start=\"4547\" data-end=\"4668\">\n<p data-start=\"4549\" data-end=\"4668\">Assurer la confidentialit\u00e9, l\u2019int\u00e9grit\u00e9 et la disponibilit\u00e9 des donn\u00e9es personnelles tout au long de leur cycle de vie.<\/p>\n<\/li>\n<\/ul>\n<h2 data-start=\"4675\" data-end=\"4723\">7. Sensibilisation, formation et tiers<\/h2>\n<p data-start=\"4724\" data-end=\"4861\">La s\u00e9curit\u00e9 de l\u2019information est la responsabilit\u00e9 de toutes les personnes impliqu\u00e9es dans les activit\u00e9s de <strong data-start=\"4832\" data-end=\"4859\">KUNAK TECHNOLOGIES S.L.<\/strong><\/p>\n<p data-start=\"4863\" data-end=\"4881\">L\u2019organisation :<\/p>\n<ul data-start=\"4882\" data-end=\"5232\">\n<li data-start=\"4882\" data-end=\"4988\">\n<p data-start=\"4884\" data-end=\"4988\">Fournit une formation et une sensibilisation p\u00e9riodiques sur la s\u00e9curit\u00e9 et la protection des donn\u00e9es.<\/p>\n<\/li>\n<li data-start=\"4989\" data-end=\"5137\">\n<p data-start=\"4991\" data-end=\"5137\">Exige contractuellement des fournisseurs et tiers prestataires de services qu\u2019ils respectent des exigences de s\u00e9curit\u00e9 \u00e9quivalentes aux siennes.<\/p>\n<\/li>\n<li data-start=\"5138\" data-end=\"5232\">\n<p data-start=\"5140\" data-end=\"5232\">Met en place des m\u00e9canismes de supervision et de coordination de la s\u00e9curit\u00e9 avec ces tiers.<\/p>\n<\/li>\n<\/ul>\n<h2 data-start=\"5239\" data-end=\"5287\">8. Gestion des incidents et continuit\u00e9<\/h2>\n<p data-start=\"5288\" data-end=\"5497\"><strong data-start=\"5288\" data-end=\"5315\">KUNAK TECHNOLOGIES S.L.<\/strong> dispose de proc\u00e9dures pour la d\u00e9tection, la notification, l\u2019analyse et la r\u00e9ponse aux incidents de s\u00e9curit\u00e9 de l\u2019information, ainsi que pour la r\u00e9cup\u00e9ration des services affect\u00e9s.<\/p>\n<p data-start=\"5499\" data-end=\"5743\">L\u2019organisation maintient des plans de <strong data-start=\"5537\" data-end=\"5595\">sauvegarde, de contingence et de continuit\u00e9 d\u2019activit\u00e9<\/strong> permettant de restaurer les services essentiels en cas de d\u00e9faillance majeure ou de catastrophe, conform\u00e9ment aux exigences des clients et \u00e0 l\u2019ENS.<\/p>\n<h2 data-start=\"5750\" data-end=\"5796\">9. R\u00e9vision et am\u00e9lioration continue<\/h2>\n<p data-start=\"5797\" data-end=\"6024\">Cette <strong data-start=\"5803\" data-end=\"5845\">Politique de s\u00e9curit\u00e9 de l\u2019information<\/strong> sera r\u00e9vis\u00e9e au moins une fois par an, ou chaque fois qu\u2019il y aura des changements significatifs dans les syst\u00e8mes, services, r\u00e9glementations applicables ou risques identifi\u00e9s.<\/p>\n<p data-start=\"6026\" data-end=\"6291\">La Direction et le <strong data-start=\"6045\" data-end=\"6084\">Comit\u00e9 de s\u00e9curit\u00e9 de l\u2019information<\/strong> assurent l\u2019am\u00e9lioration continue du syst\u00e8me de gestion de la s\u00e9curit\u00e9 de l\u2019information, en int\u00e9grant les enseignements tir\u00e9s des audits, des revues, des analyses de risques et de la gestion des incidents.<\/p>\n","protected":false},"excerpt":{"rendered":"<p>KUNAK TECHNOLOGIES S.L. Introduction Chez KUNAK TECHNOLOGIES S.L., nous concevons et exploitons des solutions de surveillance environnementale et IoT qui traitent des donn\u00e9es critiques pour nos clients.La confiance dans nos services repose sur la disponibilit\u00e9, l\u2019exactitude et la protection ad\u00e9quate des informations contre tout acc\u00e8s non autoris\u00e9. Avec cette Politique de s\u00e9curit\u00e9 de l\u2019information, la [&hellip;]<\/p>\n","protected":false},"author":6,"featured_media":0,"parent":0,"menu_order":0,"comment_status":"closed","ping_status":"closed","template":"","meta":{"_acf_changed":false,"_et_pb_use_builder":"","_et_pb_old_content":"","_et_gb_content_width":"","footnotes":""},"class_list":["post-65991","page","type-page","status-publish","hentry"],"acf":[],"yoast_head":"<!-- This site is optimized with the Yoast SEO plugin v27.4 - https:\/\/yoast.com\/product\/yoast-seo-wordpress\/ -->\n<title>Politique de s\u00e9curit\u00e9 de l\u2019information - Kunak<\/title>\n<meta name=\"robots\" content=\"index, follow, max-snippet:-1, max-image-preview:large, max-video-preview:-1\" \/>\n<link rel=\"canonical\" href=\"https:\/\/kunakair.com\/fr\/politique-de-securite-de-linformation\/\" \/>\n<meta property=\"og:locale\" content=\"fr_FR\" \/>\n<meta property=\"og:type\" content=\"article\" \/>\n<meta property=\"og:title\" content=\"Politique de s\u00e9curit\u00e9 de l\u2019information - Kunak\" \/>\n<meta property=\"og:description\" content=\"KUNAK TECHNOLOGIES S.L. Introduction Chez KUNAK TECHNOLOGIES S.L., nous concevons et exploitons des solutions de surveillance environnementale et IoT qui traitent des donn\u00e9es critiques pour nos clients.La confiance dans nos services repose sur la disponibilit\u00e9, l\u2019exactitude et la protection ad\u00e9quate des informations contre tout acc\u00e8s non autoris\u00e9. Avec cette Politique de s\u00e9curit\u00e9 de l\u2019information, la [&hellip;]\" \/>\n<meta property=\"og:url\" content=\"https:\/\/kunakair.com\/fr\/politique-de-securite-de-linformation\/\" \/>\n<meta property=\"og:site_name\" content=\"Kunak\" \/>\n<meta property=\"article:publisher\" content=\"https:\/\/www.facebook.com\/KunakTechnologies\/\" \/>\n<meta property=\"article:modified_time\" content=\"2025-12-12T08:59:49+00:00\" \/>\n<meta name=\"twitter:card\" content=\"summary_large_image\" \/>\n<meta name=\"twitter:site\" content=\"@KunaK_sensing\" \/>\n<meta name=\"twitter:label1\" content=\"Dur\u00e9e de lecture estim\u00e9e\" \/>\n\t<meta name=\"twitter:data1\" content=\"4 minutes\" \/>\n<!-- \/ Yoast SEO plugin. -->","yoast_head_json":{"title":"Politique de s\u00e9curit\u00e9 de l\u2019information - Kunak","robots":{"index":"index","follow":"follow","max-snippet":"max-snippet:-1","max-image-preview":"max-image-preview:large","max-video-preview":"max-video-preview:-1"},"canonical":"https:\/\/kunakair.com\/fr\/politique-de-securite-de-linformation\/","og_locale":"fr_FR","og_type":"article","og_title":"Politique de s\u00e9curit\u00e9 de l\u2019information - Kunak","og_description":"KUNAK TECHNOLOGIES S.L. Introduction Chez KUNAK TECHNOLOGIES S.L., nous concevons et exploitons des solutions de surveillance environnementale et IoT qui traitent des donn\u00e9es critiques pour nos clients.La confiance dans nos services repose sur la disponibilit\u00e9, l\u2019exactitude et la protection ad\u00e9quate des informations contre tout acc\u00e8s non autoris\u00e9. Avec cette Politique de s\u00e9curit\u00e9 de l\u2019information, la [&hellip;]","og_url":"https:\/\/kunakair.com\/fr\/politique-de-securite-de-linformation\/","og_site_name":"Kunak","article_publisher":"https:\/\/www.facebook.com\/KunakTechnologies\/","article_modified_time":"2025-12-12T08:59:49+00:00","twitter_card":"summary_large_image","twitter_site":"@KunaK_sensing","twitter_misc":{"Dur\u00e9e de lecture estim\u00e9e":"4 minutes"},"schema":{"@context":"https:\/\/schema.org","@graph":[{"@type":"WebPage","@id":"https:\/\/kunakair.com\/fr\/politique-de-securite-de-linformation\/","url":"https:\/\/kunakair.com\/fr\/politique-de-securite-de-linformation\/","name":"Politique de s\u00e9curit\u00e9 de l\u2019information - Kunak","isPartOf":{"@id":"https:\/\/kunakair.com\/fr\/#website"},"datePublished":"2025-12-12T08:49:09+00:00","dateModified":"2025-12-12T08:59:49+00:00","breadcrumb":{"@id":"https:\/\/kunakair.com\/fr\/politique-de-securite-de-linformation\/#breadcrumb"},"inLanguage":"fr-FR","potentialAction":[{"@type":"ReadAction","target":["https:\/\/kunakair.com\/fr\/politique-de-securite-de-linformation\/"]}]},{"@type":"BreadcrumbList","@id":"https:\/\/kunakair.com\/fr\/politique-de-securite-de-linformation\/#breadcrumb","itemListElement":[{"@type":"ListItem","position":1,"name":"Home","item":"https:\/\/kunakair.com\/fr\/"},{"@type":"ListItem","position":2,"name":"Politique de s\u00e9curit\u00e9 de l\u2019information"}]},{"@type":"WebSite","@id":"https:\/\/kunakair.com\/fr\/#website","url":"https:\/\/kunakair.com\/fr\/","name":"KUNAK","description":"Sensing anywhere","publisher":{"@id":"https:\/\/kunakair.com\/fr\/#organization"},"alternateName":"Sensing anywhere","potentialAction":[{"@type":"SearchAction","target":{"@type":"EntryPoint","urlTemplate":"https:\/\/kunakair.com\/fr\/?s={search_term_string}"},"query-input":{"@type":"PropertyValueSpecification","valueRequired":true,"valueName":"search_term_string"}}],"inLanguage":"fr-FR"},{"@type":"Organization","@id":"https:\/\/kunakair.com\/fr\/#organization","name":"KUNAK","alternateName":"Sensing anywhere","url":"https:\/\/kunakair.com\/fr\/","logo":{"@type":"ImageObject","inLanguage":"fr-FR","@id":"https:\/\/kunakair.com\/fr\/#\/schema\/logo\/image\/","url":"https:\/\/kunakair.com\/wp-content\/uploads\/2022\/09\/logo-kunak-cuadrado.jpg","contentUrl":"https:\/\/kunakair.com\/wp-content\/uploads\/2022\/09\/logo-kunak-cuadrado.jpg","width":1000,"height":1000,"caption":"KUNAK"},"image":{"@id":"https:\/\/kunakair.com\/fr\/#\/schema\/logo\/image\/"},"sameAs":["https:\/\/www.facebook.com\/KunakTechnologies\/","https:\/\/x.com\/KunaK_sensing","https:\/\/www.linkedin.com\/company\/kunak\/","https:\/\/www.instagram.com\/kunak_technologies\/","https:\/\/www.youtube.com\/channel\/UC-suigTybwCW50od_rhTZxg"]}]}},"_links":{"self":[{"href":"https:\/\/kunakair.com\/fr\/wp-json\/wp\/v2\/pages\/65991","targetHints":{"allow":["GET"]}}],"collection":[{"href":"https:\/\/kunakair.com\/fr\/wp-json\/wp\/v2\/pages"}],"about":[{"href":"https:\/\/kunakair.com\/fr\/wp-json\/wp\/v2\/types\/page"}],"author":[{"embeddable":true,"href":"https:\/\/kunakair.com\/fr\/wp-json\/wp\/v2\/users\/6"}],"replies":[{"embeddable":true,"href":"https:\/\/kunakair.com\/fr\/wp-json\/wp\/v2\/comments?post=65991"}],"version-history":[{"count":1,"href":"https:\/\/kunakair.com\/fr\/wp-json\/wp\/v2\/pages\/65991\/revisions"}],"predecessor-version":[{"id":65992,"href":"https:\/\/kunakair.com\/fr\/wp-json\/wp\/v2\/pages\/65991\/revisions\/65992"}],"wp:attachment":[{"href":"https:\/\/kunakair.com\/fr\/wp-json\/wp\/v2\/media?parent=65991"}],"curies":[{"name":"wp","href":"https:\/\/api.w.org\/{rel}","templated":true}]}}