{"id":58070,"date":"2023-02-20T20:00:15","date_gmt":"2023-02-20T18:00:15","guid":{"rendered":"https:\/\/kunakair.com\/politica-de-privacidad-y-de-proteccion-de-datos\/"},"modified":"2024-09-09T09:43:26","modified_gmt":"2024-09-09T07:43:26","slug":"politica-de-privacidad-y-de-proteccion-de-datos","status":"publish","type":"page","link":"https:\/\/kunakair.com\/fr\/politique-de-confidentialite\/","title":{"rendered":"Politique de confidentialit\u00e9 et de protection des donn\u00e9es"},"content":{"rendered":"<p>[et_pb_section fb_built=\u00a0\u00bb1&Prime; admin_label=\u00a0\u00bbsection\u00a0\u00bb _builder_version=\u00a0\u00bb4.19.5&Prime; custom_padding=\u00a0\u00bb||||false|false\u00a0\u00bb da_disable_devices=\u00a0\u00bboff|off|off\u00a0\u00bb global_colors_info=\u00a0\u00bb{}\u00a0\u00bb da_is_popup=\u00a0\u00bboff\u00a0\u00bb da_exit_intent=\u00a0\u00bboff\u00a0\u00bb da_has_close=\u00a0\u00bbon\u00a0\u00bb da_alt_close=\u00a0\u00bboff\u00a0\u00bb da_dark_close=\u00a0\u00bboff\u00a0\u00bb da_not_modal=\u00a0\u00bbon\u00a0\u00bb da_is_singular=\u00a0\u00bboff\u00a0\u00bb da_with_loader=\u00a0\u00bboff\u00a0\u00bb da_has_shadow=\u00a0\u00bbon\u00a0\u00bb][et_pb_row admin_label=\u00a0\u00bbLegal notice\u00a0\u00bb _builder_version=\u00a0\u00bb4.19.5&Prime; custom_padding=\u00a0\u00bb||0px|||\u00a0\u00bb border_radii=\u00a0\u00bbon|10px|10px|10px|10px\u00a0\u00bb global_colors_info=\u00a0\u00bb{}\u00a0\u00bb][et_pb_column type=\u00a0\u00bb4_4&Prime; admin_label=\u00a0\u00bbColumn\u00a0\u00bb _builder_version=\u00a0\u00bb4.19.5&Prime; custom_padding=\u00a0\u00bb|||\u00a0\u00bb global_colors_info=\u00a0\u00bb{}\u00a0\u00bb custom_padding__hover=\u00a0\u00bb|||\u00a0\u00bb][et_pb_text admin_label=\u00a0\u00bbH2&Prime; _builder_version=\u00a0\u00bb4.27.0&Prime; _module_preset=\u00a0\u00bbdefault\u00a0\u00bb text_font=\u00a0\u00bbManrope||||||||\u00a0\u00bb text_font_size=\u00a0\u00bb25px\u00a0\u00bb text_line_height=\u00a0\u00bb1.2em\u00a0\u00bb header_font=\u00a0\u00bb||||||||\u00a0\u00bb header_text_align=\u00a0\u00bbcenter\u00a0\u00bb header_font_size=\u00a0\u00bb23px\u00a0\u00bb header_2_font=\u00a0\u00bb|700|||||||\u00a0\u00bb header_2_font_size=\u00a0\u00bb45px\u00a0\u00bb animation_direction=\u00a0\u00bbbottom\u00a0\u00bb hover_enabled=\u00a0\u00bb0&Prime; text_font_size_tablet=\u00a0\u00bb35px\u00a0\u00bb text_font_size_phone=\u00a0\u00bb35px\u00a0\u00bb text_font_size_last_edited=\u00a0\u00bbon|tablet\u00a0\u00bb locked=\u00a0\u00bboff\u00a0\u00bb global_colors_info=\u00a0\u00bb{}\u00a0\u00bb sticky_enabled=\u00a0\u00bb0&Prime;]<\/p>\n<h2>Politique de confidentialit\u00e9 et de protection des donn\u00e9es<\/h2>\n<p>[\/et_pb_text][et_pb_text _builder_version=\u00a0\u00bb4.27.0&Prime; _module_preset=\u00a0\u00bbdefault\u00a0\u00bb hover_enabled=\u00a0\u00bb0&Prime; global_colors_info=\u00a0\u00bb{}\u00a0\u00bb sticky_enabled=\u00a0\u00bb0&Prime;]<\/p>\n<p>Conform\u00e9ment \u00e0 l\u2019article 13 du R\u00e8glement (UE) 2016\/679 du Parlement Europ\u00e9en et du Conseil du 27 avril 2016, relatif au droit \u00e0 l\u2019information dont vous b\u00e9n\u00e9ficiez lorsque vous fournissez des donn\u00e9es personnelles, nous vous informons que celles-ci seront trait\u00e9es par Kunak Technologies, S.L., dont le si\u00e8ge social est situ\u00e9 \u00e0 Orcoyen (Navarre), Espagne, dans le but de g\u00e9rer la relation qui nous lie, de vous fournir le service contract\u00e9, de vous fournir les informations demand\u00e9es et\/ou de maintenir une communication mutuelle en vous contactant par tout moyen t\u00e9l\u00e9matique, t\u00e9l\u00e9phonique ou similaire.<\/p>\n<p>Les donn\u00e9es personnelles seront conserv\u00e9es aussi longtemps que la base l\u00e9gitimant la relation qui nous lie sera en vigueur et, une fois celle-ci termin\u00e9e, nous les conserverons pendant les d\u00e9lais l\u00e9galement requis.<br \/>Vos donn\u00e9es ne seront pas transmises \u00e0 des tiers sans votre consentement pr\u00e9alable, sauf en cas d&rsquo;obligation l\u00e9gale ou de communication n\u00e9cessaire pour donner suite \u00e0 la relation qui nous lie.<\/p>\n<p>Vous pouvez exercer vos droits d&rsquo;acc\u00e8s, de rectification, de suppression, de portabilit\u00e9 des donn\u00e9es, de limitation ou d&rsquo;opposition en nous contactant par e-mail \u00e0 l&rsquo;adresse <strong><a target=\"_blank\" rel=\"noopener\">contact@kunakair.com<\/a><\/strong>.<\/p>\n<p>Si vous souhaitez recevoir des informations suppl\u00e9mentaires sur les traitements que nous effectuons de vos donn\u00e9es, contactez-nous par e-mail \u00e0 l&rsquo;adresse <strong><a target=\"_blank\" rel=\"noopener\">contact@kunakair.com<\/a><\/strong>.<\/p>\n<p>En cas de divergences, vous pouvez d\u00e9poser une r\u00e9clamation aupr\u00e8s de l&rsquo;Agence Espagnole de Protection des Donn\u00e9es (<strong><a href=\"http:\/\/www.aepd.es\" target=\"_new\" rel=\"noopener\">www.aepd.es<\/a><\/strong>).<\/p>\n<p>\u200b<\/p>\n<p>[\/et_pb_text][\/et_pb_column][\/et_pb_row][\/et_pb_section]<\/p>\n","protected":false},"excerpt":{"rendered":"<p>Politique de confidentialit\u00e9 et de protection des donn\u00e9esConform\u00e9ment \u00e0 l\u2019article 13 du R\u00e8glement (UE) 2016\/679 du Parlement Europ\u00e9en et du Conseil du 27 avril 2016, relatif au droit \u00e0 l\u2019information dont vous b\u00e9n\u00e9ficiez lorsque vous fournissez des donn\u00e9es personnelles, nous vous informons que celles-ci seront trait\u00e9es par Kunak Technologies, S.L., dont le si\u00e8ge social est [&hellip;]<\/p>\n","protected":false},"author":1,"featured_media":53438,"parent":0,"menu_order":0,"comment_status":"closed","ping_status":"closed","template":"","meta":{"_acf_changed":false,"_et_pb_use_builder":"on","_et_pb_old_content":"","_et_gb_content_width":"","footnotes":""},"class_list":["post-58070","page","type-page","status-publish","has-post-thumbnail","hentry"],"acf":[],"yoast_head":"<!-- This site is optimized with the Yoast SEO plugin v27.4 - https:\/\/yoast.com\/product\/yoast-seo-wordpress\/ -->\n<title>Politique de confidentialit\u00e9 et de protection des donn\u00e9es - Kunak<\/title>\n<meta name=\"robots\" content=\"noindex, nofollow\" \/>\n<meta property=\"og:locale\" content=\"fr_FR\" \/>\n<meta property=\"og:type\" content=\"article\" \/>\n<meta property=\"og:title\" content=\"Politique de confidentialit\u00e9 et de protection des donn\u00e9es - Kunak\" \/>\n<meta property=\"og:description\" content=\"Politique de confidentialit\u00e9 et de protection des donn\u00e9esConform\u00e9ment \u00e0 l\u2019article 13 du R\u00e8glement (UE) 2016\/679 du Parlement Europ\u00e9en et du Conseil du 27 avril 2016, relatif au droit \u00e0 l\u2019information dont vous b\u00e9n\u00e9ficiez lorsque vous fournissez des donn\u00e9es personnelles, nous vous informons que celles-ci seront trait\u00e9es par Kunak Technologies, S.L., dont le si\u00e8ge social est [&hellip;]\" \/>\n<meta property=\"og:url\" content=\"https:\/\/kunakair.com\/fr\/politique-de-confidentialite\/\" \/>\n<meta property=\"og:site_name\" content=\"Kunak\" \/>\n<meta property=\"article:publisher\" content=\"https:\/\/www.facebook.com\/KunakTechnologies\/\" \/>\n<meta property=\"article:modified_time\" content=\"2024-09-09T07:43:26+00:00\" \/>\n<meta property=\"og:image\" content=\"https:\/\/kunakair.com\/wp-content\/uploads\/2022\/12\/cabecera-puerto-1.jpg\" \/>\n\t<meta property=\"og:image:width\" content=\"1920\" \/>\n\t<meta property=\"og:image:height\" content=\"303\" \/>\n\t<meta property=\"og:image:type\" content=\"image\/jpeg\" \/>\n<meta name=\"twitter:card\" content=\"summary_large_image\" \/>\n<meta name=\"twitter:site\" content=\"@KunaK_sensing\" \/>\n<meta name=\"twitter:label1\" content=\"Dur\u00e9e de lecture estim\u00e9e\" \/>\n\t<meta name=\"twitter:data1\" content=\"2 minutes\" \/>\n<!-- \/ Yoast SEO plugin. -->","yoast_head_json":{"title":"Politique de confidentialit\u00e9 et de protection des donn\u00e9es - Kunak","robots":{"index":"noindex","follow":"nofollow"},"og_locale":"fr_FR","og_type":"article","og_title":"Politique de confidentialit\u00e9 et de protection des donn\u00e9es - Kunak","og_description":"Politique de confidentialit\u00e9 et de protection des donn\u00e9esConform\u00e9ment \u00e0 l\u2019article 13 du R\u00e8glement (UE) 2016\/679 du Parlement Europ\u00e9en et du Conseil du 27 avril 2016, relatif au droit \u00e0 l\u2019information dont vous b\u00e9n\u00e9ficiez lorsque vous fournissez des donn\u00e9es personnelles, nous vous informons que celles-ci seront trait\u00e9es par Kunak Technologies, S.L., dont le si\u00e8ge social est [&hellip;]","og_url":"https:\/\/kunakair.com\/fr\/politique-de-confidentialite\/","og_site_name":"Kunak","article_publisher":"https:\/\/www.facebook.com\/KunakTechnologies\/","article_modified_time":"2024-09-09T07:43:26+00:00","og_image":[{"width":1920,"height":303,"url":"https:\/\/kunakair.com\/wp-content\/uploads\/2022\/12\/cabecera-puerto-1.jpg","type":"image\/jpeg"}],"twitter_card":"summary_large_image","twitter_site":"@KunaK_sensing","twitter_misc":{"Dur\u00e9e de lecture estim\u00e9e":"2 minutes"},"schema":{"@context":"https:\/\/schema.org","@graph":[{"@type":"WebPage","@id":"https:\/\/kunakair.com\/fr\/politique-de-confidentialite\/","url":"https:\/\/kunakair.com\/fr\/politique-de-confidentialite\/","name":"Politique de confidentialit\u00e9 et de protection des donn\u00e9es - Kunak","isPartOf":{"@id":"https:\/\/kunakair.com\/fr\/#website"},"primaryImageOfPage":{"@id":"https:\/\/kunakair.com\/fr\/politique-de-confidentialite\/#primaryimage"},"image":{"@id":"https:\/\/kunakair.com\/fr\/politique-de-confidentialite\/#primaryimage"},"thumbnailUrl":"https:\/\/kunakair.com\/wp-content\/uploads\/2022\/12\/cabecera-puerto-1.jpg","datePublished":"2023-02-20T18:00:15+00:00","dateModified":"2024-09-09T07:43:26+00:00","breadcrumb":{"@id":"https:\/\/kunakair.com\/fr\/politique-de-confidentialite\/#breadcrumb"},"inLanguage":"fr-FR","potentialAction":[{"@type":"ReadAction","target":["https:\/\/kunakair.com\/fr\/politique-de-confidentialite\/"]}]},{"@type":"ImageObject","inLanguage":"fr-FR","@id":"https:\/\/kunakair.com\/fr\/politique-de-confidentialite\/#primaryimage","url":"https:\/\/kunakair.com\/wp-content\/uploads\/2022\/12\/cabecera-puerto-1.jpg","contentUrl":"https:\/\/kunakair.com\/wp-content\/uploads\/2022\/12\/cabecera-puerto-1.jpg","width":1920,"height":303},{"@type":"BreadcrumbList","@id":"https:\/\/kunakair.com\/fr\/politique-de-confidentialite\/#breadcrumb","itemListElement":[{"@type":"ListItem","position":1,"name":"Home","item":"https:\/\/kunakair.com\/fr\/"},{"@type":"ListItem","position":2,"name":"Politique de confidentialit\u00e9 et de protection des donn\u00e9es"}]},{"@type":"WebSite","@id":"https:\/\/kunakair.com\/fr\/#website","url":"https:\/\/kunakair.com\/fr\/","name":"KUNAK","description":"Sensing anywhere","publisher":{"@id":"https:\/\/kunakair.com\/fr\/#organization"},"alternateName":"Sensing anywhere","potentialAction":[{"@type":"SearchAction","target":{"@type":"EntryPoint","urlTemplate":"https:\/\/kunakair.com\/fr\/?s={search_term_string}"},"query-input":{"@type":"PropertyValueSpecification","valueRequired":true,"valueName":"search_term_string"}}],"inLanguage":"fr-FR"},{"@type":"Organization","@id":"https:\/\/kunakair.com\/fr\/#organization","name":"KUNAK","alternateName":"Sensing anywhere","url":"https:\/\/kunakair.com\/fr\/","logo":{"@type":"ImageObject","inLanguage":"fr-FR","@id":"https:\/\/kunakair.com\/fr\/#\/schema\/logo\/image\/","url":"https:\/\/kunakair.com\/wp-content\/uploads\/2022\/09\/logo-kunak-cuadrado.jpg","contentUrl":"https:\/\/kunakair.com\/wp-content\/uploads\/2022\/09\/logo-kunak-cuadrado.jpg","width":1000,"height":1000,"caption":"KUNAK"},"image":{"@id":"https:\/\/kunakair.com\/fr\/#\/schema\/logo\/image\/"},"sameAs":["https:\/\/www.facebook.com\/KunakTechnologies\/","https:\/\/x.com\/KunaK_sensing","https:\/\/www.linkedin.com\/company\/kunak\/","https:\/\/www.instagram.com\/kunak_technologies\/","https:\/\/www.youtube.com\/channel\/UC-suigTybwCW50od_rhTZxg"]}]}},"_links":{"self":[{"href":"https:\/\/kunakair.com\/fr\/wp-json\/wp\/v2\/pages\/58070","targetHints":{"allow":["GET"]}}],"collection":[{"href":"https:\/\/kunakair.com\/fr\/wp-json\/wp\/v2\/pages"}],"about":[{"href":"https:\/\/kunakair.com\/fr\/wp-json\/wp\/v2\/types\/page"}],"author":[{"embeddable":true,"href":"https:\/\/kunakair.com\/fr\/wp-json\/wp\/v2\/users\/1"}],"replies":[{"embeddable":true,"href":"https:\/\/kunakair.com\/fr\/wp-json\/wp\/v2\/comments?post=58070"}],"version-history":[{"count":5,"href":"https:\/\/kunakair.com\/fr\/wp-json\/wp\/v2\/pages\/58070\/revisions"}],"predecessor-version":[{"id":58111,"href":"https:\/\/kunakair.com\/fr\/wp-json\/wp\/v2\/pages\/58070\/revisions\/58111"}],"wp:featuredmedia":[{"embeddable":true,"href":"https:\/\/kunakair.com\/fr\/wp-json\/wp\/v2\/media\/53438"}],"wp:attachment":[{"href":"https:\/\/kunakair.com\/fr\/wp-json\/wp\/v2\/media?parent=58070"}],"curies":[{"name":"wp","href":"https:\/\/api.w.org\/{rel}","templated":true}]}}