{"id":58066,"date":"2023-02-16T13:25:53","date_gmt":"2023-02-16T11:25:53","guid":{"rendered":"https:\/\/kunakair.com\/cookies-policy\/"},"modified":"2024-09-09T10:53:59","modified_gmt":"2024-09-09T08:53:59","slug":"cookies-policy","status":"publish","type":"page","link":"https:\/\/kunakair.com\/fr\/politique-de-cookies\/","title":{"rendered":"Politique de cookies"},"content":{"rendered":"<p>[et_pb_section fb_built=\u00a0\u00bb1&Prime; admin_label=\u00a0\u00bbsection\u00a0\u00bb _builder_version=\u00a0\u00bb4.19.5&Prime; custom_padding=\u00a0\u00bb||||false|false\u00a0\u00bb da_disable_devices=\u00a0\u00bboff|off|off\u00a0\u00bb global_colors_info=\u00a0\u00bb{}\u00a0\u00bb da_is_popup=\u00a0\u00bboff\u00a0\u00bb da_exit_intent=\u00a0\u00bboff\u00a0\u00bb da_has_close=\u00a0\u00bbon\u00a0\u00bb da_alt_close=\u00a0\u00bboff\u00a0\u00bb da_dark_close=\u00a0\u00bboff\u00a0\u00bb da_not_modal=\u00a0\u00bbon\u00a0\u00bb da_is_singular=\u00a0\u00bboff\u00a0\u00bb da_with_loader=\u00a0\u00bboff\u00a0\u00bb da_has_shadow=\u00a0\u00bbon\u00a0\u00bb][et_pb_row admin_label=\u00a0\u00bbCookies policy\u00a0\u00bb _builder_version=\u00a0\u00bb4.19.5&Prime; custom_padding=\u00a0\u00bb||0px|||\u00a0\u00bb border_radii=\u00a0\u00bbon|10px|10px|10px|10px\u00a0\u00bb global_colors_info=\u00a0\u00bb{}\u00a0\u00bb][et_pb_column type=\u00a0\u00bb4_4&Prime; admin_label=\u00a0\u00bbColumn\u00a0\u00bb _builder_version=\u00a0\u00bb4.19.5&Prime; custom_padding=\u00a0\u00bb|||\u00a0\u00bb global_colors_info=\u00a0\u00bb{}\u00a0\u00bb custom_padding__hover=\u00a0\u00bb|||\u00a0\u00bb][et_pb_text admin_label=\u00a0\u00bbH2&Prime; _builder_version=\u00a0\u00bb4.27.0&Prime; _module_preset=\u00a0\u00bbdefault\u00a0\u00bb text_font=\u00a0\u00bbManrope||||||||\u00a0\u00bb text_font_size=\u00a0\u00bb25px\u00a0\u00bb text_line_height=\u00a0\u00bb1.2em\u00a0\u00bb header_font=\u00a0\u00bb||||||||\u00a0\u00bb header_text_align=\u00a0\u00bbcenter\u00a0\u00bb header_font_size=\u00a0\u00bb23px\u00a0\u00bb header_2_font=\u00a0\u00bb|700|||||||\u00a0\u00bb header_2_font_size=\u00a0\u00bb45px\u00a0\u00bb animation_direction=\u00a0\u00bbbottom\u00a0\u00bb text_font_size_tablet=\u00a0\u00bb35px\u00a0\u00bb text_font_size_phone=\u00a0\u00bb35px\u00a0\u00bb text_font_size_last_edited=\u00a0\u00bbon|tablet\u00a0\u00bb locked=\u00a0\u00bboff\u00a0\u00bb global_colors_info=\u00a0\u00bb{}\u00a0\u00bb]<\/p>\n<h2>Politique de cookies<\/h2>\n<p>[\/et_pb_text][et_pb_text admin_label=\u00a0\u00bbQu&rsquo;est-ce que les cookies ?\u00a0\u00bb _builder_version=\u00a0\u00bb4.27.0&Prime; _module_preset=\u00a0\u00bbdefault\u00a0\u00bb text_font=\u00a0\u00bbManrope||||||||\u00a0\u00bb text_font_size=\u00a0\u00bb25px\u00a0\u00bb text_line_height=\u00a0\u00bb1.2em\u00a0\u00bb header_font=\u00a0\u00bb||||||||\u00a0\u00bb header_text_align=\u00a0\u00bbcenter\u00a0\u00bb header_font_size=\u00a0\u00bb23px\u00a0\u00bb header_2_font=\u00a0\u00bb|700|||||||\u00a0\u00bb header_2_font_size=\u00a0\u00bb45px\u00a0\u00bb custom_margin=\u00a0\u00bb||9px|||\u00a0\u00bb animation_direction=\u00a0\u00bbbottom\u00a0\u00bb text_font_size_tablet=\u00a0\u00bb35px\u00a0\u00bb text_font_size_phone=\u00a0\u00bb35px\u00a0\u00bb text_font_size_last_edited=\u00a0\u00bbon|tablet\u00a0\u00bb locked=\u00a0\u00bboff\u00a0\u00bb global_colors_info=\u00a0\u00bb{}\u00a0\u00bb]<\/p>\n<h3>Qu&rsquo;est-ce que les cookies ?<\/h3>\n<p>[\/et_pb_text][et_pb_text admin_label=\u00a0\u00bbTexto\u00a0\u00bb _builder_version=\u00a0\u00bb4.27.0&Prime; _module_preset=\u00a0\u00bbdefault\u00a0\u00bb global_colors_info=\u00a0\u00bb{}\u00a0\u00bb]<\/p>\n<p>Un cookie est un fichier qui est t\u00e9l\u00e9charg\u00e9 sur votre ordinateur lorsque vous acc\u00e9dez \u00e0 certaines pages web. Les cookies permettent \u00e0 un site web, entre autres, de stocker et de r\u00e9cup\u00e9rer des informations sur les habitudes de navigation d&rsquo;un utilisateur ou de son appareil et, selon les informations qu&rsquo;ils contiennent et la mani\u00e8re dont votre appareil est utilis\u00e9, ils peuvent \u00eatre utilis\u00e9s pour reconna\u00eetre l&rsquo;utilisateur.<\/p>\n<p>[\/et_pb_text][et_pb_text admin_label=\u00a0\u00bbPourquoi ce site web utilise-t-il des cookies et quels types de cookies sont utilis\u00e9s ?\u00a0\u00bb _builder_version=\u00a0\u00bb4.27.0&Prime; _module_preset=\u00a0\u00bbdefault\u00a0\u00bb text_font=\u00a0\u00bbManrope||||||||\u00a0\u00bb text_font_size=\u00a0\u00bb25px\u00a0\u00bb text_line_height=\u00a0\u00bb1.2em\u00a0\u00bb header_font=\u00a0\u00bb||||||||\u00a0\u00bb header_text_align=\u00a0\u00bbcenter\u00a0\u00bb header_font_size=\u00a0\u00bb23px\u00a0\u00bb header_2_font=\u00a0\u00bb|700|||||||\u00a0\u00bb header_2_font_size=\u00a0\u00bb45px\u00a0\u00bb custom_margin=\u00a0\u00bb||9px|||\u00a0\u00bb custom_padding=\u00a0\u00bb||0px|||\u00a0\u00bb animation_direction=\u00a0\u00bbbottom\u00a0\u00bb text_font_size_tablet=\u00a0\u00bb35px\u00a0\u00bb text_font_size_phone=\u00a0\u00bb35px\u00a0\u00bb text_font_size_last_edited=\u00a0\u00bbon|tablet\u00a0\u00bb locked=\u00a0\u00bboff\u00a0\u00bb global_colors_info=\u00a0\u00bb{}\u00a0\u00bb]<\/p>\n<h3>Pourquoi ce site web utilise-t-il des cookies et quels types de cookies sont utilis\u00e9s ?<\/h3>\n<p>[\/et_pb_text][et_pb_text _builder_version=\u00a0\u00bb4.27.0&Prime; _module_preset=\u00a0\u00bbdefault\u00a0\u00bb global_colors_info=\u00a0\u00bb{}\u00a0\u00bb]<\/p>\n<p>Ce site web utilise des cookies pour diverses finalit\u00e9s, y compris :<\/p>\n<ul>\n<li><strong>Analyse :<\/strong> Ce sont des cookies qui, trait\u00e9s par nous ou par des tiers, nous permettent de quantifier le nombre d&rsquo;utilisateurs et ainsi de r\u00e9aliser la mesure et l&rsquo;analyse statistique de l&rsquo;utilisation faite par les utilisateurs du service. Pour cela, nous analysons votre navigation sur notre site web afin d&rsquo;am\u00e9liorer l&rsquo;exp\u00e9rience utilisateur.<\/li>\n<li>[Autres finalit\u00e9s]<\/li>\n<\/ul>\n<p>Voici le d\u00e9tail des cookies utilis\u00e9s sur ce site web :<\/p>\n<p>[\/et_pb_text][dvmd_table_maker tbl_column_header_count=\u00a0\u00bb0&Prime; tbl_row_footer_count=\u00a0\u00bb1&Prime; tbl_row_min_height=\u00a0\u00bb60px\u00a0\u00bb tbl_responsive_mode=\u00a0\u00bboff\u00a0\u00bb tbl_scrolling_active=\u00a0\u00bbon\u00a0\u00bb tbl_scrolling_row_sticky=\u00a0\u00bbon\u00a0\u00bb tbl_hover_active=\u00a0\u00bbhorz\u00a0\u00bb disabled_on=\u00a0\u00bbon|on|on\u00a0\u00bb _builder_version=\u00a0\u00bb4.27.0&Prime; _module_preset=\u00a0\u00bbdefault\u00a0\u00bb max_width=\u00a0\u00bb880px\u00a0\u00bb custom_margin=\u00a0\u00bb-1.5%||||false|false\u00a0\u00bb disabled=\u00a0\u00bbon\u00a0\u00bb locked=\u00a0\u00bboff\u00a0\u00bb global_colors_info=\u00a0\u00bb{}\u00a0\u00bb][dvmd_table_maker_item col_content=\u00a0\u00bbCookie<br \/>\ncookie_notice_accepted<br \/>\nwordpress_logged_in_%91hash%93<br \/>\nwordpress_%91hash%93<br \/>\n_icl_current_language<br \/>\n_icl_current_admin_language_%91hash%93<br \/>\n_ga<br \/>\n_gat<br \/>\n_gid<br \/>\nNID<br \/>\n1P_JAR\u00a0\u00bb col_column_max_width=\u00a0\u00bb33%\u00a0\u00bb col_tcell_cell_align_horz=\u00a0\u00bbcenter\u00a0\u00bb _builder_version=\u00a0\u00bb4.19.5&Prime; _module_preset=\u00a0\u00bbdefault\u00a0\u00bb global_colors_info=\u00a0\u00bb{}\u00a0\u00bb][\/dvmd_table_maker_item][dvmd_table_maker_item col_content=\u00a0\u00bbProprietary or Third-party<br \/>\nProprietary<br \/>\nProprietary<br \/>\nProprietary<br \/>\nThird party (WPML)<br \/>\nThird party (WPML)<br \/>\nThird party (Google Analytics)<br \/>\nThird party (Google Analytics)<br \/>\nThird party (Google Analytics)<br \/>\nThird party (Google Analytics)<br \/>\nThird party (Google Analytics)\u00a0\u00bb col_column_max_width=\u00a0\u00bb67%\u00a0\u00bb col_tcell_cell_align_horz=\u00a0\u00bbcenter\u00a0\u00bb _builder_version=\u00a0\u00bb4.19.5&Prime; _module_preset=\u00a0\u00bbdefault\u00a0\u00bb global_colors_info=\u00a0\u00bb{}\u00a0\u00bb][\/dvmd_table_maker_item][dvmd_table_maker_item col_content=\u00a0\u00bbType<br \/>\nNecessary<br \/>\nNecessary<br \/>\nNecessary<br \/>\nNecessary<br \/>\nNecessary<br \/>\nStatistical<br \/>\nStatistical<br \/>\nStatistical<br \/>\nStatistical<br \/>\nStatistical\u00a0\u00bb col_column_max_width=\u00a0\u00bb67%\u00a0\u00bb col_tcell_cell_align_horz=\u00a0\u00bbcenter\u00a0\u00bb _builder_version=\u00a0\u00bb4.19.5&Prime; _module_preset=\u00a0\u00bbdefault\u00a0\u00bb global_colors_info=\u00a0\u00bb{}\u00a0\u00bb][\/dvmd_table_maker_item][dvmd_table_maker_item col_content=\u00a0\u00bbPurpose<br \/>\nPersistent (1 year)<br \/>\nSession<br \/>\nSession<br \/>\nSession<br \/>\nSession<br \/>\nPersistent (2 years)<br \/>\nPersistent (1 minute)<br \/>\nPersistent (24 hours)<br \/>\nPersistent (6 months)<br \/>\nPersistent (1 week)\u00a0\u00bb col_column_max_width=\u00a0\u00bb67%\u00a0\u00bb col_tcell_cell_align_horz=\u00a0\u00bbcenter\u00a0\u00bb _builder_version=\u00a0\u00bb4.19.5&Prime; _module_preset=\u00a0\u00bbdefault\u00a0\u00bb global_colors_info=\u00a0\u00bb{}\u00a0\u00bb][\/dvmd_table_maker_item][dvmd_table_maker_item col_content=\u00a0\u00bbMore information<br \/>\nThis cookie remembers if the warning message about cookies has been accepted, to stop showing it during the time it is active.<br \/>\nAfter login, wordpress sets the wordpress_logged_in_%91hash%93 cookie, which indicates when you\u2019re logged in, and who you are, for most interface use.<br \/>\nOn login, wordpress uses this cookie to store your authentication details. Its use is limited to the admin console area.<br \/>\nThis is used to identify your preference of language.<br \/>\nUsed to store your language preference.  Maintains the language setting of the page.<br \/>\nThis is used to distinguish unique users.<br \/>\nUsed to limit the percentage of requests. If you have  implemented Google Analytics using Google Tag Manager, this cookie will be called _dc_gtm_.<br \/>\nThis is used to distinguish unique users.<br \/>\nA unique identifier used by Google applications to store information about your preferences.<br \/>\nIt is used to transfer data to Google.\u00a0\u00bb col_column_max_width=\u00a0\u00bb67%\u00a0\u00bb col_tcell_cell_align_horz=\u00a0\u00bbcenter\u00a0\u00bb _builder_version=\u00a0\u00bb4.19.5&Prime; _module_preset=\u00a0\u00bbdefault\u00a0\u00bb global_colors_info=\u00a0\u00bb{}\u00a0\u00bb][\/dvmd_table_maker_item][\/dvmd_table_maker][et_pb_code _builder_version=\u00a0\u00bb4.27.0&Prime; _module_preset=\u00a0\u00bbdefault\u00a0\u00bb global_colors_info=\u00a0\u00bb{}\u00a0\u00bb]<\/p>\n<table><!-- [et_pb_line_break_holder] -->  <\/p>\n<thead><!-- [et_pb_line_break_holder] -->    <\/p>\n<tr><!-- [et_pb_line_break_holder] -->      <\/p>\n<th>Cookie<\/th>\n<p><!-- [et_pb_line_break_holder] -->      <\/p>\n<th>Propre ou tiers<\/th>\n<p><!-- [et_pb_line_break_holder] -->      <\/p>\n<th>Type<\/th>\n<p><!-- [et_pb_line_break_holder] -->      <\/p>\n<th>But<\/th>\n<p><!-- [et_pb_line_break_holder] -->      <\/p>\n<th>Plus d&rsquo;informations<\/th>\n<p><!-- [et_pb_line_break_holder] -->    <\/tr>\n<p><!-- [et_pb_line_break_holder] -->  <\/thead>\n<p><!-- [et_pb_line_break_holder] -->  <\/p>\n<tbody><!-- [et_pb_line_break_holder] -->    <\/p>\n<tr><!-- [et_pb_line_break_holder] -->      <\/p>\n<td>cookie_notice_accepted<\/td>\n<p><!-- [et_pb_line_break_holder] -->      <\/p>\n<td>Propre<\/td>\n<p><!-- [et_pb_line_break_holder] -->      <\/p>\n<td>N\u00e9cessaire<\/td>\n<p><!-- [et_pb_line_break_holder] -->      <\/p>\n<td>Persistant (1 an) : Ce cookie se souvient si le message d&rsquo;avertissement sur les cookies a \u00e9t\u00e9 accept\u00e9.<\/td>\n<p><!-- [et_pb_line_break_holder] -->      <\/p>\n<td><\/td>\n<p><!-- [et_pb_line_break_holder] -->    <\/tr>\n<p><!-- [et_pb_line_break_holder] -->    <\/p>\n<tr><!-- [et_pb_line_break_holder] -->      <\/p>\n<td>wordpress_logged_in_[hash]<\/td>\n<p><!-- [et_pb_line_break_holder] -->      <\/p>\n<td>Propre<\/td>\n<p><!-- [et_pb_line_break_holder] -->      <\/p>\n<td>N\u00e9cessaire<\/td>\n<p><!-- [et_pb_line_break_holder] -->      <\/p>\n<td>Session : Apr\u00e8s la connexion, WordPress active le cookie wordpress_logged_in [hash], utilis\u00e9 pour l&rsquo;interface.<\/td>\n<p><!-- [et_pb_line_break_holder] -->      <\/p>\n<td><\/td>\n<p><!-- [et_pb_line_break_holder] -->    <\/tr>\n<p><!-- [et_pb_line_break_holder] -->    <\/p>\n<tr><!-- [et_pb_line_break_holder] -->      <\/p>\n<td>wordpress_[hash]<\/td>\n<p><!-- [et_pb_line_break_holder] -->      <\/p>\n<td>Propre<\/td>\n<p><!-- [et_pb_line_break_holder] -->      <\/p>\n<td>N\u00e9cessaire<\/td>\n<p><!-- [et_pb_line_break_holder] -->      <\/p>\n<td>Session : Activ\u00e9 lors de la connexion, stocke les d\u00e9tails d&rsquo;authentification.<\/td>\n<p><!-- [et_pb_line_break_holder] -->      <\/p>\n<td><\/td>\n<p><!-- [et_pb_line_break_holder] -->    <\/tr>\n<p><!-- [et_pb_line_break_holder] -->    <\/p>\n<tr><!-- [et_pb_line_break_holder] -->      <\/p>\n<td>_icl_current_language<\/td>\n<p><!-- [et_pb_line_break_holder] -->      <\/p>\n<td>Tiers (WPML)<\/td>\n<p><!-- [et_pb_line_break_holder] -->      <\/p>\n<td>N\u00e9cessaire<\/td>\n<p><!-- [et_pb_line_break_holder] -->      <\/p>\n<td>Session : Identifie la langue de l&rsquo;utilisateur.<\/td>\n<p><!-- [et_pb_line_break_holder] -->      <\/p>\n<td><\/td>\n<p><!-- [et_pb_line_break_holder] -->    <\/tr>\n<p><!-- [et_pb_line_break_holder] -->    <\/p>\n<tr><!-- [et_pb_line_break_holder] -->      <\/p>\n<td>_icl_current_admin_language_[hash]<\/td>\n<p><!-- [et_pb_line_break_holder] -->      <\/p>\n<td>Tiers (WPML)<\/td>\n<p><!-- [et_pb_line_break_holder] -->      <\/p>\n<td>N\u00e9cessaire<\/td>\n<p><!-- [et_pb_line_break_holder] -->      <\/p>\n<td>Session : M\u00e9morise la langue de l&rsquo;utilisateur pour maintenir la configuration linguistique.<\/td>\n<p><!-- [et_pb_line_break_holder] -->      <\/p>\n<td><\/td>\n<p><!-- [et_pb_line_break_holder] -->    <\/tr>\n<p><!-- [et_pb_line_break_holder] -->    <\/p>\n<tr><!-- [et_pb_line_break_holder] -->      <\/p>\n<td>_ga<\/td>\n<p><!-- [et_pb_line_break_holder] -->      <\/p>\n<td>Tiers (Google Analytics)<\/td>\n<p><!-- [et_pb_line_break_holder] -->      <\/p>\n<td>Statistique<\/td>\n<p><!-- [et_pb_line_break_holder] -->      <\/p>\n<td>Persistant (2 ans) : Utilis\u00e9 pour distinguer les utilisateurs.<\/td>\n<p><!-- [et_pb_line_break_holder] -->      <\/p>\n<td><\/td>\n<p><!-- [et_pb_line_break_holder] -->    <\/tr>\n<p><!-- [et_pb_line_break_holder] -->    <\/p>\n<tr><!-- [et_pb_line_break_holder] -->      <\/p>\n<td>_gat<\/td>\n<p><!-- [et_pb_line_break_holder] -->      <\/p>\n<td>Tiers (Google Analytics)<\/td>\n<p><!-- [et_pb_line_break_holder] -->      <\/p>\n<td>Statistique<\/td>\n<p><!-- [et_pb_line_break_holder] -->      <\/p>\n<td>Persistant (1 minute) : Limite le taux de demandes.<\/td>\n<p><!-- [et_pb_line_break_holder] -->      <\/p>\n<td><\/td>\n<p><!-- [et_pb_line_break_holder] -->    <\/tr>\n<p><!-- [et_pb_line_break_holder] -->    <\/p>\n<tr><!-- [et_pb_line_break_holder] -->      <\/p>\n<td>_gid<\/td>\n<p><!-- [et_pb_line_break_holder] -->      <\/p>\n<td>Tiers (Google Analytics)<\/td>\n<p><!-- [et_pb_line_break_holder] -->      <\/p>\n<td>Statistique<\/td>\n<p><!-- [et_pb_line_break_holder] -->      <\/p>\n<td>Persistant (24 heures) : Utilis\u00e9 pour distinguer les utilisateurs.<\/td>\n<p><!-- [et_pb_line_break_holder] -->      <\/p>\n<td><\/td>\n<p><!-- [et_pb_line_break_holder] -->    <\/tr>\n<p><!-- [et_pb_line_break_holder] -->    <\/p>\n<tr><!-- [et_pb_line_break_holder] -->      <\/p>\n<td>NID<\/td>\n<p><!-- [et_pb_line_break_holder] -->      <\/p>\n<td>Tiers (Google Analytics)<\/td>\n<p><!-- [et_pb_line_break_holder] -->      <\/p>\n<td>Statistique<\/td>\n<p><!-- [et_pb_line_break_holder] -->      <\/p>\n<td>Persistant (6 mois) : Identifiant unique pour stocker des informations sur les pr\u00e9f\u00e9rences de l&rsquo;utilisateur.<\/td>\n<p><!-- [et_pb_line_break_holder] -->      <\/p>\n<td><\/td>\n<p><!-- [et_pb_line_break_holder] -->    <\/tr>\n<p><!-- [et_pb_line_break_holder] -->    <\/p>\n<tr><!-- [et_pb_line_break_holder] -->      <\/p>\n<td>1P_JAR<\/td>\n<p><!-- [et_pb_line_break_holder] -->      <\/p>\n<td>Tiers (Google Analytics)<\/td>\n<p><!-- [et_pb_line_break_holder] -->      <\/p>\n<td>Statistique<\/td>\n<p><!-- [et_pb_line_break_holder] -->      <\/p>\n<td>Persistant (1 semaine) : Transf\u00e8re des donn\u00e9es \u00e0 Google.<\/td>\n<p><!-- [et_pb_line_break_holder] -->      <\/p>\n<td><\/td>\n<p><!-- [et_pb_line_break_holder] -->    <\/tr>\n<p><!-- [et_pb_line_break_holder] -->  <\/tbody>\n<p><!-- [et_pb_line_break_holder] --><\/table>\n<p><!-- [et_pb_line_break_holder] -->[\/et_pb_code][et_pb_text admin_label=\u00a0\u00bbText\u00a0\u00bb _builder_version=\u00a0\u00bb4.27.0&Prime; _module_preset=\u00a0\u00bbdefault\u00a0\u00bb custom_padding=\u00a0\u00bb||0px|||\u00a0\u00bb global_colors_info=\u00a0\u00bb{}\u00a0\u00bb]<\/p>\n<p>Remarque : Les cookies \u00ab Propres \u00bb sont utilis\u00e9s uniquement par le propri\u00e9taire de ce site web, et les cookies \u00ab Tiers \u00bb sont \u00e9galement utilis\u00e9s par le prestataire du service mentionn\u00e9 dans le tableau ci-dessus.<\/p>\n<p>[\/et_pb_text][et_pb_text admin_label=\u00a0\u00bbComment d\u00e9sactiver ou supprimer ces cookies ?\u00a0\u00bb _builder_version=\u00a0\u00bb4.27.0&Prime; _module_preset=\u00a0\u00bbdefault\u00a0\u00bb text_font=\u00a0\u00bbManrope||||||||\u00a0\u00bb text_font_size=\u00a0\u00bb25px\u00a0\u00bb text_line_height=\u00a0\u00bb1.2em\u00a0\u00bb header_font=\u00a0\u00bb||||||||\u00a0\u00bb header_text_align=\u00a0\u00bbcenter\u00a0\u00bb header_font_size=\u00a0\u00bb23px\u00a0\u00bb header_2_font=\u00a0\u00bb|700|||||||\u00a0\u00bb header_2_font_size=\u00a0\u00bb45px\u00a0\u00bb custom_margin=\u00a0\u00bb-19px||9px|||\u00a0\u00bb animation_direction=\u00a0\u00bbbottom\u00a0\u00bb text_font_size_tablet=\u00a0\u00bb35px\u00a0\u00bb text_font_size_phone=\u00a0\u00bb35px\u00a0\u00bb text_font_size_last_edited=\u00a0\u00bbon|tablet\u00a0\u00bb locked=\u00a0\u00bboff\u00a0\u00bb global_colors_info=\u00a0\u00bb{}\u00a0\u00bb]<\/p>\n<h3>Comment d\u00e9sactiver ou supprimer ces cookies ?<\/h3>\n<p>[\/et_pb_text][et_pb_text admin_label=\u00a0\u00bbText\u00a0\u00bb _builder_version=\u00a0\u00bb4.27.0&Prime; _module_preset=\u00a0\u00bbdefault\u00a0\u00bb custom_padding=\u00a0\u00bb||0px|||\u00a0\u00bb global_colors_info=\u00a0\u00bb{}\u00a0\u00bb]<\/p>\n<p>Vous pouvez autoriser, bloquer ou supprimer les cookies install\u00e9s sur votre appareil en configurant les options de votre navigateur.<\/p>\n<ul>\n<li><strong>Firefox :<\/strong> <a href=\"http:\/\/support.mozilla.org\/es\/kb\/habilitar-y-deshabilitar-cookies-que-los-sitios-we\" target=\"_new\" rel=\"noopener\">http:\/\/support.mozilla.org\/es\/kb\/habilitar-y-deshabilitar-cookies-que-los-sitios-we<\/a><\/li>\n<li><strong>Chrome :<\/strong> <a href=\"https:\/\/support.google.com\/chrome\/answer\/95647?hl=es\" target=\"_new\" rel=\"noopener\">https:\/\/support.google.com\/chrome\/answer\/95647?hl=es<\/a><\/li>\n<li><strong>Explorer :<\/strong> <a href=\"http:\/\/support.google.com\/chrome\/bin\/answer.py?hl=es&amp;answer=95647\" target=\"_new\" rel=\"noopener\">http:\/\/support.google.com\/chrome\/bin\/answer.py?hl=es&amp;answer=95647<\/a><\/li>\n<li><strong>Safari : <\/strong><a target=\"_blank\" href=\"https:\/\/support.apple.com\/es-es\/guide\/safari\/sfri11471\/mac\">https:\/\/support.apple.com\/es-es\/guide\/safari\/sfri11471\/mac<\/a><\/li>\n<li><strong>Opera :<\/strong> <a target=\"_blank\" href=\"https:\/\/help.opera.com\/en\/latest\/web-preferences\/#cookies\">https:\/\/help.opera.com\/en\/latest\/web-preferences\/#cookies<\/a><\/li>\n<li><strong>Autres navigateurs :<\/strong> Consultez la documentation du navigateur install\u00e9.<\/li>\n<\/ul>\n<p>[\/et_pb_text][\/et_pb_column][\/et_pb_row][\/et_pb_section]<\/p>\n","protected":false},"excerpt":{"rendered":"<p>Politique de cookiesQu&rsquo;est-ce que les cookies ?Un cookie est un fichier qui est t\u00e9l\u00e9charg\u00e9 sur votre ordinateur lorsque vous acc\u00e9dez \u00e0 certaines pages web. Les cookies permettent \u00e0 un site web, entre autres, de stocker et de r\u00e9cup\u00e9rer des informations sur les habitudes de navigation d&rsquo;un utilisateur ou de son appareil et, selon les informations [&hellip;]<\/p>\n","protected":false},"author":1,"featured_media":53307,"parent":0,"menu_order":0,"comment_status":"closed","ping_status":"closed","template":"","meta":{"_acf_changed":false,"_et_pb_use_builder":"on","_et_pb_old_content":"","_et_gb_content_width":"","footnotes":""},"class_list":["post-58066","page","type-page","status-publish","has-post-thumbnail","hentry"],"acf":[],"yoast_head":"<!-- This site is optimized with the Yoast SEO plugin v27.4 - https:\/\/yoast.com\/product\/yoast-seo-wordpress\/ -->\n<title>Politique de cookies - Kunak<\/title>\n<meta name=\"robots\" content=\"noindex, nofollow\" \/>\n<meta property=\"og:locale\" content=\"fr_FR\" \/>\n<meta property=\"og:type\" content=\"article\" \/>\n<meta property=\"og:title\" content=\"Politique de cookies - Kunak\" \/>\n<meta property=\"og:description\" content=\"Politique de cookiesQu&#039;est-ce que les cookies ?Un cookie est un fichier qui est t\u00e9l\u00e9charg\u00e9 sur votre ordinateur lorsque vous acc\u00e9dez \u00e0 certaines pages web. Les cookies permettent \u00e0 un site web, entre autres, de stocker et de r\u00e9cup\u00e9rer des informations sur les habitudes de navigation d&#039;un utilisateur ou de son appareil et, selon les informations [&hellip;]\" \/>\n<meta property=\"og:url\" content=\"https:\/\/kunakair.com\/fr\/politique-de-cookies\/\" \/>\n<meta property=\"og:site_name\" content=\"Kunak\" \/>\n<meta property=\"article:publisher\" content=\"https:\/\/www.facebook.com\/KunakTechnologies\/\" \/>\n<meta property=\"article:modified_time\" content=\"2024-09-09T08:53:59+00:00\" \/>\n<meta property=\"og:image\" content=\"https:\/\/kunakair.com\/wp-content\/uploads\/2022\/12\/cabecera-puerto.jpg\" \/>\n\t<meta property=\"og:image:width\" content=\"1920\" \/>\n\t<meta property=\"og:image:height\" content=\"303\" \/>\n\t<meta property=\"og:image:type\" content=\"image\/jpeg\" \/>\n<meta name=\"twitter:card\" content=\"summary_large_image\" \/>\n<meta name=\"twitter:site\" content=\"@KunaK_sensing\" \/>\n<meta name=\"twitter:label1\" content=\"Dur\u00e9e de lecture estim\u00e9e\" \/>\n\t<meta name=\"twitter:data1\" content=\"2 minutes\" \/>\n<!-- \/ Yoast SEO plugin. -->","yoast_head_json":{"title":"Politique de cookies - Kunak","robots":{"index":"noindex","follow":"nofollow"},"og_locale":"fr_FR","og_type":"article","og_title":"Politique de cookies - Kunak","og_description":"Politique de cookiesQu'est-ce que les cookies ?Un cookie est un fichier qui est t\u00e9l\u00e9charg\u00e9 sur votre ordinateur lorsque vous acc\u00e9dez \u00e0 certaines pages web. Les cookies permettent \u00e0 un site web, entre autres, de stocker et de r\u00e9cup\u00e9rer des informations sur les habitudes de navigation d'un utilisateur ou de son appareil et, selon les informations [&hellip;]","og_url":"https:\/\/kunakair.com\/fr\/politique-de-cookies\/","og_site_name":"Kunak","article_publisher":"https:\/\/www.facebook.com\/KunakTechnologies\/","article_modified_time":"2024-09-09T08:53:59+00:00","og_image":[{"width":1920,"height":303,"url":"https:\/\/kunakair.com\/wp-content\/uploads\/2022\/12\/cabecera-puerto.jpg","type":"image\/jpeg"}],"twitter_card":"summary_large_image","twitter_site":"@KunaK_sensing","twitter_misc":{"Dur\u00e9e de lecture estim\u00e9e":"2 minutes"},"schema":{"@context":"https:\/\/schema.org","@graph":[{"@type":"WebPage","@id":"https:\/\/kunakair.com\/fr\/politique-de-cookies\/","url":"https:\/\/kunakair.com\/fr\/politique-de-cookies\/","name":"Politique de cookies - Kunak","isPartOf":{"@id":"https:\/\/kunakair.com\/fr\/#website"},"primaryImageOfPage":{"@id":"https:\/\/kunakair.com\/fr\/politique-de-cookies\/#primaryimage"},"image":{"@id":"https:\/\/kunakair.com\/fr\/politique-de-cookies\/#primaryimage"},"thumbnailUrl":"https:\/\/kunakair.com\/wp-content\/uploads\/2022\/12\/cabecera-puerto.jpg","datePublished":"2023-02-16T11:25:53+00:00","dateModified":"2024-09-09T08:53:59+00:00","breadcrumb":{"@id":"https:\/\/kunakair.com\/fr\/politique-de-cookies\/#breadcrumb"},"inLanguage":"fr-FR","potentialAction":[{"@type":"ReadAction","target":["https:\/\/kunakair.com\/fr\/politique-de-cookies\/"]}]},{"@type":"ImageObject","inLanguage":"fr-FR","@id":"https:\/\/kunakair.com\/fr\/politique-de-cookies\/#primaryimage","url":"https:\/\/kunakair.com\/wp-content\/uploads\/2022\/12\/cabecera-puerto.jpg","contentUrl":"https:\/\/kunakair.com\/wp-content\/uploads\/2022\/12\/cabecera-puerto.jpg","width":1920,"height":303},{"@type":"BreadcrumbList","@id":"https:\/\/kunakair.com\/fr\/politique-de-cookies\/#breadcrumb","itemListElement":[{"@type":"ListItem","position":1,"name":"Home","item":"https:\/\/kunakair.com\/fr\/"},{"@type":"ListItem","position":2,"name":"Politique de cookies"}]},{"@type":"WebSite","@id":"https:\/\/kunakair.com\/fr\/#website","url":"https:\/\/kunakair.com\/fr\/","name":"KUNAK","description":"Sensing anywhere","publisher":{"@id":"https:\/\/kunakair.com\/fr\/#organization"},"alternateName":"Sensing anywhere","potentialAction":[{"@type":"SearchAction","target":{"@type":"EntryPoint","urlTemplate":"https:\/\/kunakair.com\/fr\/?s={search_term_string}"},"query-input":{"@type":"PropertyValueSpecification","valueRequired":true,"valueName":"search_term_string"}}],"inLanguage":"fr-FR"},{"@type":"Organization","@id":"https:\/\/kunakair.com\/fr\/#organization","name":"KUNAK","alternateName":"Sensing anywhere","url":"https:\/\/kunakair.com\/fr\/","logo":{"@type":"ImageObject","inLanguage":"fr-FR","@id":"https:\/\/kunakair.com\/fr\/#\/schema\/logo\/image\/","url":"https:\/\/kunakair.com\/wp-content\/uploads\/2022\/09\/logo-kunak-cuadrado.jpg","contentUrl":"https:\/\/kunakair.com\/wp-content\/uploads\/2022\/09\/logo-kunak-cuadrado.jpg","width":1000,"height":1000,"caption":"KUNAK"},"image":{"@id":"https:\/\/kunakair.com\/fr\/#\/schema\/logo\/image\/"},"sameAs":["https:\/\/www.facebook.com\/KunakTechnologies\/","https:\/\/x.com\/KunaK_sensing","https:\/\/www.linkedin.com\/company\/kunak\/","https:\/\/www.instagram.com\/kunak_technologies\/","https:\/\/www.youtube.com\/channel\/UC-suigTybwCW50od_rhTZxg"]}]}},"_links":{"self":[{"href":"https:\/\/kunakair.com\/fr\/wp-json\/wp\/v2\/pages\/58066","targetHints":{"allow":["GET"]}}],"collection":[{"href":"https:\/\/kunakair.com\/fr\/wp-json\/wp\/v2\/pages"}],"about":[{"href":"https:\/\/kunakair.com\/fr\/wp-json\/wp\/v2\/types\/page"}],"author":[{"embeddable":true,"href":"https:\/\/kunakair.com\/fr\/wp-json\/wp\/v2\/users\/1"}],"replies":[{"embeddable":true,"href":"https:\/\/kunakair.com\/fr\/wp-json\/wp\/v2\/comments?post=58066"}],"version-history":[{"count":10,"href":"https:\/\/kunakair.com\/fr\/wp-json\/wp\/v2\/pages\/58066\/revisions"}],"predecessor-version":[{"id":58145,"href":"https:\/\/kunakair.com\/fr\/wp-json\/wp\/v2\/pages\/58066\/revisions\/58145"}],"wp:featuredmedia":[{"embeddable":true,"href":"https:\/\/kunakair.com\/fr\/wp-json\/wp\/v2\/media\/53307"}],"wp:attachment":[{"href":"https:\/\/kunakair.com\/fr\/wp-json\/wp\/v2\/media?parent=58066"}],"curies":[{"name":"wp","href":"https:\/\/api.w.org\/{rel}","templated":true}]}}