{"id":57444,"date":"2023-01-04T22:29:04","date_gmt":"2023-01-04T20:29:04","guid":{"rendered":"https:\/\/kunakair.com\/sectors\/"},"modified":"2024-09-06T11:51:16","modified_gmt":"2024-09-06T09:51:16","slug":"sectors","status":"publish","type":"page","link":"https:\/\/kunakair.com\/fr\/secteurs\/","title":{"rendered":"Secteurs"},"content":{"rendered":"<p>[et_pb_section fb_built=\u00a0\u00bb1&Prime; admin_label=\u00a0\u00bbBreadcrumbs\u00a0\u00bb _builder_version=\u00a0\u00bb4.19.2&Prime; _module_preset=\u00a0\u00bbdefault\u00a0\u00bb custom_padding=\u00a0\u00bb0px||0px||true|false\u00a0\u00bb da_disable_devices=\u00a0\u00bboff|off|off\u00a0\u00bb locked=\u00a0\u00bboff\u00a0\u00bb global_colors_info=\u00a0\u00bb{}\u00a0\u00bb da_is_popup=\u00a0\u00bboff\u00a0\u00bb da_exit_intent=\u00a0\u00bboff\u00a0\u00bb da_has_close=\u00a0\u00bbon\u00a0\u00bb da_alt_close=\u00a0\u00bboff\u00a0\u00bb da_dark_close=\u00a0\u00bboff\u00a0\u00bb da_not_modal=\u00a0\u00bbon\u00a0\u00bb da_is_singular=\u00a0\u00bboff\u00a0\u00bb da_with_loader=\u00a0\u00bboff\u00a0\u00bb da_has_shadow=\u00a0\u00bbon\u00a0\u00bb][et_pb_row _builder_version=\u00a0\u00bb4.19.2&Prime; _module_preset=\u00a0\u00bbdefault\u00a0\u00bb custom_padding=\u00a0\u00bb12px||12px||true|false\u00a0\u00bb global_colors_info=\u00a0\u00bb{}\u00a0\u00bb][et_pb_column type=\u00a0\u00bb4_4&Prime; _builder_version=\u00a0\u00bb4.19.2&Prime; _module_preset=\u00a0\u00bbdefault\u00a0\u00bb global_colors_info=\u00a0\u00bb{}\u00a0\u00bb][et_pb_text module_class=\u00a0\u00bbbreadcrumbs\u00a0\u00bb _builder_version=\u00a0\u00bb4.19.2&Prime; _module_preset=\u00a0\u00bbdefault\u00a0\u00bb text_font=\u00a0\u00bbManrope|||on|||||\u00a0\u00bb text_text_color=\u00a0\u00bbgcid-45617b03-60fd-49ec-b901-8322915a832a\u00a0\u00bb text_font_size=\u00a0\u00bb12px\u00a0\u00bb text_letter_spacing=\u00a0\u00bb0.3px\u00a0\u00bb link_text_color=\u00a0\u00bbgcid-45617b03-60fd-49ec-b901-8322915a832a\u00a0\u00bb hover_enabled=\u00a0\u00bb0&Prime; global_colors_info=\u00a0\u00bb{%22gcid-45617b03-60fd-49ec-b901-8322915a832a%22:%91%22text_text_color%22,%22link_text_color%22%93}\u00a0\u00bb text_text_color__hover_enabled=\u00a0\u00bboff|desktop\u00a0\u00bb link_text_color__hover_enabled=\u00a0\u00bbon|desktop\u00a0\u00bb link_text_color__hover=\u00a0\u00bbrgba(0,117,201,0.7)\u00a0\u00bb sticky_enabled=\u00a0\u00bb0&Prime;]<ol class=\"kunak-breadcrumbs\" itemscope itemtype=\"http:\/\/schema.org\/BreadcrumbList\"><li itemprop=\"itemListElement\" itemscope itemtype=\"http:\/\/schema.org\/ListItem\"><a itemprop=\"item\" href=\"https:\/\/kunakair.com\/fr\/\" itemprop=\"item\"><span itemprop=\"name\">Accueil<\/span><\/a><meta itemprop=\"position\" content=\"1\"><\/li><\/ol>[\/et_pb_text][\/et_pb_column][\/et_pb_row][\/et_pb_section][et_pb_section fb_built=\u00a0\u00bb1&Prime; custom_padding_last_edited=\u00a0\u00bbon|tablet\u00a0\u00bb admin_label=\u00a0\u00bbIntro + Sectores\u00a0\u00bb _builder_version=\u00a0\u00bb4.19.5&Prime; _module_preset=\u00a0\u00bbdefault\u00a0\u00bb background_enable_image=\u00a0\u00bboff\u00a0\u00bb background_size=\u00a0\u00bbinitial\u00a0\u00bb background_position=\u00a0\u00bbcenter_left\u00a0\u00bb custom_padding=\u00a0\u00bb||40px||false|false\u00a0\u00bb custom_padding_tablet=\u00a0\u00bb||20px||false|false\u00a0\u00bb custom_padding_phone=\u00a0\u00bb||20px||false|false\u00a0\u00bb da_disable_devices=\u00a0\u00bboff|off|off\u00a0\u00bb locked=\u00a0\u00bboff\u00a0\u00bb global_colors_info=\u00a0\u00bb{}\u00a0\u00bb da_is_popup=\u00a0\u00bboff\u00a0\u00bb da_exit_intent=\u00a0\u00bboff\u00a0\u00bb da_has_close=\u00a0\u00bbon\u00a0\u00bb da_alt_close=\u00a0\u00bboff\u00a0\u00bb da_dark_close=\u00a0\u00bboff\u00a0\u00bb da_not_modal=\u00a0\u00bbon\u00a0\u00bb da_is_singular=\u00a0\u00bboff\u00a0\u00bb da_with_loader=\u00a0\u00bboff\u00a0\u00bb da_has_shadow=\u00a0\u00bbon\u00a0\u00bb][et_pb_row column_structure=\u00a0\u00bb1_3,2_3&Prime; admin_label=\u00a0\u00bbSectors\u00a0\u00bb _builder_version=\u00a0\u00bb4.19.5&Prime; _module_preset=\u00a0\u00bbdefault\u00a0\u00bb global_colors_info=\u00a0\u00bb{}\u00a0\u00bb][et_pb_column type=\u00a0\u00bb1_3&Prime; _builder_version=\u00a0\u00bb4.19.5&Prime; _module_preset=\u00a0\u00bbdefault\u00a0\u00bb global_colors_info=\u00a0\u00bb{}\u00a0\u00bb][et_pb_image src=\u00a0\u00bbhttps:\/\/kunakair.com\/wp-content\/uploads\/2022\/12\/punteado.svg\u00a0\u00bb alt=\u00a0\u00bbImagen de recurso\u00a0\u00bb title_text=\u00a0\u00bbPunteado\u00a0\u00bb admin_label=\u00a0\u00bbPunteado\u00a0\u00bb _builder_version=\u00a0\u00bb4.19.2&Prime; _module_preset=\u00a0\u00bbdefault\u00a0\u00bb positioning=\u00a0\u00bbabsolute\u00a0\u00bb vertical_offset=\u00a0\u00bb-40px\u00a0\u00bb horizontal_offset=\u00a0\u00bb-65px\u00a0\u00bb z_index=\u00a0\u00bb-1&Prime; hover_enabled=\u00a0\u00bb0&Prime; global_colors_info=\u00a0\u00bb{}\u00a0\u00bb sticky_enabled=\u00a0\u00bb0&Prime;][\/et_pb_image][et_pb_text admin_label=\u00a0\u00bbH2 Sectors\u00a0\u00bb _builder_version=\u00a0\u00bb4.27.0&Prime; _module_preset=\u00a0\u00bbdefault\u00a0\u00bb text_font=\u00a0\u00bb|800|||||||\u00a0\u00bb text_text_color=\u00a0\u00bbgcid-45617b03-60fd-49ec-b901-8322915a832a\u00a0\u00bb text_font_size=\u00a0\u00bb15px\u00a0\u00bb text_letter_spacing=\u00a0\u00bb0.1px\u00a0\u00bb header_font=\u00a0\u00bb|300|||||||\u00a0\u00bb header_font_size=\u00a0\u00bb44.1px\u00a0\u00bb header_line_height=\u00a0\u00bb1.25em\u00a0\u00bb header_2_font=\u00a0\u00bb|300|||||||\u00a0\u00bb header_2_font_size=\u00a0\u00bb44px\u00a0\u00bb header_2_line_height=\u00a0\u00bb1.25em\u00a0\u00bb custom_margin=\u00a0\u00bb||1.75%||false|false\u00a0\u00bb custom_margin_tablet=\u00a0\u00bb||20px||false|false\u00a0\u00bb custom_margin_phone=\u00a0\u00bb||20px||false|false\u00a0\u00bb custom_margin_last_edited=\u00a0\u00bbon|desktop\u00a0\u00bb custom_padding=\u00a0\u00bb||||false|false\u00a0\u00bb hover_enabled=\u00a0\u00bb0&Prime; header_font_size_tablet=\u00a0\u00bb35px\u00a0\u00bb header_font_size_phone=\u00a0\u00bb35px\u00a0\u00bb header_font_size_last_edited=\u00a0\u00bbon|tablet\u00a0\u00bb header_2_font_size_tablet=\u00a0\u00bb35px\u00a0\u00bb header_2_font_size_phone=\u00a0\u00bb35px\u00a0\u00bb header_2_font_size_last_edited=\u00a0\u00bbon|desktop\u00a0\u00bb global_colors_info=\u00a0\u00bb{%22gcid-45617b03-60fd-49ec-b901-8322915a832a%22:%91%22text_text_color%22%93}\u00a0\u00bb sticky_enabled=\u00a0\u00bb0&Prime;]<\/p>\n<h1><span data-position=\"0\">Solutions<\/span><span> <\/span><span data-position=\"10\">de<\/span><span> <\/span><span data-position=\"13\">contr\u00f4le<\/span><span> <\/span><span data-position=\"22\">de<\/span><span> <\/span><span data-position=\"25\">l<\/span><span>&lsquo;<\/span><span data-position=\"27\">air<\/span><span> <\/span><span data-position=\"31\">de<\/span><span> <\/span><span data-position=\"34\" class=\"\">pointe<\/span><\/h1>\n<p>[\/et_pb_text][\/et_pb_column][et_pb_column type=\u00a0\u00bb2_3&Prime; _builder_version=\u00a0\u00bb4.19.2&Prime; _module_preset=\u00a0\u00bbdefault\u00a0\u00bb global_colors_info=\u00a0\u00bb{}\u00a0\u00bb][et_pb_text _builder_version=\u00a0\u00bb4.27.0&Prime; _module_preset=\u00a0\u00bbdefault\u00a0\u00bb header_3_font=\u00a0\u00bb|700|||||||\u00a0\u00bb header_3_font_size=\u00a0\u00bb20px\u00a0\u00bb header_3_line_height=\u00a0\u00bb1.2em\u00a0\u00bb custom_margin=\u00a0\u00bb10px||||false|false\u00a0\u00bb hover_enabled=\u00a0\u00bb0&Prime; global_colors_info=\u00a0\u00bb{}\u00a0\u00bb sticky_enabled=\u00a0\u00bb0&Prime;]<\/p>\n<p><span data-position=\"0\">Les<\/span><span> <\/span><span data-position=\"4\">entreprises<\/span><span> <\/span><span data-position=\"16\">et<\/span><span> <\/span><span data-position=\"19\">les<\/span><span> <\/span><span data-position=\"23\">organisations<\/span><span> <\/span><span data-position=\"37\">peuvent<\/span><span> <\/span><span data-position=\"45\">enfin<\/span><span> <\/span><span data-position=\"51\">contr\u00f4ler<\/span><span> <\/span><span data-position=\"61\">les<\/span><span> <\/span><span data-position=\"65\">param\u00e8tres<\/span><span> <\/span><span data-position=\"76\">critiques<\/span><span> <\/span><span data-position=\"86\">en<\/span><span> <\/span><span data-position=\"89\">temps<\/span><span> <\/span><span data-position=\"95\">r\u00e9el<\/span><span> <\/span><span data-position=\"100\">et<\/span><span> <\/span><span data-position=\"103\">prendre<\/span><span> <\/span><span data-position=\"111\">de<\/span><span> <\/span><span data-position=\"114\">meilleures<\/span><span> <\/span><span data-position=\"125\">d\u00e9cisions<\/span><span> <\/span><span data-position=\"135\">gr\u00e2ce<\/span><span> <\/span><span data-position=\"141\">\u00e0<\/span><span> <\/span><span data-position=\"143\">des<\/span><span> <\/span><span data-position=\"147\">solutions<\/span><span> <\/span><span data-position=\"157\">fiables<\/span><span> <\/span><span data-position=\"165\">pour<\/span><span> <\/span><span data-position=\"170\">l<\/span><span>&lsquo;<\/span><span data-position=\"172\">analyse<\/span><span> <\/span><span data-position=\"180\">pr\u00e9cise<\/span><span> <\/span><span data-position=\"188\">des<\/span><span> <\/span><span data-position=\"192\">gaz<\/span><span> <\/span><span data-position=\"196\">et<\/span><span> <\/span><span data-position=\"199\">des<\/span><span> <\/span><span data-position=\"203\">particules<\/span><span>.<\/span><\/p>\n<p><span data-position=\"216\">Un<\/span><span> <\/span><span data-position=\"219\">r\u00e9seau<\/span><span> <\/span><span data-position=\"226\">de<\/span><span> <\/span><span data-position=\"229\">contr\u00f4le<\/span><span> <\/span><span data-position=\"238\">de<\/span><span> <\/span><span data-position=\"241\">la<\/span><span> <\/span><span data-position=\"244\">qualit\u00e9<\/span><span> <\/span><span data-position=\"252\">de<\/span><span> <\/span><span data-position=\"255\">l<\/span><span>&lsquo;<\/span><span data-position=\"257\">air<\/span><span> <\/span><span data-position=\"261\">est<\/span><span> <\/span><span data-position=\"265\">un<\/span><span> <\/span><span data-position=\"268\">outil<\/span><span> <\/span><span data-position=\"274\">pr\u00e9cieux<\/span><span> <\/span><span data-position=\"283\">pour<\/span><span> <\/span><span data-position=\"288\">les<\/span><span> <\/span><span data-position=\"292\">exploitants<\/span><span> <\/span><span data-position=\"304\">qui<\/span><span> <\/span><span data-position=\"308\">peuvent<\/span><span> <\/span><span data-position=\"316\">garantir<\/span><span> <\/span><span data-position=\"325\">la<\/span><span> <\/span><span data-position=\"328\">sant\u00e9<\/span><span> <\/span><span data-position=\"334\">et<\/span><span> <\/span><span data-position=\"337\">la<\/span><span> <\/span><span data-position=\"340\">s\u00e9curit\u00e9<\/span><span> <\/span><span data-position=\"349\">de<\/span><span> <\/span><span data-position=\"352\">leurs<\/span><span> <\/span><span data-position=\"358\">travailleurs<\/span><span>, <\/span><span data-position=\"372\">respecter<\/span><span> <\/span><span data-position=\"382\">les<\/span><span> <\/span><span data-position=\"386\">r\u00e9glementations<\/span><span> <\/span><span data-position=\"402\">environnementales<\/span><span>, <\/span><span data-position=\"421\">am\u00e9liorer<\/span><span> <\/span><span data-position=\"431\">l<\/span><span>&lsquo;<\/span><span data-position=\"433\">efficacit\u00e9<\/span><span> <\/span><span data-position=\"444\">op\u00e9rationnelle<\/span><span> <\/span><span data-position=\"459\">et<\/span><span> <\/span><span data-position=\"462\">am\u00e9liorer<\/span><span> <\/span><span data-position=\"472\">leur<\/span><span> <\/span><span data-position=\"477\">r\u00e9putation<\/span><span>.<\/span><\/p>\n<p>[\/et_pb_text][et_pb_text _builder_version=\u00a0\u00bb4.27.0&Prime; _module_preset=\u00a0\u00bbdefault\u00a0\u00bb header_3_font=\u00a0\u00bb|700|||||||\u00a0\u00bb header_3_font_size=\u00a0\u00bb20px\u00a0\u00bb header_3_line_height=\u00a0\u00bb1.2em\u00a0\u00bb custom_margin=\u00a0\u00bb10px||||false|false\u00a0\u00bb hover_enabled=\u00a0\u00bb0&Prime; global_colors_info=\u00a0\u00bb{}\u00a0\u00bb sticky_enabled=\u00a0\u00bb0&Prime;]<\/p>\n<h2><span style=\"color: #0075c9;\"><span data-position=\"0\">Commencez<\/span><span> <\/span><span data-position=\"10\">\u00e0<\/span><span> <\/span><span data-position=\"12\">mesurer<\/span><span> <\/span><span data-position=\"20\">votre<\/span><span> <\/span><span data-position=\"26\">impact<\/span><span> <\/span><span data-position=\"33\">sur<\/span><span> <\/span><span data-position=\"37\">l<\/span><span>&lsquo;<\/span><span data-position=\"39\">environnement<\/span><span> <\/span><span data-position=\"53\">et<\/span><span> <\/span><span data-position=\"56\">optimisez<\/span><span> <\/span><span data-position=\"66\">vos<\/span><span> <\/span><span data-position=\"70\">op\u00e9rations<\/span><span> <\/span><span data-position=\"81\">quotidiennes.<\/span><\/span><\/h2>\n<p>[\/et_pb_text][\/et_pb_column][\/et_pb_row][\/et_pb_section][et_pb_section fb_built=\u00a0\u00bb1&Prime; admin_label=\u00a0\u00bbListado de Sectores\u00a0\u00bb _builder_version=\u00a0\u00bb4.19.5&Prime; _module_preset=\u00a0\u00bbdefault\u00a0\u00bb custom_padding=\u00a0\u00bb0px||0px||false|false\u00a0\u00bb animation_direction=\u00a0\u00bbbottom\u00a0\u00bb hover_enabled=\u00a0\u00bb0&Prime; da_disable_devices=\u00a0\u00bboff|off|off\u00a0\u00bb locked=\u00a0\u00bboff\u00a0\u00bb global_colors_info=\u00a0\u00bb{}\u00a0\u00bb sticky_enabled=\u00a0\u00bb0&Prime; da_is_popup=\u00a0\u00bboff\u00a0\u00bb da_exit_intent=\u00a0\u00bboff\u00a0\u00bb da_has_close=\u00a0\u00bbon\u00a0\u00bb da_alt_close=\u00a0\u00bboff\u00a0\u00bb da_dark_close=\u00a0\u00bboff\u00a0\u00bb da_not_modal=\u00a0\u00bbon\u00a0\u00bb da_is_singular=\u00a0\u00bboff\u00a0\u00bb da_with_loader=\u00a0\u00bboff\u00a0\u00bb da_has_shadow=\u00a0\u00bbon\u00a0\u00bb][et_pb_row _builder_version=\u00a0\u00bb4.19.5&Prime; _module_preset=\u00a0\u00bbdefault\u00a0\u00bb custom_padding=\u00a0\u00bb0px||0px||false|false\u00a0\u00bb hover_enabled=\u00a0\u00bb0&Prime; global_colors_info=\u00a0\u00bb{}\u00a0\u00bb sticky_enabled=\u00a0\u00bb0&Prime;][et_pb_column type=\u00a0\u00bb4_4&Prime; _builder_version=\u00a0\u00bb4.19.5&Prime; _module_preset=\u00a0\u00bbdefault\u00a0\u00bb global_colors_info=\u00a0\u00bb{}\u00a0\u00bb][et_pb_text _builder_version=\u00a0\u00bb4.19.5&Prime; _module_preset=\u00a0\u00bbdefault\u00a0\u00bb global_colors_info=\u00a0\u00bb{}\u00a0\u00bb]<\/p>\n<div class=\"sectores-lista sectores-lista-sin-carrusel kunak-shortcode\"><div class=\"sectores-lista-item\"><div class=\"sector-imagen-wrap\"><a href=\"https:\/\/kunakair.com\/es\/sectores\/calidad-del-aire-en-las-ciudades\/\" class=\"sector-imagen\" style=\"background-image:url(https:\/\/kunakair.com\/wp-content\/uploads\/2023\/01\/urban-1920-1024x546.jpg)\"><img loading=\"lazy\" decoding=\"async\" width=\"800\" height=\"800\" src=\"https:\/\/kunakair.com\/wp-content\/uploads\/2023\/01\/urban-2.svg\" class=\"attachment-full size-full\" alt=\"\" \/><\/a><div class=\"sector-content\"><h3>Urbano<\/h3><div class=\"sector-descripcion\">Crea espacios donde la gente quiera vivir controlando la calidad del aire.<\/div><a class=\"et_pb_button et_pb_bg_layout_light\" href=\"https:\/\/kunakair.com\/es\/sectores\/calidad-del-aire-en-las-ciudades\/\">Voir plus<\/a><\/div><\/div><\/div><div class=\"sectores-lista-item\"><div class=\"sector-imagen-wrap\"><a href=\"https:\/\/kunakair.com\/es\/sectores\/control-de-emisiones-industriales\/\" class=\"sector-imagen\" style=\"background-image:url(https:\/\/kunakair.com\/wp-content\/uploads\/2023\/01\/industry-1920x1024-1-1024x546.jpg)\"><img loading=\"lazy\" decoding=\"async\" width=\"800\" height=\"800\" src=\"https:\/\/kunakair.com\/wp-content\/uploads\/2023\/01\/industry.svg\" class=\"attachment-full size-full\" alt=\"\" \/><\/a><div class=\"sector-content\"><h3>Industria y olores<\/h3><div class=\"sector-descripcion\">Ayuda a crear un futuro m\u00e1s limpio vigilando las inmisiones industriales.<\/div><a class=\"et_pb_button et_pb_bg_layout_light\" href=\"https:\/\/kunakair.com\/es\/sectores\/control-de-emisiones-industriales\/\">Voir plus<\/a><\/div><\/div><\/div><div class=\"sectores-lista-item\"><div class=\"sector-imagen-wrap\"><a href=\"https:\/\/kunakair.com\/es\/sectores\/contaminacion-del-transporte-maritimo\/\" class=\"sector-imagen\" style=\"background-image:url(https:\/\/kunakair.com\/wp-content\/uploads\/2023\/03\/ports-1920-1024x546.jpg)\"><img loading=\"lazy\" decoding=\"async\" width=\"800\" height=\"800\" src=\"https:\/\/kunakair.com\/wp-content\/uploads\/2023\/02\/ports-airports-2.svg\" class=\"attachment-full size-full\" alt=\"\" \/><\/a><div class=\"sector-content\"><h3>Puertos y Aeropuertos<\/h3><div class=\"sector-descripcion\">Haz tu transporte m\u00e1s sostenible controlando sus emisiones.<\/div><a class=\"et_pb_button et_pb_bg_layout_light\" href=\"https:\/\/kunakair.com\/es\/sectores\/contaminacion-del-transporte-maritimo\/\">Voir plus<\/a><\/div><\/div><\/div><div class=\"sectores-lista-item\"><div class=\"sector-imagen-wrap\"><a href=\"https:\/\/kunakair.com\/es\/sectores\/contaminacion-por-construccion\/\" class=\"sector-imagen\" style=\"background-image:url(https:\/\/kunakair.com\/wp-content\/uploads\/2023\/01\/construction-1920x1024-1-1024x546.jpg)\"><img loading=\"lazy\" decoding=\"async\" width=\"800\" height=\"800\" src=\"https:\/\/kunakair.com\/wp-content\/uploads\/2023\/01\/construction.svg\" class=\"attachment-full size-full\" alt=\"\" \/><\/a><div class=\"sector-content\"><h3>Construcci\u00f3n<\/h3><div class=\"sector-descripcion\">Reduce el impacto ambiental de tus obras midiendo la contaminaci\u00f3n que generan.<\/div><a class=\"et_pb_button et_pb_bg_layout_light\" href=\"https:\/\/kunakair.com\/es\/sectores\/contaminacion-por-construccion\/\">Voir plus<\/a><\/div><\/div><\/div><div class=\"sectores-lista-item\"><div class=\"sector-imagen-wrap\"><a href=\"https:\/\/kunakair.com\/es\/sectores\/contaminacion-del-aire-por-la-mineria\/\" class=\"sector-imagen\" style=\"background-image:url(https:\/\/kunakair.com\/wp-content\/uploads\/2023\/01\/mining-1920x1024-1-1024x546.jpg)\"><img loading=\"lazy\" decoding=\"async\" width=\"800\" height=\"800\" src=\"https:\/\/kunakair.com\/wp-content\/uploads\/2023\/01\/mining.svg\" class=\"attachment-full size-full\" alt=\"\" \/><\/a><div class=\"sector-content\"><h3>Miner\u00eda<\/h3><div class=\"sector-descripcion\">Contribuye a una extracci\u00f3n m\u00e1s sostenible monitorizando el impacto de tus explotaciones.<\/div><a class=\"et_pb_button et_pb_bg_layout_light\" href=\"https:\/\/kunakair.com\/es\/sectores\/contaminacion-del-aire-por-la-mineria\/\">Voir plus<\/a><\/div><\/div><\/div><div class=\"sectores-lista-item\"><div class=\"sector-imagen-wrap\"><a href=\"https:\/\/kunakair.com\/es\/sectores\/estudio-de-la-contaminacion-atmosferica\/\" class=\"sector-imagen\" style=\"background-image:url(https:\/\/kunakair.com\/wp-content\/uploads\/2023\/01\/research-1920-1024x546.jpg)\"><img loading=\"lazy\" decoding=\"async\" width=\"800\" height=\"800\" src=\"https:\/\/kunakair.com\/wp-content\/uploads\/2023\/01\/research.svg\" class=\"attachment-full size-full\" alt=\"\" \/><\/a><div class=\"sector-content\"><h3>Investigaci\u00f3n y consultor\u00eda <\/h3><div class=\"sector-descripcion\">Estudia la contaminaci\u00f3n atmosf\u00e9rica combinando tecnolog\u00eda punta y conocimiento.<\/div><a class=\"et_pb_button et_pb_bg_layout_light\" href=\"https:\/\/kunakair.com\/es\/sectores\/estudio-de-la-contaminacion-atmosferica\/\">Voir plus<\/a><\/div><\/div><\/div><\/div>\n<p>[\/et_pb_text][\/et_pb_column][\/et_pb_row][\/et_pb_section]<\/p>\n","protected":false},"excerpt":{"rendered":"<p><ol class=\"kunak-breadcrumbs\" itemscope itemtype=\"http:\/\/schema.org\/BreadcrumbList\"><li itemprop=\"itemListElement\" itemscope itemtype=\"http:\/\/schema.org\/ListItem\"><a itemprop=\"item\" href=\"https:\/\/kunakair.com\/fr\/\" itemprop=\"item\"><span itemprop=\"name\">Accueil<\/span><\/a><meta itemprop=\"position\" content=\"1\"><\/li><\/ol>Solutions de contr\u00f4le de l&rsquo;air de pointeLes entreprises et les organisations peuvent enfin contr\u00f4ler les param\u00e8tres critiques en temps r\u00e9el et prendre de meilleures d\u00e9cisions gr\u00e2ce \u00e0 des solutions fiables pour l&rsquo;analyse pr\u00e9cise des gaz et des particules. Un r\u00e9seau de contr\u00f4le de la qualit\u00e9 de l&rsquo;air est un outil pr\u00e9cieux pour les exploitants qui [&hellip;]<\/p>\n","protected":false},"author":1,"featured_media":53438,"parent":0,"menu_order":0,"comment_status":"closed","ping_status":"closed","template":"","meta":{"_acf_changed":false,"_et_pb_use_builder":"on","_et_pb_old_content":"","_et_gb_content_width":"","footnotes":""},"class_list":["post-57444","page","type-page","status-publish","has-post-thumbnail","hentry"],"acf":[],"yoast_head":"<!-- This site is optimized with the Yoast SEO plugin v27.4 - https:\/\/yoast.com\/product\/yoast-seo-wordpress\/ -->\n<title>Secteurs - Kunak<\/title>\n<meta name=\"robots\" content=\"index, follow, max-snippet:-1, max-image-preview:large, max-video-preview:-1\" \/>\n<link rel=\"canonical\" href=\"https:\/\/kunakair.com\/fr\/secteurs\/\" \/>\n<meta property=\"og:locale\" content=\"fr_FR\" \/>\n<meta property=\"og:type\" content=\"article\" \/>\n<meta property=\"og:title\" content=\"Secteurs - Kunak\" \/>\n<meta property=\"og:description\" content=\"Solutions de contr\u00f4le de l&#039;air de pointeLes entreprises et les organisations peuvent enfin contr\u00f4ler les param\u00e8tres critiques en temps r\u00e9el et prendre de meilleures d\u00e9cisions gr\u00e2ce \u00e0 des solutions fiables pour l&#039;analyse pr\u00e9cise des gaz et des particules. Un r\u00e9seau de contr\u00f4le de la qualit\u00e9 de l&#039;air est un outil pr\u00e9cieux pour les exploitants qui [&hellip;]\" \/>\n<meta property=\"og:url\" content=\"https:\/\/kunakair.com\/fr\/secteurs\/\" \/>\n<meta property=\"og:site_name\" content=\"Kunak\" \/>\n<meta property=\"article:publisher\" content=\"https:\/\/www.facebook.com\/KunakTechnologies\/\" \/>\n<meta property=\"article:modified_time\" content=\"2024-09-06T09:51:16+00:00\" \/>\n<meta property=\"og:image\" content=\"https:\/\/kunakair.com\/wp-content\/uploads\/2022\/12\/cabecera-puerto-1.jpg\" \/>\n\t<meta property=\"og:image:width\" content=\"1920\" \/>\n\t<meta property=\"og:image:height\" content=\"303\" \/>\n\t<meta property=\"og:image:type\" content=\"image\/jpeg\" \/>\n<meta name=\"twitter:card\" content=\"summary_large_image\" \/>\n<meta name=\"twitter:site\" content=\"@KunaK_sensing\" \/>\n<meta name=\"twitter:label1\" content=\"Dur\u00e9e de lecture estim\u00e9e\" \/>\n\t<meta name=\"twitter:data1\" content=\"2 minutes\" \/>\n<!-- \/ Yoast SEO plugin. -->","yoast_head_json":{"title":"Secteurs - Kunak","robots":{"index":"index","follow":"follow","max-snippet":"max-snippet:-1","max-image-preview":"max-image-preview:large","max-video-preview":"max-video-preview:-1"},"canonical":"https:\/\/kunakair.com\/fr\/secteurs\/","og_locale":"fr_FR","og_type":"article","og_title":"Secteurs - Kunak","og_description":"Solutions de contr\u00f4le de l'air de pointeLes entreprises et les organisations peuvent enfin contr\u00f4ler les param\u00e8tres critiques en temps r\u00e9el et prendre de meilleures d\u00e9cisions gr\u00e2ce \u00e0 des solutions fiables pour l'analyse pr\u00e9cise des gaz et des particules. Un r\u00e9seau de contr\u00f4le de la qualit\u00e9 de l'air est un outil pr\u00e9cieux pour les exploitants qui [&hellip;]","og_url":"https:\/\/kunakair.com\/fr\/secteurs\/","og_site_name":"Kunak","article_publisher":"https:\/\/www.facebook.com\/KunakTechnologies\/","article_modified_time":"2024-09-06T09:51:16+00:00","og_image":[{"width":1920,"height":303,"url":"https:\/\/kunakair.com\/wp-content\/uploads\/2022\/12\/cabecera-puerto-1.jpg","type":"image\/jpeg"}],"twitter_card":"summary_large_image","twitter_site":"@KunaK_sensing","twitter_misc":{"Dur\u00e9e de lecture estim\u00e9e":"2 minutes"},"schema":{"@context":"https:\/\/schema.org","@graph":[{"@type":"WebPage","@id":"https:\/\/kunakair.com\/fr\/secteurs\/","url":"https:\/\/kunakair.com\/fr\/secteurs\/","name":"Secteurs - Kunak","isPartOf":{"@id":"https:\/\/kunakair.com\/fr\/#website"},"primaryImageOfPage":{"@id":"https:\/\/kunakair.com\/fr\/secteurs\/#primaryimage"},"image":{"@id":"https:\/\/kunakair.com\/fr\/secteurs\/#primaryimage"},"thumbnailUrl":"https:\/\/kunakair.com\/wp-content\/uploads\/2022\/12\/cabecera-puerto-1.jpg","datePublished":"2023-01-04T20:29:04+00:00","dateModified":"2024-09-06T09:51:16+00:00","breadcrumb":{"@id":"https:\/\/kunakair.com\/fr\/secteurs\/#breadcrumb"},"inLanguage":"fr-FR","potentialAction":[{"@type":"ReadAction","target":["https:\/\/kunakair.com\/fr\/secteurs\/"]}]},{"@type":"ImageObject","inLanguage":"fr-FR","@id":"https:\/\/kunakair.com\/fr\/secteurs\/#primaryimage","url":"https:\/\/kunakair.com\/wp-content\/uploads\/2022\/12\/cabecera-puerto-1.jpg","contentUrl":"https:\/\/kunakair.com\/wp-content\/uploads\/2022\/12\/cabecera-puerto-1.jpg","width":1920,"height":303},{"@type":"BreadcrumbList","@id":"https:\/\/kunakair.com\/fr\/secteurs\/#breadcrumb","itemListElement":[{"@type":"ListItem","position":1,"name":"Home","item":"https:\/\/kunakair.com\/fr\/"},{"@type":"ListItem","position":2,"name":"Secteurs"}]},{"@type":"WebSite","@id":"https:\/\/kunakair.com\/fr\/#website","url":"https:\/\/kunakair.com\/fr\/","name":"KUNAK","description":"Sensing anywhere","publisher":{"@id":"https:\/\/kunakair.com\/fr\/#organization"},"alternateName":"Sensing anywhere","potentialAction":[{"@type":"SearchAction","target":{"@type":"EntryPoint","urlTemplate":"https:\/\/kunakair.com\/fr\/?s={search_term_string}"},"query-input":{"@type":"PropertyValueSpecification","valueRequired":true,"valueName":"search_term_string"}}],"inLanguage":"fr-FR"},{"@type":"Organization","@id":"https:\/\/kunakair.com\/fr\/#organization","name":"KUNAK","alternateName":"Sensing anywhere","url":"https:\/\/kunakair.com\/fr\/","logo":{"@type":"ImageObject","inLanguage":"fr-FR","@id":"https:\/\/kunakair.com\/fr\/#\/schema\/logo\/image\/","url":"https:\/\/kunakair.com\/wp-content\/uploads\/2022\/09\/logo-kunak-cuadrado.jpg","contentUrl":"https:\/\/kunakair.com\/wp-content\/uploads\/2022\/09\/logo-kunak-cuadrado.jpg","width":1000,"height":1000,"caption":"KUNAK"},"image":{"@id":"https:\/\/kunakair.com\/fr\/#\/schema\/logo\/image\/"},"sameAs":["https:\/\/www.facebook.com\/KunakTechnologies\/","https:\/\/x.com\/KunaK_sensing","https:\/\/www.linkedin.com\/company\/kunak\/","https:\/\/www.instagram.com\/kunak_technologies\/","https:\/\/www.youtube.com\/channel\/UC-suigTybwCW50od_rhTZxg"]}]}},"_links":{"self":[{"href":"https:\/\/kunakair.com\/fr\/wp-json\/wp\/v2\/pages\/57444","targetHints":{"allow":["GET"]}}],"collection":[{"href":"https:\/\/kunakair.com\/fr\/wp-json\/wp\/v2\/pages"}],"about":[{"href":"https:\/\/kunakair.com\/fr\/wp-json\/wp\/v2\/types\/page"}],"author":[{"embeddable":true,"href":"https:\/\/kunakair.com\/fr\/wp-json\/wp\/v2\/users\/1"}],"replies":[{"embeddable":true,"href":"https:\/\/kunakair.com\/fr\/wp-json\/wp\/v2\/comments?post=57444"}],"version-history":[{"count":3,"href":"https:\/\/kunakair.com\/fr\/wp-json\/wp\/v2\/pages\/57444\/revisions"}],"predecessor-version":[{"id":57987,"href":"https:\/\/kunakair.com\/fr\/wp-json\/wp\/v2\/pages\/57444\/revisions\/57987"}],"wp:featuredmedia":[{"embeddable":true,"href":"https:\/\/kunakair.com\/fr\/wp-json\/wp\/v2\/media\/53438"}],"wp:attachment":[{"href":"https:\/\/kunakair.com\/fr\/wp-json\/wp\/v2\/media?parent=57444"}],"curies":[{"name":"wp","href":"https:\/\/api.w.org\/{rel}","templated":true}]}}