{"id":57285,"date":"2023-02-13T09:54:15","date_gmt":"2023-02-13T07:54:15","guid":{"rendered":"https:\/\/kunakair.com\/soporte\/centre-dassistance\/kunak-air\/articles-daide\/por-que-kunak-air-es-la-mejor-estacion-de-calidad-del-aire\/"},"modified":"2024-09-03T08:27:05","modified_gmt":"2024-09-03T06:27:05","slug":"por-que-kunak-air-es-la-mejor-estacion-de-calidad-del-aire","status":"publish","type":"page","link":"https:\/\/kunakair.com\/fr\/support\/centre-dassistance\/kunak-air\/articles-daide\/pourquoi-kunak-air-est-elle-la-meilleure-station-de-controle-de-la-qualite-de-lair\/","title":{"rendered":"Pourquoi Kunak AIR est-elle la meilleure station de contr\u00f4le de la qualit\u00e9 de l&rsquo;air ?"},"content":{"rendered":"<p>[et_pb_section fb_built=\u00a0\u00bb1&Prime; admin_label=\u00a0\u00bbsection\u00a0\u00bb _builder_version=\u00a0\u00bb4.19.5&Prime; custom_padding=\u00a0\u00bb0px||||false|false\u00a0\u00bb da_disable_devices=\u00a0\u00bboff|off|off\u00a0\u00bb global_colors_info=\u00a0\u00bb{}\u00a0\u00bb da_is_popup=\u00a0\u00bboff\u00a0\u00bb da_exit_intent=\u00a0\u00bboff\u00a0\u00bb da_has_close=\u00a0\u00bbon\u00a0\u00bb da_alt_close=\u00a0\u00bboff\u00a0\u00bb da_dark_close=\u00a0\u00bboff\u00a0\u00bb da_not_modal=\u00a0\u00bbon\u00a0\u00bb da_is_singular=\u00a0\u00bboff\u00a0\u00bb da_with_loader=\u00a0\u00bboff\u00a0\u00bb da_has_shadow=\u00a0\u00bbon\u00a0\u00bb][et_pb_row admin_label=\u00a0\u00bbH1 oculto\u00a0\u00bb module_class=\u00a0\u00bbd-none\u00a0\u00bb _builder_version=\u00a0\u00bb4.19.5&Prime; _module_preset=\u00a0\u00bbdefault\u00a0\u00bb global_colors_info=\u00a0\u00bb{}\u00a0\u00bb][et_pb_column type=\u00a0\u00bb4_4&Prime; _builder_version=\u00a0\u00bb4.19.5&Prime; _module_preset=\u00a0\u00bbdefault\u00a0\u00bb global_colors_info=\u00a0\u00bb{}\u00a0\u00bb][et_pb_text module_class=\u00a0\u00bbnone\u00a0\u00bb _builder_version=\u00a0\u00bb4.19.5&Prime; _module_preset=\u00a0\u00bbdefault\u00a0\u00bb global_colors_info=\u00a0\u00bb{}\u00a0\u00bb]<\/p>\n<h1>Kunak Help Center<\/h1>\n<p>[\/et_pb_text][\/et_pb_column][\/et_pb_row][et_pb_row column_structure=\u00a0\u00bb1_2,1_2&Prime; admin_label=\u00a0\u00bbDescription\u00a0\u00bb _builder_version=\u00a0\u00bb4.19.5&Prime; custom_padding=\u00a0\u00bb||0px|||\u00a0\u00bb border_radii=\u00a0\u00bbon|10px|10px|10px|10px\u00a0\u00bb global_colors_info=\u00a0\u00bb{}\u00a0\u00bb][et_pb_column type=\u00a0\u00bb1_2&Prime; _builder_version=\u00a0\u00bb4.19.5&Prime; custom_padding=\u00a0\u00bb|||\u00a0\u00bb global_colors_info=\u00a0\u00bb{}\u00a0\u00bb custom_padding__hover=\u00a0\u00bb|||\u00a0\u00bb][et_pb_text admin_label=\u00a0\u00bbH2 + p \u00a0\u00bb _builder_version=\u00a0\u00bb4.19.5&Prime; _module_preset=\u00a0\u00bbdefault\u00a0\u00bb text_font=\u00a0\u00bbManrope||||||||\u00a0\u00bb text_font_size=\u00a0\u00bb25px\u00a0\u00bb text_line_height=\u00a0\u00bb1.2em\u00a0\u00bb header_font=\u00a0\u00bb||||||||\u00a0\u00bb header_text_align=\u00a0\u00bbcenter\u00a0\u00bb header_font_size=\u00a0\u00bb23px\u00a0\u00bb header_2_font=\u00a0\u00bb|700|||||||\u00a0\u00bb header_2_font_size=\u00a0\u00bb45px\u00a0\u00bb animation_direction=\u00a0\u00bbbottom\u00a0\u00bb text_font_size_tablet=\u00a0\u00bb35px\u00a0\u00bb text_font_size_phone=\u00a0\u00bb35px\u00a0\u00bb text_font_size_last_edited=\u00a0\u00bbon|tablet\u00a0\u00bb locked=\u00a0\u00bboff\u00a0\u00bb global_colors_info=\u00a0\u00bb{}\u00a0\u00bb]<\/p>\n<h2>\u00bfPor qu\u00e9 Kunak AIR es la mejor estaci\u00f3n de calidad del aire?<\/h2>\n<p>[\/et_pb_text][et_pb_text _builder_version=\u00a0\u00bb4.27.0&Prime; _module_preset=\u00a0\u00bbdefault\u00a0\u00bb global_colors_info=\u00a0\u00bb{}\u00a0\u00bb]<\/p>\n<p>Despu\u00e9s de 7 a\u00f1os dise\u00f1ando y desplegando estaciones de calidad del aire en todo el mundo, creamos la soluci\u00f3n Kunak AIR, una evoluci\u00f3n de nuestra anterior estaci\u00f3n de monitorizaci\u00f3n de calidad del aire que resuelve los retos asociados a los equipos de calidad del aire basados en sensores.<\/p>\n<p>[\/et_pb_text][\/et_pb_column][et_pb_column type=\u00a0\u00bb1_2&Prime; _builder_version=\u00a0\u00bb4.16&Prime; custom_padding=\u00a0\u00bb|||\u00a0\u00bb global_colors_info=\u00a0\u00bb{}\u00a0\u00bb custom_padding__hover=\u00a0\u00bb|||\u00a0\u00bb][et_pb_image src=\u00a0\u00bbhttps:\/\/kunakair.com\/wp-content\/uploads\/2023\/02\/quality-data.jpg\u00a0\u00bb alt=\u00a0\u00bbKunak AIR Pro\u00a0\u00bb title_text=\u00a0\u00bbquality-data\u00a0\u00bb align=\u00a0\u00bbcenter\u00a0\u00bb _builder_version=\u00a0\u00bb4.19.5&Prime; _module_preset=\u00a0\u00bbdefault\u00a0\u00bb width=\u00a0\u00bb85%\u00a0\u00bb custom_margin=\u00a0\u00bb-25px||||false|false\u00a0\u00bb custom_padding=\u00a0\u00bb||||false|false\u00a0\u00bb border_radii=\u00a0\u00bbon|15px|15px|15px|15px\u00a0\u00bb global_colors_info=\u00a0\u00bb{}\u00a0\u00bb][\/et_pb_image][\/et_pb_column][\/et_pb_row][et_pb_row admin_label=\u00a0\u00bbWhat issues&#8230;\u00a0\u00bb _builder_version=\u00a0\u00bb4.19.5&Prime; _module_preset=\u00a0\u00bbdefault\u00a0\u00bb custom_margin=\u00a0\u00bb25px||0px||false|false\u00a0\u00bb custom_padding=\u00a0\u00bb||0px||false|false\u00a0\u00bb locked=\u00a0\u00bboff\u00a0\u00bb global_colors_info=\u00a0\u00bb{}\u00a0\u00bb][et_pb_column type=\u00a0\u00bb4_4&Prime; admin_label=\u00a0\u00bbProven performance\u00a0\u00bb _builder_version=\u00a0\u00bb4.19.5&Prime; _module_preset=\u00a0\u00bbdefault\u00a0\u00bb global_colors_info=\u00a0\u00bb{}\u00a0\u00bb][et_pb_text _builder_version=\u00a0\u00bb4.27.0&Prime; _module_preset=\u00a0\u00bbdefault\u00a0\u00bb global_colors_info=\u00a0\u00bb{}\u00a0\u00bb]<\/p>\n<p>Ofrecemos una soluci\u00f3n econ\u00f3mica de monitorizaci\u00f3n de la calidad del aire, con una precisi\u00f3n similar a las estaciones de referencia y dise\u00f1ada para su uso en entornos urbanos, industriales e investigaci\u00f3n, facilitando la toma de mejores decisiones gracias a un mayor volumen de datos y de mayor precisi\u00f3n.<\/p>\n<p>[\/et_pb_text][et_pb_text admin_label=\u00a0\u00bbH2&Prime; _builder_version=\u00a0\u00bb4.19.5&Prime; _module_preset=\u00a0\u00bbdefault\u00a0\u00bb text_font=\u00a0\u00bb|800|||||||\u00a0\u00bb text_text_color=\u00a0\u00bbgcid-45617b03-60fd-49ec-b901-8322915a832a\u00a0\u00bb text_font_size=\u00a0\u00bb15px\u00a0\u00bb text_letter_spacing=\u00a0\u00bb0.1px\u00a0\u00bb header_2_font=\u00a0\u00bb|300|||||||\u00a0\u00bb header_2_font_size=\u00a0\u00bb44px\u00a0\u00bb header_2_line_height=\u00a0\u00bb1.25em\u00a0\u00bb custom_margin_tablet=\u00a0\u00bb||0px||false|false\u00a0\u00bb custom_margin_phone=\u00a0\u00bb||0px||false|false\u00a0\u00bb custom_margin_last_edited=\u00a0\u00bbon|tablet\u00a0\u00bb custom_padding=\u00a0\u00bb||0%||false|false\u00a0\u00bb animation_direction=\u00a0\u00bbleft\u00a0\u00bb text_font_size_tablet=\u00a0\u00bb13px\u00a0\u00bb text_font_size_phone=\u00a0\u00bb13px\u00a0\u00bb text_font_size_last_edited=\u00a0\u00bbon|tablet\u00a0\u00bb header_2_font_size_tablet=\u00a0\u00bb35px\u00a0\u00bb header_2_font_size_phone=\u00a0\u00bb35px\u00a0\u00bb header_2_font_size_last_edited=\u00a0\u00bbon|tablet\u00a0\u00bb locked=\u00a0\u00bboff\u00a0\u00bb global_colors_info=\u00a0\u00bb{%22gcid-45617b03-60fd-49ec-b901-8322915a832a%22:%91%22text_text_color%22%93}\u00a0\u00bb]<\/p>\n<h2>\u00bfQu\u00e9 problemas pueden afectar a la precisi\u00f3n de los sistemas de control de la calidad del aire?<\/h2>\n<p>[\/et_pb_text][et_pb_text _builder_version=\u00a0\u00bb4.27.0&Prime; _module_preset=\u00a0\u00bbdefault\u00a0\u00bb header_3_font=\u00a0\u00bb|700|||||||\u00a0\u00bb header_3_font_size=\u00a0\u00bb20px\u00a0\u00bb header_3_line_height=\u00a0\u00bb1.2em\u00a0\u00bb custom_margin=\u00a0\u00bb-18px||16px||false|false\u00a0\u00bb custom_margin_tablet=\u00a0\u00bb0px||||false|false\u00a0\u00bb custom_margin_phone=\u00a0\u00bb0px||||false|false\u00a0\u00bb custom_margin_last_edited=\u00a0\u00bbon|tablet\u00a0\u00bb custom_padding=\u00a0\u00bb||||false|false\u00a0\u00bb global_colors_info=\u00a0\u00bb{}\u00a0\u00bb]<\/p>\n<p>Los principales problemas encontrados en los sensores de bajo coste seg\u00fan la WMO:<\/p>\n<ul>\n<li>Efectos de las condiciones ambientales: los sensores de bajo coste tienen una respuesta no lineal a la temperatura, la humedad y la presi\u00f3n. Adem\u00e1s, algunos sensores de gas son susceptibles a sensibilidades cruzadas de otros compuestos atmosf\u00e9ricos comunes.<\/li>\n<li>Desviaci\u00f3n de la l\u00ednea de base y de la sensibilidad: los sensores de bajo coste sufren una desviaci\u00f3n no lineal del cero y de la sensibilidad a lo largo del tiempo, requiriendo una calibraci\u00f3n regular para ajustar estos par\u00e1metros.<\/li>\n<\/ul>\n<p>[\/et_pb_text][\/et_pb_column][\/et_pb_row][et_pb_row admin_label=\u00a0\u00bbHow kunak&#8230;\u00a0\u00bb _builder_version=\u00a0\u00bb4.19.5&Prime; _module_preset=\u00a0\u00bbdefault\u00a0\u00bb custom_margin=\u00a0\u00bb25px||0px||false|false\u00a0\u00bb custom_padding=\u00a0\u00bb7px||0px||false|false\u00a0\u00bb locked=\u00a0\u00bboff\u00a0\u00bb global_colors_info=\u00a0\u00bb{}\u00a0\u00bb][et_pb_column type=\u00a0\u00bb4_4&Prime; admin_label=\u00a0\u00bbHow kunak\u00a0\u00bb _builder_version=\u00a0\u00bb4.19.5&Prime; _module_preset=\u00a0\u00bbdefault\u00a0\u00bb global_colors_info=\u00a0\u00bb{}\u00a0\u00bb][et_pb_text admin_label=\u00a0\u00bbH2&Prime; _builder_version=\u00a0\u00bb4.19.5&Prime; _module_preset=\u00a0\u00bbdefault\u00a0\u00bb text_font=\u00a0\u00bb|800|||||||\u00a0\u00bb text_text_color=\u00a0\u00bbgcid-45617b03-60fd-49ec-b901-8322915a832a\u00a0\u00bb text_font_size=\u00a0\u00bb15px\u00a0\u00bb text_letter_spacing=\u00a0\u00bb0.1px\u00a0\u00bb header_2_font=\u00a0\u00bb|300|||||||\u00a0\u00bb header_2_font_size=\u00a0\u00bb44px\u00a0\u00bb header_2_line_height=\u00a0\u00bb1.25em\u00a0\u00bb custom_margin_tablet=\u00a0\u00bb||0px||false|false\u00a0\u00bb custom_margin_phone=\u00a0\u00bb||0px||false|false\u00a0\u00bb custom_margin_last_edited=\u00a0\u00bbon|tablet\u00a0\u00bb custom_padding=\u00a0\u00bb||0%||false|false\u00a0\u00bb animation_direction=\u00a0\u00bbleft\u00a0\u00bb text_font_size_tablet=\u00a0\u00bb13px\u00a0\u00bb text_font_size_phone=\u00a0\u00bb13px\u00a0\u00bb text_font_size_last_edited=\u00a0\u00bbon|tablet\u00a0\u00bb header_2_font_size_tablet=\u00a0\u00bb35px\u00a0\u00bb header_2_font_size_phone=\u00a0\u00bb35px\u00a0\u00bb header_2_font_size_last_edited=\u00a0\u00bbon|tablet\u00a0\u00bb locked=\u00a0\u00bboff\u00a0\u00bb global_colors_info=\u00a0\u00bb{%22gcid-45617b03-60fd-49ec-b901-8322915a832a%22:%91%22text_text_color%22%93}\u00a0\u00bb]<\/p>\n<h2>\u00bfC\u00f3mo resuelve Kunak estos problemas?<\/h2>\n<p>[\/et_pb_text][et_pb_text _builder_version=\u00a0\u00bb4.27.0&Prime; _module_preset=\u00a0\u00bbdefault\u00a0\u00bb header_3_font=\u00a0\u00bb|700|||||||\u00a0\u00bb header_3_font_size=\u00a0\u00bb20px\u00a0\u00bb header_3_line_height=\u00a0\u00bb1.2em\u00a0\u00bb custom_margin=\u00a0\u00bb-18px||16px||false|false\u00a0\u00bb custom_margin_tablet=\u00a0\u00bb0px||||false|false\u00a0\u00bb custom_margin_phone=\u00a0\u00bb0px||||false|false\u00a0\u00bb custom_margin_last_edited=\u00a0\u00bbon|tablet\u00a0\u00bb custom_padding=\u00a0\u00bb||35px||false|false\u00a0\u00bb global_colors_info=\u00a0\u00bb{}\u00a0\u00bb]<\/p>\n<p>Nuestro sistema Kunak AIR ha sido dise\u00f1ado para resolver todos los desaf\u00edos del ciclo de vida de los equipos, su operaci\u00f3n y mantenimiento, y los diversos retos encontrados en los sensores de bajo coste.<\/p>\n<p>Por lo tanto, gracias al desarrollo e innovaci\u00f3n tecnol\u00f3gica, hemos creado un sistema de cartucho de gas inteligente, el cual sigue un procedimiento detallado de control de calidad (QC&amp;QA).<\/p>\n<p>Este sistema de cartuchos nos permite solucionar de forma pr\u00e1ctica y sencilla los problemas antes mencionados:<\/p>\n<p>[\/et_pb_text][et_pb_text _builder_version=\u00a0\u00bb4.27.0&Prime; _module_preset=\u00a0\u00bbdefault\u00a0\u00bb header_3_font=\u00a0\u00bb|700|||||||\u00a0\u00bb header_3_font_size=\u00a0\u00bb20px\u00a0\u00bb header_3_line_height=\u00a0\u00bb1.2em\u00a0\u00bb custom_margin=\u00a0\u00bb-18px||16px||false|false\u00a0\u00bb custom_margin_tablet=\u00a0\u00bb0px||||false|false\u00a0\u00bb custom_margin_phone=\u00a0\u00bb0px||||false|false\u00a0\u00bb custom_margin_last_edited=\u00a0\u00bbon|tablet\u00a0\u00bb custom_padding=\u00a0\u00bb||35px||false|false\u00a0\u00bb global_colors_info=\u00a0\u00bb{}\u00a0\u00bb]<\/p>\n<h4>Efectos de las condiciones ambientales<\/h4>\n<p>Caracterizamos y seleccionamos los mejores sensores para que funcionen de la forma m\u00e1s precisa bajo condiciones ambientales espec\u00edficas de temperatura y humedad.<\/p>\n<p>Kunak incorpora su propio algoritmo para convertir los datos brutos de cada sensor en valores de concentraci\u00f3n (ppb o \u00b5g\/m<sup>3<\/sup>), localmente y en tiempo real, sin utilizar ni necesitar datos de referencia externos para calcularlos.<\/p>\n<p>Adem\u00e1s, se corrigen las interferencias y artefactos encontrados en los datos brutos y el efecto de la temperatura y presi\u00f3n, as\u00ed como las sensibilidades cruzadas en los gases y el efecto de la humedad en las part\u00edculas.<\/p>\n<p>Cada cartucho de gas se calibra individualmente en el laboratorio contra est\u00e1ndares de referencia trazables, valid\u00e1ndose en condiciones reales y adaptando el algoritmo para cada sensor espec\u00edfico.<\/p>\n<p>[\/et_pb_text][et_pb_text _builder_version=\u00a0\u00bb4.27.0&Prime; _module_preset=\u00a0\u00bbdefault\u00a0\u00bb header_3_font=\u00a0\u00bb|700|||||||\u00a0\u00bb header_3_font_size=\u00a0\u00bb20px\u00a0\u00bb header_3_line_height=\u00a0\u00bb1.2em\u00a0\u00bb custom_margin=\u00a0\u00bb-18px||16px||false|false\u00a0\u00bb custom_margin_tablet=\u00a0\u00bb0px||||false|false\u00a0\u00bb custom_margin_phone=\u00a0\u00bb0px||||false|false\u00a0\u00bb custom_margin_last_edited=\u00a0\u00bbon|tablet\u00a0\u00bb custom_padding=\u00a0\u00bb||||false|false\u00a0\u00bb global_colors_info=\u00a0\u00bb{}\u00a0\u00bb]<\/p>\n<h4>Deriva de la l\u00ednea de base y la sensibilidad<\/h4>\n<p>Ofrecemos una plataforma Cloud basada en web para la gesti\u00f3n y configuraci\u00f3n remota de dispositivos de calidad del aire y an\u00e1lisis de datos.<\/p>\n<p>Kunak AIR Cloud dispone de una herramienta de calibraci\u00f3n para reajustar los sensores de forma remota y modificar el cero y la sensibilidad de cada sensor individualmente para corregir la deriva de los sensores.<\/p>\n<p>Solo se necesitan dos puntos para calibrar el equipo, un punto cero para la deriva del cero y un punto de alta concentraci\u00f3n (span) para la deriva de la sensibilidad.<\/p>\n<p>[\/et_pb_text][et_pb_image src=\u00a0\u00bbhttps:\/\/kunakair.com\/wp-content\/uploads\/2023\/02\/Algoritmo-Kunak.jpg\u00a0\u00bb alt=\u00a0\u00bbAlgoritmo Kunak\u00a0\u00bb title_text=\u00a0\u00bbAlgoritmo Kunak\u00a0\u00bb admin_label=\u00a0\u00bbImage\u00a0\u00bb _builder_version=\u00a0\u00bb4.19.5&Prime; _module_preset=\u00a0\u00bbdefault\u00a0\u00bb global_colors_info=\u00a0\u00bb{}\u00a0\u00bb][\/et_pb_image][et_pb_text admin_label=\u00a0\u00bbText\u00a0\u00bb _builder_version=\u00a0\u00bb4.19.5&Prime; _module_preset=\u00a0\u00bbdefault\u00a0\u00bb header_3_font=\u00a0\u00bb|700|||||||\u00a0\u00bb header_3_font_size=\u00a0\u00bb20px\u00a0\u00bb header_3_line_height=\u00a0\u00bb1.2em\u00a0\u00bb custom_margin=\u00a0\u00bb-18px||16px||false|false\u00a0\u00bb custom_margin_tablet=\u00a0\u00bb0px||||false|false\u00a0\u00bb custom_margin_phone=\u00a0\u00bb0px||||false|false\u00a0\u00bb custom_margin_last_edited=\u00a0\u00bbon|tablet\u00a0\u00bb custom_padding=\u00a0\u00bb||||false|false\u00a0\u00bb global_colors_info=\u00a0\u00bb{}\u00a0\u00bb]<\/p>\n<ul>\n<li>En Kunak AIR Cloud, Ud. mismo puede calibrar los sensores o puede contratarlo como servicio adicional.<\/li>\n<li>Kunak garantiza la buena calibraci\u00f3n de cada uno de los cartuchos.<\/li>\n<li>Estos pueden ser reemplazados o enviados a f\u00e1brica para realizar una nueva calibraci\u00f3n una vez hayan alcanzado el final de su vida \u00fatil.<\/li>\n<\/ul>\n<p>M\u00e1s informaci\u00f3n sobre la Kunak AIR Pro como mejor estaci\u00f3n de control de la calidad del aire:<a target=\"_blank\" href=\"https:\/\/www.kunak.es\/blog\/comparativa-de-los-informes-de-evaluacion-de-aqspec\/\"><\/a><\/p>\n<p>[\/et_pb_text][et_pb_button button_url=\u00a0\u00bbhttps:\/\/kunakair.com\/es\/comparativa-de-los-informes-de-evaluacion-de-aqspec\/\u00a0\u00bb url_new_window=\u00a0\u00bbon\u00a0\u00bb button_text=\u00a0\u00bbResultados del programa AQ Spec\u00a0\u00bb button_alignment=\u00a0\u00bbleft\u00a0\u00bb _builder_version=\u00a0\u00bb4.24.2&Prime; _module_preset=\u00a0\u00bbdefault\u00a0\u00bb global_colors_info=\u00a0\u00bb{}\u00a0\u00bb][\/et_pb_button][et_pb_button button_url=\u00a0\u00bbhttps:\/\/kunakair.com\/es\/centro-de-ayuda\/kunak-air\/articulos-de-ayuda\/evidencias-de-funcionamiento\/\u00a0\u00bb url_new_window=\u00a0\u00bbon\u00a0\u00bb button_text=\u00a0\u00bbEvidencias de funcionamiento\u00a0\u00bb button_alignment=\u00a0\u00bbleft\u00a0\u00bb _builder_version=\u00a0\u00bb4.24.2&Prime; _module_preset=\u00a0\u00bbdefault\u00a0\u00bb global_colors_info=\u00a0\u00bb{}\u00a0\u00bb][\/et_pb_button][\/et_pb_column][\/et_pb_row][\/et_pb_section]<\/p>\n","protected":false},"excerpt":{"rendered":"<p>Kunak Help Center\u00bfPor qu\u00e9 Kunak AIR es la mejor estaci\u00f3n de calidad del aire?Despu\u00e9s de 7 a\u00f1os dise\u00f1ando y desplegando estaciones de calidad del aire en todo el mundo, creamos la soluci\u00f3n Kunak AIR, una evoluci\u00f3n de nuestra anterior estaci\u00f3n de monitorizaci\u00f3n de calidad del aire que resuelve los retos asociados a los equipos de [&hellip;]<\/p>\n","protected":false},"author":1,"featured_media":53438,"parent":57274,"menu_order":0,"comment_status":"closed","ping_status":"closed","template":"","meta":{"_acf_changed":false,"_et_pb_use_builder":"on","_et_pb_old_content":"","_et_gb_content_width":"","footnotes":""},"class_list":["post-57285","page","type-page","status-publish","has-post-thumbnail","hentry"],"acf":[],"yoast_head":"<!-- This site is optimized with the Yoast SEO plugin v27.4 - https:\/\/yoast.com\/product\/yoast-seo-wordpress\/ -->\n<title>Pourquoi Kunak AIR est-elle la meilleure station de contr\u00f4le de la qualit\u00e9 de l&#039;air ? - Kunak<\/title>\n<meta name=\"robots\" content=\"index, follow, max-snippet:-1, max-image-preview:large, max-video-preview:-1\" \/>\n<link rel=\"canonical\" href=\"https:\/\/kunakair.com\/fr\/support\/centre-dassistance\/kunak-air\/articles-daide\/pourquoi-kunak-air-est-elle-la-meilleure-station-de-controle-de-la-qualite-de-lair\/\" \/>\n<meta property=\"og:locale\" content=\"fr_FR\" \/>\n<meta property=\"og:type\" content=\"article\" \/>\n<meta property=\"og:title\" content=\"Pourquoi Kunak AIR est-elle la meilleure station de contr\u00f4le de la qualit\u00e9 de l&#039;air ? - Kunak\" \/>\n<meta property=\"og:description\" content=\"Kunak Help Center\u00bfPor qu\u00e9 Kunak AIR es la mejor estaci\u00f3n de calidad del aire?Despu\u00e9s de 7 a\u00f1os dise\u00f1ando y desplegando estaciones de calidad del aire en todo el mundo, creamos la soluci\u00f3n Kunak AIR, una evoluci\u00f3n de nuestra anterior estaci\u00f3n de monitorizaci\u00f3n de calidad del aire que resuelve los retos asociados a los equipos de [&hellip;]\" \/>\n<meta property=\"og:url\" content=\"https:\/\/kunakair.com\/fr\/support\/centre-dassistance\/kunak-air\/articles-daide\/pourquoi-kunak-air-est-elle-la-meilleure-station-de-controle-de-la-qualite-de-lair\/\" \/>\n<meta property=\"og:site_name\" content=\"Kunak\" \/>\n<meta property=\"article:publisher\" content=\"https:\/\/www.facebook.com\/KunakTechnologies\/\" \/>\n<meta property=\"article:modified_time\" content=\"2024-09-03T06:27:05+00:00\" \/>\n<meta property=\"og:image\" content=\"https:\/\/kunakair.com\/wp-content\/uploads\/2022\/12\/cabecera-puerto-1.jpg\" \/>\n\t<meta property=\"og:image:width\" content=\"1920\" \/>\n\t<meta property=\"og:image:height\" content=\"303\" \/>\n\t<meta property=\"og:image:type\" content=\"image\/jpeg\" \/>\n<meta name=\"twitter:card\" content=\"summary_large_image\" \/>\n<meta name=\"twitter:site\" content=\"@KunaK_sensing\" \/>\n<meta name=\"twitter:label1\" content=\"Dur\u00e9e de lecture estim\u00e9e\" \/>\n\t<meta name=\"twitter:data1\" content=\"4 minutes\" \/>\n<!-- \/ Yoast SEO plugin. -->","yoast_head_json":{"title":"Pourquoi Kunak AIR est-elle la meilleure station de contr\u00f4le de la qualit\u00e9 de l'air ? - Kunak","robots":{"index":"index","follow":"follow","max-snippet":"max-snippet:-1","max-image-preview":"max-image-preview:large","max-video-preview":"max-video-preview:-1"},"canonical":"https:\/\/kunakair.com\/fr\/support\/centre-dassistance\/kunak-air\/articles-daide\/pourquoi-kunak-air-est-elle-la-meilleure-station-de-controle-de-la-qualite-de-lair\/","og_locale":"fr_FR","og_type":"article","og_title":"Pourquoi Kunak AIR est-elle la meilleure station de contr\u00f4le de la qualit\u00e9 de l'air ? - Kunak","og_description":"Kunak Help Center\u00bfPor qu\u00e9 Kunak AIR es la mejor estaci\u00f3n de calidad del aire?Despu\u00e9s de 7 a\u00f1os dise\u00f1ando y desplegando estaciones de calidad del aire en todo el mundo, creamos la soluci\u00f3n Kunak AIR, una evoluci\u00f3n de nuestra anterior estaci\u00f3n de monitorizaci\u00f3n de calidad del aire que resuelve los retos asociados a los equipos de [&hellip;]","og_url":"https:\/\/kunakair.com\/fr\/support\/centre-dassistance\/kunak-air\/articles-daide\/pourquoi-kunak-air-est-elle-la-meilleure-station-de-controle-de-la-qualite-de-lair\/","og_site_name":"Kunak","article_publisher":"https:\/\/www.facebook.com\/KunakTechnologies\/","article_modified_time":"2024-09-03T06:27:05+00:00","og_image":[{"width":1920,"height":303,"url":"https:\/\/kunakair.com\/wp-content\/uploads\/2022\/12\/cabecera-puerto-1.jpg","type":"image\/jpeg"}],"twitter_card":"summary_large_image","twitter_site":"@KunaK_sensing","twitter_misc":{"Dur\u00e9e de lecture estim\u00e9e":"4 minutes"},"schema":{"@context":"https:\/\/schema.org","@graph":[{"@type":"WebPage","@id":"https:\/\/kunakair.com\/fr\/support\/centre-dassistance\/kunak-air\/articles-daide\/pourquoi-kunak-air-est-elle-la-meilleure-station-de-controle-de-la-qualite-de-lair\/","url":"https:\/\/kunakair.com\/fr\/support\/centre-dassistance\/kunak-air\/articles-daide\/pourquoi-kunak-air-est-elle-la-meilleure-station-de-controle-de-la-qualite-de-lair\/","name":"Pourquoi Kunak AIR est-elle la meilleure station de contr\u00f4le de la qualit\u00e9 de l'air ? - Kunak","isPartOf":{"@id":"https:\/\/kunakair.com\/fr\/#website"},"primaryImageOfPage":{"@id":"https:\/\/kunakair.com\/fr\/support\/centre-dassistance\/kunak-air\/articles-daide\/pourquoi-kunak-air-est-elle-la-meilleure-station-de-controle-de-la-qualite-de-lair\/#primaryimage"},"image":{"@id":"https:\/\/kunakair.com\/fr\/support\/centre-dassistance\/kunak-air\/articles-daide\/pourquoi-kunak-air-est-elle-la-meilleure-station-de-controle-de-la-qualite-de-lair\/#primaryimage"},"thumbnailUrl":"https:\/\/kunakair.com\/wp-content\/uploads\/2022\/12\/cabecera-puerto-1.jpg","datePublished":"2023-02-13T07:54:15+00:00","dateModified":"2024-09-03T06:27:05+00:00","breadcrumb":{"@id":"https:\/\/kunakair.com\/fr\/support\/centre-dassistance\/kunak-air\/articles-daide\/pourquoi-kunak-air-est-elle-la-meilleure-station-de-controle-de-la-qualite-de-lair\/#breadcrumb"},"inLanguage":"fr-FR","potentialAction":[{"@type":"ReadAction","target":["https:\/\/kunakair.com\/fr\/support\/centre-dassistance\/kunak-air\/articles-daide\/pourquoi-kunak-air-est-elle-la-meilleure-station-de-controle-de-la-qualite-de-lair\/"]}]},{"@type":"ImageObject","inLanguage":"fr-FR","@id":"https:\/\/kunakair.com\/fr\/support\/centre-dassistance\/kunak-air\/articles-daide\/pourquoi-kunak-air-est-elle-la-meilleure-station-de-controle-de-la-qualite-de-lair\/#primaryimage","url":"https:\/\/kunakair.com\/wp-content\/uploads\/2022\/12\/cabecera-puerto-1.jpg","contentUrl":"https:\/\/kunakair.com\/wp-content\/uploads\/2022\/12\/cabecera-puerto-1.jpg","width":1920,"height":303},{"@type":"BreadcrumbList","@id":"https:\/\/kunakair.com\/fr\/support\/centre-dassistance\/kunak-air\/articles-daide\/pourquoi-kunak-air-est-elle-la-meilleure-station-de-controle-de-la-qualite-de-lair\/#breadcrumb","itemListElement":[{"@type":"ListItem","position":1,"name":"Home","item":"https:\/\/kunakair.com\/fr\/"},{"@type":"ListItem","position":2,"name":"Support","item":"https:\/\/kunakair.com\/fr\/support\/"},{"@type":"ListItem","position":3,"name":"Kunak AIR","item":"https:\/\/kunakair.com\/fr\/soporte\/centre-dassistance\/kunak-air\/"},{"@type":"ListItem","position":4,"name":"Articles d&#8217;aide","item":"https:\/\/kunakair.com\/fr\/soporte\/centre-dassistance\/kunak-air\/articles-daide\/"},{"@type":"ListItem","position":5,"name":"Pourquoi Kunak AIR est-elle la meilleure station de contr\u00f4le de la qualit\u00e9 de l&#8217;air ?"}]},{"@type":"WebSite","@id":"https:\/\/kunakair.com\/fr\/#website","url":"https:\/\/kunakair.com\/fr\/","name":"KUNAK","description":"Sensing anywhere","publisher":{"@id":"https:\/\/kunakair.com\/fr\/#organization"},"alternateName":"Sensing anywhere","potentialAction":[{"@type":"SearchAction","target":{"@type":"EntryPoint","urlTemplate":"https:\/\/kunakair.com\/fr\/?s={search_term_string}"},"query-input":{"@type":"PropertyValueSpecification","valueRequired":true,"valueName":"search_term_string"}}],"inLanguage":"fr-FR"},{"@type":"Organization","@id":"https:\/\/kunakair.com\/fr\/#organization","name":"KUNAK","alternateName":"Sensing anywhere","url":"https:\/\/kunakair.com\/fr\/","logo":{"@type":"ImageObject","inLanguage":"fr-FR","@id":"https:\/\/kunakair.com\/fr\/#\/schema\/logo\/image\/","url":"https:\/\/kunakair.com\/wp-content\/uploads\/2022\/09\/logo-kunak-cuadrado.jpg","contentUrl":"https:\/\/kunakair.com\/wp-content\/uploads\/2022\/09\/logo-kunak-cuadrado.jpg","width":1000,"height":1000,"caption":"KUNAK"},"image":{"@id":"https:\/\/kunakair.com\/fr\/#\/schema\/logo\/image\/"},"sameAs":["https:\/\/www.facebook.com\/KunakTechnologies\/","https:\/\/x.com\/KunaK_sensing","https:\/\/www.linkedin.com\/company\/kunak\/","https:\/\/www.instagram.com\/kunak_technologies\/","https:\/\/www.youtube.com\/channel\/UC-suigTybwCW50od_rhTZxg"]}]}},"_links":{"self":[{"href":"https:\/\/kunakair.com\/fr\/wp-json\/wp\/v2\/pages\/57285","targetHints":{"allow":["GET"]}}],"collection":[{"href":"https:\/\/kunakair.com\/fr\/wp-json\/wp\/v2\/pages"}],"about":[{"href":"https:\/\/kunakair.com\/fr\/wp-json\/wp\/v2\/types\/page"}],"author":[{"embeddable":true,"href":"https:\/\/kunakair.com\/fr\/wp-json\/wp\/v2\/users\/1"}],"replies":[{"embeddable":true,"href":"https:\/\/kunakair.com\/fr\/wp-json\/wp\/v2\/comments?post=57285"}],"version-history":[{"count":3,"href":"https:\/\/kunakair.com\/fr\/wp-json\/wp\/v2\/pages\/57285\/revisions"}],"predecessor-version":[{"id":57289,"href":"https:\/\/kunakair.com\/fr\/wp-json\/wp\/v2\/pages\/57285\/revisions\/57289"}],"up":[{"embeddable":true,"href":"https:\/\/kunakair.com\/fr\/wp-json\/wp\/v2\/pages\/57274"}],"wp:featuredmedia":[{"embeddable":true,"href":"https:\/\/kunakair.com\/fr\/wp-json\/wp\/v2\/media\/53438"}],"wp:attachment":[{"href":"https:\/\/kunakair.com\/fr\/wp-json\/wp\/v2\/media?parent=57285"}],"curies":[{"name":"wp","href":"https:\/\/api.w.org\/{rel}","templated":true}]}}