{"id":53267,"date":"2024-08-29T15:52:05","date_gmt":"2024-08-29T13:52:05","guid":{"rendered":"https:\/\/kunakair.com\/etudes-de-cas\/"},"modified":"2024-08-30T07:22:51","modified_gmt":"2024-08-30T05:22:51","slug":"etudes-de-cas","status":"publish","type":"page","link":"https:\/\/kunakair.com\/fr\/etudes-de-cas\/","title":{"rendered":"\u00c9tudes de cas"},"content":{"rendered":"<p>Esta p\u00e1gina no tiene contenido, es un contenedor de los custom post type \u00ab\u00a0Case Studies\u00a0\u00bb.<\/p>\n","protected":false},"excerpt":{"rendered":"<p>En savoir plus sur nos projets r\u00e9cents les plus int\u00e9ressants<\/p>\n","protected":false},"author":1,"featured_media":55138,"parent":0,"menu_order":0,"comment_status":"closed","ping_status":"closed","template":"case-studies.php","meta":{"_acf_changed":false,"_et_pb_use_builder":"","_et_pb_old_content":"","_et_gb_content_width":"","footnotes":""},"class_list":["post-53267","page","type-page","status-publish","has-post-thumbnail","hentry"],"acf":[],"yoast_head":"<!-- This site is optimized with the Yoast SEO plugin v27.4 - https:\/\/yoast.com\/product\/yoast-seo-wordpress\/ -->\n<title>Projets de surveillance de l&#039;environnement avec les capteurs AIR de Kunak.<\/title>\n<meta name=\"description\" content=\"D\u00e9couvrez les principaux projets de surveillance environnementale et de contr\u00f4le de la pollution r\u00e9alis\u00e9s avec la technologie Kunak.\" \/>\n<meta name=\"robots\" content=\"index, follow, max-snippet:-1, max-image-preview:large, max-video-preview:-1\" \/>\n<link rel=\"canonical\" href=\"https:\/\/kunakair.com\/fr\/etudes-de-cas\/\" \/>\n<meta property=\"og:locale\" content=\"fr_FR\" \/>\n<meta property=\"og:type\" content=\"article\" \/>\n<meta property=\"og:title\" content=\"Projets de surveillance de l&#039;environnement avec les capteurs AIR de Kunak.\" \/>\n<meta property=\"og:description\" content=\"D\u00e9couvrez les principaux projets de surveillance environnementale et de contr\u00f4le de la pollution r\u00e9alis\u00e9s avec la technologie Kunak.\" \/>\n<meta property=\"og:url\" content=\"https:\/\/kunakair.com\/fr\/etudes-de-cas\/\" \/>\n<meta property=\"og:site_name\" content=\"Kunak\" \/>\n<meta property=\"article:publisher\" content=\"https:\/\/www.facebook.com\/KunakTechnologies\/\" \/>\n<meta property=\"article:modified_time\" content=\"2024-08-30T05:22:51+00:00\" \/>\n<meta property=\"og:image\" content=\"https:\/\/kunakair.com\/wp-content\/uploads\/2023\/02\/urban-air-quality.jpg\" \/>\n\t<meta property=\"og:image:width\" content=\"1920\" \/>\n\t<meta property=\"og:image:height\" content=\"600\" \/>\n\t<meta property=\"og:image:type\" content=\"image\/jpeg\" \/>\n<meta name=\"twitter:card\" content=\"summary_large_image\" \/>\n<meta name=\"twitter:site\" content=\"@KunaK_sensing\" \/>\n<meta name=\"twitter:label1\" content=\"Dur\u00e9e de lecture estim\u00e9e\" \/>\n\t<meta name=\"twitter:data1\" content=\"1 minute\" \/>\n<!-- \/ Yoast SEO plugin. -->","yoast_head_json":{"title":"Projets de surveillance de l'environnement avec les capteurs AIR de Kunak.","description":"D\u00e9couvrez les principaux projets de surveillance environnementale et de contr\u00f4le de la pollution r\u00e9alis\u00e9s avec la technologie Kunak.","robots":{"index":"index","follow":"follow","max-snippet":"max-snippet:-1","max-image-preview":"max-image-preview:large","max-video-preview":"max-video-preview:-1"},"canonical":"https:\/\/kunakair.com\/fr\/etudes-de-cas\/","og_locale":"fr_FR","og_type":"article","og_title":"Projets de surveillance de l'environnement avec les capteurs AIR de Kunak.","og_description":"D\u00e9couvrez les principaux projets de surveillance environnementale et de contr\u00f4le de la pollution r\u00e9alis\u00e9s avec la technologie Kunak.","og_url":"https:\/\/kunakair.com\/fr\/etudes-de-cas\/","og_site_name":"Kunak","article_publisher":"https:\/\/www.facebook.com\/KunakTechnologies\/","article_modified_time":"2024-08-30T05:22:51+00:00","og_image":[{"width":1920,"height":600,"url":"https:\/\/kunakair.com\/wp-content\/uploads\/2023\/02\/urban-air-quality.jpg","type":"image\/jpeg"}],"twitter_card":"summary_large_image","twitter_site":"@KunaK_sensing","twitter_misc":{"Dur\u00e9e de lecture estim\u00e9e":"1 minute"},"schema":{"@context":"https:\/\/schema.org","@graph":[{"@type":"WebPage","@id":"https:\/\/kunakair.com\/fr\/etudes-de-cas\/","url":"https:\/\/kunakair.com\/fr\/etudes-de-cas\/","name":"Projets de surveillance de l'environnement avec les capteurs AIR de Kunak.","isPartOf":{"@id":"https:\/\/kunakair.com\/fr\/#website"},"primaryImageOfPage":{"@id":"https:\/\/kunakair.com\/fr\/etudes-de-cas\/#primaryimage"},"image":{"@id":"https:\/\/kunakair.com\/fr\/etudes-de-cas\/#primaryimage"},"thumbnailUrl":"https:\/\/kunakair.com\/wp-content\/uploads\/2023\/02\/urban-air-quality.jpg","datePublished":"2024-08-29T13:52:05+00:00","dateModified":"2024-08-30T05:22:51+00:00","description":"D\u00e9couvrez les principaux projets de surveillance environnementale et de contr\u00f4le de la pollution r\u00e9alis\u00e9s avec la technologie Kunak.","breadcrumb":{"@id":"https:\/\/kunakair.com\/fr\/etudes-de-cas\/#breadcrumb"},"inLanguage":"fr-FR","potentialAction":[{"@type":"ReadAction","target":["https:\/\/kunakair.com\/fr\/etudes-de-cas\/"]}]},{"@type":"ImageObject","inLanguage":"fr-FR","@id":"https:\/\/kunakair.com\/fr\/etudes-de-cas\/#primaryimage","url":"https:\/\/kunakair.com\/wp-content\/uploads\/2023\/02\/urban-air-quality.jpg","contentUrl":"https:\/\/kunakair.com\/wp-content\/uploads\/2023\/02\/urban-air-quality.jpg","width":1920,"height":600},{"@type":"BreadcrumbList","@id":"https:\/\/kunakair.com\/fr\/etudes-de-cas\/#breadcrumb","itemListElement":[{"@type":"ListItem","position":1,"name":"Home","item":"https:\/\/kunakair.com\/fr\/"},{"@type":"ListItem","position":2,"name":"\u00c9tudes de cas"}]},{"@type":"WebSite","@id":"https:\/\/kunakair.com\/fr\/#website","url":"https:\/\/kunakair.com\/fr\/","name":"KUNAK","description":"Sensing anywhere","publisher":{"@id":"https:\/\/kunakair.com\/fr\/#organization"},"alternateName":"Sensing anywhere","potentialAction":[{"@type":"SearchAction","target":{"@type":"EntryPoint","urlTemplate":"https:\/\/kunakair.com\/fr\/?s={search_term_string}"},"query-input":{"@type":"PropertyValueSpecification","valueRequired":true,"valueName":"search_term_string"}}],"inLanguage":"fr-FR"},{"@type":"Organization","@id":"https:\/\/kunakair.com\/fr\/#organization","name":"KUNAK","alternateName":"Sensing anywhere","url":"https:\/\/kunakair.com\/fr\/","logo":{"@type":"ImageObject","inLanguage":"fr-FR","@id":"https:\/\/kunakair.com\/fr\/#\/schema\/logo\/image\/","url":"https:\/\/kunakair.com\/wp-content\/uploads\/2022\/09\/logo-kunak-cuadrado.jpg","contentUrl":"https:\/\/kunakair.com\/wp-content\/uploads\/2022\/09\/logo-kunak-cuadrado.jpg","width":1000,"height":1000,"caption":"KUNAK"},"image":{"@id":"https:\/\/kunakair.com\/fr\/#\/schema\/logo\/image\/"},"sameAs":["https:\/\/www.facebook.com\/KunakTechnologies\/","https:\/\/x.com\/KunaK_sensing","https:\/\/www.linkedin.com\/company\/kunak\/","https:\/\/www.instagram.com\/kunak_technologies\/","https:\/\/www.youtube.com\/channel\/UC-suigTybwCW50od_rhTZxg"]}]}},"_links":{"self":[{"href":"https:\/\/kunakair.com\/fr\/wp-json\/wp\/v2\/pages\/53267","targetHints":{"allow":["GET"]}}],"collection":[{"href":"https:\/\/kunakair.com\/fr\/wp-json\/wp\/v2\/pages"}],"about":[{"href":"https:\/\/kunakair.com\/fr\/wp-json\/wp\/v2\/types\/page"}],"author":[{"embeddable":true,"href":"https:\/\/kunakair.com\/fr\/wp-json\/wp\/v2\/users\/1"}],"replies":[{"embeddable":true,"href":"https:\/\/kunakair.com\/fr\/wp-json\/wp\/v2\/comments?post=53267"}],"version-history":[{"count":2,"href":"https:\/\/kunakair.com\/fr\/wp-json\/wp\/v2\/pages\/53267\/revisions"}],"predecessor-version":[{"id":56624,"href":"https:\/\/kunakair.com\/fr\/wp-json\/wp\/v2\/pages\/53267\/revisions\/56624"}],"wp:featuredmedia":[{"embeddable":true,"href":"https:\/\/kunakair.com\/fr\/wp-json\/wp\/v2\/media\/55138"}],"wp:attachment":[{"href":"https:\/\/kunakair.com\/fr\/wp-json\/wp\/v2\/media?parent=53267"}],"curies":[{"name":"wp","href":"https:\/\/api.w.org\/{rel}","templated":true}]}}