{"id":33769,"date":"2024-02-03T10:52:26","date_gmt":"2024-02-03T08:52:26","guid":{"rendered":"https:\/\/kunakair.com\/?page_id=33769"},"modified":"2025-10-10T13:12:27","modified_gmt":"2025-10-10T11:12:27","slug":"kunakpedia","status":"publish","type":"page","link":"https:\/\/kunakair.com\/es\/recursos\/kunakpedia\/","title":{"rendered":"Kunakpedia"},"content":{"rendered":"<p>[et_pb_section fb_built=\u00bb1&#8243; admin_label=\u00bbBreadcrumbs\u00bb _builder_version=\u00bb4.19.2&#8243; _module_preset=\u00bbdefault\u00bb custom_padding=\u00bb0px||0px||true|false\u00bb da_disable_devices=\u00bboff|off|off\u00bb locked=\u00bboff\u00bb global_colors_info=\u00bb{}\u00bb da_is_popup=\u00bboff\u00bb da_exit_intent=\u00bboff\u00bb da_has_close=\u00bbon\u00bb da_alt_close=\u00bboff\u00bb da_dark_close=\u00bboff\u00bb da_not_modal=\u00bbon\u00bb da_is_singular=\u00bboff\u00bb da_with_loader=\u00bboff\u00bb da_has_shadow=\u00bbon\u00bb][et_pb_row _builder_version=\u00bb4.19.2&#8243; _module_preset=\u00bbdefault\u00bb custom_padding=\u00bb12px||12px||true|false\u00bb global_colors_info=\u00bb{}\u00bb][et_pb_column type=\u00bb4_4&#8243; _builder_version=\u00bb4.19.2&#8243; _module_preset=\u00bbdefault\u00bb global_colors_info=\u00bb{}\u00bb][et_pb_text module_class=\u00bbbreadcrumbs\u00bb _builder_version=\u00bb4.24.0&#8243; _module_preset=\u00bbdefault\u00bb text_font=\u00bbManrope|||on|||||\u00bb text_text_color=\u00bbgcid-45617b03-60fd-49ec-b901-8322915a832a\u00bb text_font_size=\u00bb12px\u00bb text_letter_spacing=\u00bb0.3px\u00bb link_text_color=\u00bbgcid-45617b03-60fd-49ec-b901-8322915a832a\u00bb global_colors_info=\u00bb{%22gcid-45617b03-60fd-49ec-b901-8322915a832a%22:%91%22text_text_color%22,%22link_text_color%22%93}\u00bb text_text_color__hover_enabled=\u00bboff|desktop\u00bb link_text_color__hover_enabled=\u00bbon|desktop\u00bb link_text_color__hover=\u00bbrgba(0,117,201,0.7)\u00bb]<ol class=\"kunak-breadcrumbs\" itemscope itemtype=\"http:\/\/schema.org\/BreadcrumbList\"><li itemprop=\"itemListElement\" itemscope itemtype=\"http:\/\/schema.org\/ListItem\"><a itemprop=\"item\" href=\"https:\/\/kunakair.com\/es\/\" itemprop=\"item\"><span itemprop=\"name\">Inicio<\/span><\/a><meta itemprop=\"position\" content=\"1\"><\/li><\/ol>[\/et_pb_text][\/et_pb_column][\/et_pb_row][\/et_pb_section][et_pb_section fb_built=\u00bb1&#8243; custom_padding_last_edited=\u00bbon|tablet\u00bb admin_label=\u00bbIntro + Sectores\u00bb _builder_version=\u00bb4.19.5&#8243; _module_preset=\u00bbdefault\u00bb background_enable_image=\u00bboff\u00bb background_size=\u00bbinitial\u00bb background_position=\u00bbcenter_left\u00bb custom_padding=\u00bb||40px||false|false\u00bb custom_padding_tablet=\u00bb||20px||false|false\u00bb custom_padding_phone=\u00bb||20px||false|false\u00bb da_disable_devices=\u00bboff|off|off\u00bb locked=\u00bboff\u00bb global_colors_info=\u00bb{}\u00bb da_is_popup=\u00bboff\u00bb da_exit_intent=\u00bboff\u00bb da_has_close=\u00bbon\u00bb da_alt_close=\u00bboff\u00bb da_dark_close=\u00bboff\u00bb da_not_modal=\u00bbon\u00bb da_is_singular=\u00bboff\u00bb da_with_loader=\u00bboff\u00bb da_has_shadow=\u00bbon\u00bb][et_pb_row column_structure=\u00bb2_3,1_3&#8243; admin_label=\u00bbSectors\u00bb _builder_version=\u00bb4.24.0&#8243; _module_preset=\u00bbdefault\u00bb global_colors_info=\u00bb{}\u00bb][et_pb_column type=\u00bb2_3&#8243; _builder_version=\u00bb4.19.2&#8243; _module_preset=\u00bbdefault\u00bb global_colors_info=\u00bb{}\u00bb][et_pb_image src=\u00bbhttps:\/\/kunakair.com\/wp-content\/uploads\/2022\/12\/punteado.svg\u00bb alt=\u00bbImagen de recurso\u00bb title_text=\u00bbPunteado\u00bb admin_label=\u00bbPunteado\u00bb _builder_version=\u00bb4.19.2&#8243; _module_preset=\u00bbdefault\u00bb positioning=\u00bbabsolute\u00bb vertical_offset=\u00bb-40px\u00bb horizontal_offset=\u00bb-65px\u00bb z_index=\u00bb-1&#8243; global_colors_info=\u00bb{}\u00bb][\/et_pb_image][et_pb_text admin_label=\u00bbH1&#8243; _builder_version=\u00bb4.27.4&#8243; _module_preset=\u00bbdefault\u00bb text_font=\u00bb|800|||||||\u00bb text_text_color=\u00bbgcid-45617b03-60fd-49ec-b901-8322915a832a\u00bb text_font_size=\u00bb15px\u00bb text_letter_spacing=\u00bb0.1px\u00bb header_font=\u00bb|300|||||||\u00bb header_font_size=\u00bb44.1px\u00bb header_line_height=\u00bb1.25em\u00bb header_2_font=\u00bb|300|||||||\u00bb header_2_font_size=\u00bb44px\u00bb header_2_line_height=\u00bb1.25em\u00bb custom_margin=\u00bb||1.75%||false|false\u00bb custom_margin_tablet=\u00bb||20px||false|false\u00bb custom_margin_phone=\u00bb||20px||false|false\u00bb custom_margin_last_edited=\u00bbon|desktop\u00bb custom_padding=\u00bb||||false|false\u00bb header_font_size_tablet=\u00bb35px\u00bb header_font_size_phone=\u00bb35px\u00bb header_font_size_last_edited=\u00bbon|tablet\u00bb header_2_font_size_tablet=\u00bb35px\u00bb header_2_font_size_phone=\u00bb35px\u00bb header_2_font_size_last_edited=\u00bbon|desktop\u00bb global_colors_info=\u00bb{%22gcid-45617b03-60fd-49ec-b901-8322915a832a%22:%91%22text_text_color%22%93}\u00bb]<\/p>\n<h1>Kunakpedia<\/h1>\n<p>[\/et_pb_text][et_pb_text admin_label=\u00bbTexto\u00bb _builder_version=\u00bb4.27.4&#8243; _module_preset=\u00bbdefault\u00bb text_font=\u00bb||||||||\u00bb text_text_color=\u00bb#333333&#8243; text_letter_spacing=\u00bb0.1px\u00bb header_font=\u00bb|300|||||||\u00bb header_font_size=\u00bb44.1px\u00bb header_line_height=\u00bb1.25em\u00bb header_2_font=\u00bb|300|||||||\u00bb header_2_font_size=\u00bb44px\u00bb header_2_line_height=\u00bb1.25em\u00bb custom_margin=\u00bb||1.75%||false|false\u00bb custom_margin_tablet=\u00bb||20px||false|false\u00bb custom_margin_phone=\u00bb||20px||false|false\u00bb custom_margin_last_edited=\u00bbon|desktop\u00bb custom_padding=\u00bb||||false|false\u00bb header_font_size_tablet=\u00bb35px\u00bb header_font_size_phone=\u00bb35px\u00bb header_font_size_last_edited=\u00bbon|tablet\u00bb header_2_font_size_tablet=\u00bb35px\u00bb header_2_font_size_phone=\u00bb35px\u00bb header_2_font_size_last_edited=\u00bbon|desktop\u00bb global_colors_info=\u00bb{}\u00bb]<\/p>\n<p>En esta secci\u00f3n recopilamos los conceptos clave relacionados con la monitorizaci\u00f3n ambiental, la calidad del aire y las soluciones tecnol\u00f3gicas de Kunak, donde encontrar\u00e1s definiciones precisas y explicaciones claras sobre gases, contaminantes, procesos y tecnolog\u00edas que forman parte del ecosistema Kunak, ordenador alfab\u00e9ticamente.<\/p>\n<p>[\/et_pb_text][et_pb_text disabled_on=\u00bboff|off|on\u00bb admin_label=\u00bbshortcode lista alfab\u00e9tica\u00bb module_class=\u00bblista-tax-resources\u00bb _builder_version=\u00bb4.24.0&#8243; _module_preset=\u00bbdefault\u00bb global_colors_info=\u00bb{}\u00bb]<\/p>\n<div class=\"glosario-letras\"><ul><li><a href=\"#glossary-a\" class=\"glosario-letra activa\">A<\/a><\/li><li><span class=\"glosario-letra\">B<\/li><li><a href=\"#glossary-c\" class=\"glosario-letra activa\">C<\/a><\/li><li><a href=\"#glossary-d\" class=\"glosario-letra activa\">D<\/a><\/li><li><a href=\"#glossary-e\" class=\"glosario-letra activa\">E<\/a><\/li><li><a href=\"#glossary-f\" class=\"glosario-letra activa\">F<\/a><\/li><li><a href=\"#glossary-g\" class=\"glosario-letra activa\">G<\/a><\/li><li><a href=\"#glossary-h\" class=\"glosario-letra activa\">H<\/a><\/li><li><a href=\"#glossary-i\" class=\"glosario-letra activa\">I<\/a><\/li><li><a href=\"#glossary-j\" class=\"glosario-letra activa\">J<\/a><\/li><li><span class=\"glosario-letra\">K<\/li><li><span class=\"glosario-letra\">L<\/li><li><a href=\"#glossary-m\" class=\"glosario-letra activa\">M<\/a><\/li><li><span class=\"glosario-letra\">N<\/li><li><span class=\"glosario-letra\">\u00d1<\/li><li><a href=\"#glossary-o\" class=\"glosario-letra activa\">O<\/a><\/li><li><a href=\"#glossary-p\" class=\"glosario-letra activa\">P<\/a><\/li><li><span class=\"glosario-letra\">Q<\/li><li><a href=\"#glossary-r\" class=\"glosario-letra activa\">R<\/a><\/li><li><a href=\"#glossary-s\" class=\"glosario-letra activa\">S<\/a><\/li><li><span class=\"glosario-letra\">T<\/li><li><span class=\"glosario-letra\">U<\/li><li><a href=\"#glossary-v\" class=\"glosario-letra activa\">V<\/a><\/li><li><span class=\"glosario-letra\">W<\/li><li><span class=\"glosario-letra\">X<\/li><li><span class=\"glosario-letra\">Y<\/li><li><span class=\"glosario-letra\">Z<\/li><\/ul><\/div>\n<p>[\/et_pb_text][et_pb_text admin_label=\u00bbshortcode lista de t\u00e9rminos\u00bb module_class=\u00bblista-tax-resources\u00bb _builder_version=\u00bb4.24.0&#8243; _module_preset=\u00bbdefault\u00bb global_colors_info=\u00bb{}\u00bb]<\/p>\n<div class=\"glosario-terminos\"><h3 id=\"glossary-a\">A<\/h3><ul><li><a href=\"https:\/\/kunakair.com\/es\/aaqms-estaciones-de-calidad-del-aire\/\">AAQMS (Estaciones de calidad del aire ambiente)<\/a><\/li><li><a href=\"https:\/\/kunakair.com\/es\/amoniaco-nh3\/\">Amon\u00edaco (NH<sub>3<\/sub>)<\/a><\/li><\/ul><h3 id=\"glossary-c\">C<\/h3><ul><li><a href=\"https:\/\/kunakair.com\/es\/calidad-del-aire\/\">Calidad del aire<\/a><\/li><li><a href=\"https:\/\/kunakair.com\/es\/cianuro-de-hidrogeno-hcn\/\">Cianuro de hidr\u00f3geno (HCN)<\/a><\/li><li><a href=\"https:\/\/kunakair.com\/es\/cloro-cl2-dioxido-de-cloro-clo2\/\">Cloro (Cl<sub>2<\/sub>) &#8211; Di\u00f3xido de cloro (ClO<sub>2<\/sub>)<\/a><\/li><li><a href=\"https:\/\/kunakair.com\/es\/cloruro-de-hidrogeno-hcl\/\">Cloruro de hidr\u00f3geno (HCl)<\/a><\/li><li><a href=\"https:\/\/kunakair.com\/es\/compuestos-organicos-volatiles\/\">Compuestos org\u00e1nicos vol\u00e1tiles (COV)<\/a><\/li><li><a href=\"https:\/\/kunakair.com\/es\/contaminantes-atmosfericos\/\">Contaminantes atmosf\u00e9ricos<\/a><\/li><\/ul><h3 id=\"glossary-d\">D<\/h3><ul><li><a href=\"https:\/\/kunakair.com\/es\/dioxido-de-azufre\/\">Di\u00f3xido de azufre (SO<sub>2<\/sub>)<\/a><\/li><li><a href=\"https:\/\/kunakair.com\/es\/dioxido-de-carbono\/\">Di\u00f3xido de carbono (CO<sub>2<\/sub>)<\/a><\/li><li><a href=\"https:\/\/kunakair.com\/es\/dioxido-de-nitrogeno\/\">Di\u00f3xido de nitr\u00f3geno (NO<sub>2<\/sub>)<\/a><\/li><\/ul><h3 id=\"glossary-e\">E<\/h3><ul><li><a href=\"https:\/\/kunakair.com\/es\/emisiones-atmosfericas\/\">Emisiones atmosf\u00e9ricas<\/a><\/li><li><a href=\"https:\/\/kunakair.com\/es\/esmog\/\">Esmog<\/a><\/li><li><a href=\"https:\/\/kunakair.com\/es\/estaciones-de-calidad-del-aire\/\">Estaciones de calidad del aire<\/a><\/li><\/ul><h3 id=\"glossary-f\">F<\/h3><ul><li><a href=\"https:\/\/kunakair.com\/es\/fluoruro-de-hidrogeno-hf\/\">Fluoruro de hidr\u00f3geno (HF)<\/a><\/li><\/ul><h3 id=\"glossary-g\">G<\/h3><ul><li><a href=\"https:\/\/kunakair.com\/es\/gases-de-efecto-invernadero\/\">Gases de efecto invernadero<\/a><\/li><\/ul><h3 id=\"glossary-h\">H<\/h3><ul><li><a href=\"https:\/\/kunakair.com\/es\/hidrocarburos-no-metanicos-nmhc\/\">Hidrocarburos no met\u00e1nicos (NMHC)<\/a><\/li><li><a href=\"https:\/\/kunakair.com\/es\/huella-de-carbono\/\">Huella de carbono<\/a><\/li><\/ul><h3 id=\"glossary-i\">I<\/h3><ul><li><a href=\"https:\/\/kunakair.com\/es\/indice-de-calidad-del-aire\/\">\u00cdndice de calidad del aire<\/a><\/li><li><a href=\"https:\/\/kunakair.com\/es\/inmisiones-atmosfericas\/\">Inmisiones atmosf\u00e9ricas<\/a><\/li><\/ul><h3 id=\"glossary-j\">J<\/h3><ul><li><a href=\"https:\/\/kunakair.com\/es\/justicia-ambiental\/\">Justicia ambiental<\/a><\/li><\/ul><h3 id=\"glossary-m\">M<\/h3><ul><li><a href=\"https:\/\/kunakair.com\/es\/metano\/\">Metano (CH<sub>4<\/sub>)<\/a><\/li><li><a href=\"https:\/\/kunakair.com\/es\/monitorizacion-de-la-calidad-del-aire\/\">Monitorizaci\u00f3n de la calidad del aire<\/a><\/li><li><a href=\"https:\/\/kunakair.com\/es\/monoxido-de-carbono\/\">Mon\u00f3xido de carbono (CO)<\/a><\/li><\/ul><h3 id=\"glossary-o\">O<\/h3><ul><li><a href=\"https:\/\/kunakair.com\/es\/oxido-nitrico-no\/\">\u00d3xido n\u00edtrico (NO)<\/a><\/li><li><a href=\"https:\/\/kunakair.com\/es\/oxigeno\/\">Ox\u00edgeno (O<sub>2<\/sub>)<\/a><\/li><li><a href=\"https:\/\/kunakair.com\/es\/ozono-troposferico\/\">Ozono (O<sub>3<\/sub>)<\/a><\/li><\/ul><h3 id=\"glossary-p\">P<\/h3><ul><li><a href=\"https:\/\/kunakair.com\/es\/particulas-en-suspension\/\">Part\u00edculas en suspensi\u00f3n (PM)<\/a><\/li><li><a href=\"https:\/\/kunakair.com\/es\/particulas-ultrafinas\/\">Part\u00edculas ultrafinas<\/a><\/li><\/ul><h3 id=\"glossary-r\">R<\/h3><ul><li><a href=\"https:\/\/kunakair.com\/es\/redes-de-vigilancia-de-calidad-del-aire\/\">Redes de vigilancia de calidad del aire<\/a><\/li><li><a href=\"https:\/\/kunakair.com\/es\/ruido\/\">Ruido<\/a><\/li><\/ul><h3 id=\"glossary-s\">S<\/h3><ul><li><a href=\"https:\/\/kunakair.com\/es\/sensor-calidad-aire\/\">Sensor de calidad del aire<\/a><\/li><li><a href=\"https:\/\/kunakair.com\/es\/sulfuro-de-hidrogeno\/\">Sulfuro de hidr\u00f3geno (H<sub>2<\/sub>S)<\/a><\/li><\/ul><h3 id=\"glossary-v\">V<\/h3><ul><li><a href=\"https:\/\/kunakair.com\/es\/vigilancia-perimetral-calidad-del-aire\/\">Vigilancia perimetral<\/a><\/li><\/ul><\/div>\n<p>[\/et_pb_text][\/et_pb_column][et_pb_column type=\u00bb1_3&#8243; _builder_version=\u00bb4.24.0&#8243; _module_preset=\u00bbdefault\u00bb sticky_position=\u00bbtop\u00bb sticky_limit_bottom=\u00bbbody\u00bb sticky_position_tablet=\u00bbnone\u00bb sticky_position_phone=\u00bbnone\u00bb sticky_position_last_edited=\u00bbon|phone\u00bb sticky_offset_top_tablet=\u00bb0px\u00bb sticky_offset_top_phone=\u00bb0px\u00bb sticky_offset_top_last_edited=\u00bbon|desktop\u00bb global_colors_info=\u00bb{}\u00bb][et_pb_text disabled_on=\u00bbon|on|off\u00bb admin_label=\u00bbshortcode lista alfab\u00e9tica\u00bb module_class=\u00bblista-tax-resources\u00bb _builder_version=\u00bb4.24.0&#8243; _module_preset=\u00bbdefault\u00bb global_colors_info=\u00bb{}\u00bb]<\/p>\n<div class=\"glosario-letras\"><ul><li><a href=\"#glossary-a\" class=\"glosario-letra activa\">A<\/a><\/li><li><span class=\"glosario-letra\">B<\/li><li><a href=\"#glossary-c\" class=\"glosario-letra activa\">C<\/a><\/li><li><a href=\"#glossary-d\" class=\"glosario-letra activa\">D<\/a><\/li><li><a href=\"#glossary-e\" class=\"glosario-letra activa\">E<\/a><\/li><li><a href=\"#glossary-f\" class=\"glosario-letra activa\">F<\/a><\/li><li><a href=\"#glossary-g\" class=\"glosario-letra activa\">G<\/a><\/li><li><a href=\"#glossary-h\" class=\"glosario-letra activa\">H<\/a><\/li><li><a href=\"#glossary-i\" class=\"glosario-letra activa\">I<\/a><\/li><li><a href=\"#glossary-j\" class=\"glosario-letra activa\">J<\/a><\/li><li><span class=\"glosario-letra\">K<\/li><li><span class=\"glosario-letra\">L<\/li><li><a href=\"#glossary-m\" class=\"glosario-letra activa\">M<\/a><\/li><li><span class=\"glosario-letra\">N<\/li><li><span class=\"glosario-letra\">\u00d1<\/li><li><a href=\"#glossary-o\" class=\"glosario-letra activa\">O<\/a><\/li><li><a href=\"#glossary-p\" class=\"glosario-letra activa\">P<\/a><\/li><li><span class=\"glosario-letra\">Q<\/li><li><a href=\"#glossary-r\" class=\"glosario-letra activa\">R<\/a><\/li><li><a href=\"#glossary-s\" class=\"glosario-letra activa\">S<\/a><\/li><li><span class=\"glosario-letra\">T<\/li><li><span class=\"glosario-letra\">U<\/li><li><a href=\"#glossary-v\" class=\"glosario-letra activa\">V<\/a><\/li><li><span class=\"glosario-letra\">W<\/li><li><span class=\"glosario-letra\">X<\/li><li><span class=\"glosario-letra\">Y<\/li><li><span class=\"glosario-letra\">Z<\/li><\/ul><\/div>\n<p>[\/et_pb_text][\/et_pb_column][\/et_pb_row][\/et_pb_section]<\/p>\n","protected":false},"excerpt":{"rendered":"<p>[et_pb_section fb_built=\u00bb1&#8243; admin_label=\u00bbBreadcrumbs\u00bb _builder_version=\u00bb4.19.2&#8243; _module_preset=\u00bbdefault\u00bb custom_padding=\u00bb0px||0px||true|false\u00bb da_disable_devices=\u00bboff|off|off\u00bb locked=\u00bboff\u00bb global_colors_info=\u00bb{}\u00bb da_is_popup=\u00bboff\u00bb da_exit_intent=\u00bboff\u00bb da_has_close=\u00bbon\u00bb da_alt_close=\u00bboff\u00bb da_dark_close=\u00bboff\u00bb da_not_modal=\u00bbon\u00bb da_is_singular=\u00bboff\u00bb da_with_loader=\u00bboff\u00bb da_has_shadow=\u00bbon\u00bb][et_pb_row _builder_version=\u00bb4.19.2&#8243; _module_preset=\u00bbdefault\u00bb custom_padding=\u00bb12px||12px||true|false\u00bb global_colors_info=\u00bb{}\u00bb][et_pb_column type=\u00bb4_4&#8243; _builder_version=\u00bb4.19.2&#8243; _module_preset=\u00bbdefault\u00bb global_colors_info=\u00bb{}\u00bb][et_pb_text module_class=\u00bbbreadcrumbs\u00bb _builder_version=\u00bb4.24.0&#8243; _module_preset=\u00bbdefault\u00bb text_font=\u00bbManrope|||on|||||\u00bb text_text_color=\u00bbgcid-45617b03-60fd-49ec-b901-8322915a832a\u00bb text_font_size=\u00bb12px\u00bb text_letter_spacing=\u00bb0.3px\u00bb link_text_color=\u00bbgcid-45617b03-60fd-49ec-b901-8322915a832a\u00bb global_colors_info=\u00bb{%22gcid-45617b03-60fd-49ec-b901-8322915a832a%22:%91%22text_text_color%22,%22link_text_color%22%93}\u00bb text_text_color__hover_enabled=\u00bboff|desktop\u00bb link_text_color__hover_enabled=\u00bbon|desktop\u00bb link_text_color__hover=\u00bbrgba(0,117,201,0.7)\u00bb][\/et_pb_text][\/et_pb_column][\/et_pb_row][\/et_pb_section][et_pb_section fb_built=\u00bb1&#8243; custom_padding_last_edited=\u00bbon|tablet\u00bb admin_label=\u00bbIntro + Sectores\u00bb _builder_version=\u00bb4.19.5&#8243; _module_preset=\u00bbdefault\u00bb background_enable_image=\u00bboff\u00bb background_size=\u00bbinitial\u00bb background_position=\u00bbcenter_left\u00bb custom_padding=\u00bb||40px||false|false\u00bb custom_padding_tablet=\u00bb||20px||false|false\u00bb custom_padding_phone=\u00bb||20px||false|false\u00bb da_disable_devices=\u00bboff|off|off\u00bb locked=\u00bboff\u00bb global_colors_info=\u00bb{}\u00bb da_is_popup=\u00bboff\u00bb [&hellip;]<\/p>\n","protected":false},"author":1,"featured_media":64868,"parent":33166,"menu_order":0,"comment_status":"closed","ping_status":"closed","template":"","meta":{"_acf_changed":false,"_et_pb_use_builder":"on","_et_pb_old_content":"","_et_gb_content_width":"","footnotes":""},"class_list":["post-33769","page","type-page","status-publish","has-post-thumbnail","hentry"],"acf":[],"yoast_head":"<!-- This site is optimized with the Yoast SEO plugin v27.4 - https:\/\/yoast.com\/product\/yoast-seo-wordpress\/ -->\n<title>Kunakpedia - Kunak<\/title>\n<meta name=\"description\" content=\"Glosario con definiciones claras sobre monitorizaci\u00f3n ambiental, calidad del aire y tecnolog\u00eda desarrollada por Kunak.\" \/>\n<meta name=\"robots\" content=\"index, follow, max-snippet:-1, max-image-preview:large, max-video-preview:-1\" \/>\n<link rel=\"canonical\" href=\"https:\/\/kunakair.com\/es\/recursos\/kunakpedia\/\" \/>\n<meta property=\"og:locale\" content=\"es_ES\" \/>\n<meta property=\"og:type\" content=\"article\" \/>\n<meta property=\"og:title\" content=\"Kunakpedia - Kunak\" \/>\n<meta property=\"og:description\" content=\"Glosario con definiciones claras sobre monitorizaci\u00f3n ambiental, calidad del aire y tecnolog\u00eda desarrollada por Kunak.\" \/>\n<meta property=\"og:url\" content=\"https:\/\/kunakair.com\/es\/recursos\/kunakpedia\/\" \/>\n<meta property=\"og:site_name\" content=\"Kunak\" \/>\n<meta property=\"article:publisher\" content=\"https:\/\/www.facebook.com\/KunakTechnologies\/\" \/>\n<meta property=\"article:modified_time\" content=\"2025-10-10T11:12:27+00:00\" \/>\n<meta property=\"og:image\" content=\"https:\/\/kunakair.com\/wp-content\/uploads\/2025\/10\/kunakpedia.jpg\" \/>\n\t<meta property=\"og:image:width\" content=\"1800\" \/>\n\t<meta property=\"og:image:height\" content=\"1200\" \/>\n\t<meta property=\"og:image:type\" content=\"image\/jpeg\" \/>\n<meta name=\"twitter:card\" content=\"summary_large_image\" \/>\n<meta name=\"twitter:site\" content=\"@KunaK_sensing\" \/>\n<meta name=\"twitter:label1\" content=\"Tiempo de lectura\" \/>\n\t<meta name=\"twitter:data1\" content=\"2 minutos\" \/>\n<!-- \/ Yoast SEO plugin. -->","yoast_head_json":{"title":"Kunakpedia - Kunak","description":"Glosario con definiciones claras sobre monitorizaci\u00f3n ambiental, calidad del aire y tecnolog\u00eda desarrollada por Kunak.","robots":{"index":"index","follow":"follow","max-snippet":"max-snippet:-1","max-image-preview":"max-image-preview:large","max-video-preview":"max-video-preview:-1"},"canonical":"https:\/\/kunakair.com\/es\/recursos\/kunakpedia\/","og_locale":"es_ES","og_type":"article","og_title":"Kunakpedia - Kunak","og_description":"Glosario con definiciones claras sobre monitorizaci\u00f3n ambiental, calidad del aire y tecnolog\u00eda desarrollada por Kunak.","og_url":"https:\/\/kunakair.com\/es\/recursos\/kunakpedia\/","og_site_name":"Kunak","article_publisher":"https:\/\/www.facebook.com\/KunakTechnologies\/","article_modified_time":"2025-10-10T11:12:27+00:00","og_image":[{"width":1800,"height":1200,"url":"https:\/\/kunakair.com\/wp-content\/uploads\/2025\/10\/kunakpedia.jpg","type":"image\/jpeg"}],"twitter_card":"summary_large_image","twitter_site":"@KunaK_sensing","twitter_misc":{"Tiempo de lectura":"2 minutos"},"schema":{"@context":"https:\/\/schema.org","@graph":[{"@type":"WebPage","@id":"https:\/\/kunakair.com\/es\/recursos\/kunakpedia\/","url":"https:\/\/kunakair.com\/es\/recursos\/kunakpedia\/","name":"Kunakpedia - Kunak","isPartOf":{"@id":"https:\/\/kunakair.com\/es\/#website"},"primaryImageOfPage":{"@id":"https:\/\/kunakair.com\/es\/recursos\/kunakpedia\/#primaryimage"},"image":{"@id":"https:\/\/kunakair.com\/es\/recursos\/kunakpedia\/#primaryimage"},"thumbnailUrl":"https:\/\/kunakair.com\/wp-content\/uploads\/2025\/10\/kunakpedia.jpg","datePublished":"2024-02-03T08:52:26+00:00","dateModified":"2025-10-10T11:12:27+00:00","description":"Glosario con definiciones claras sobre monitorizaci\u00f3n ambiental, calidad del aire y tecnolog\u00eda desarrollada por Kunak.","breadcrumb":{"@id":"https:\/\/kunakair.com\/es\/recursos\/kunakpedia\/#breadcrumb"},"inLanguage":"es","potentialAction":[{"@type":"ReadAction","target":["https:\/\/kunakair.com\/es\/recursos\/kunakpedia\/"]}]},{"@type":"ImageObject","inLanguage":"es","@id":"https:\/\/kunakair.com\/es\/recursos\/kunakpedia\/#primaryimage","url":"https:\/\/kunakair.com\/wp-content\/uploads\/2025\/10\/kunakpedia.jpg","contentUrl":"https:\/\/kunakair.com\/wp-content\/uploads\/2025\/10\/kunakpedia.jpg","width":1800,"height":1200,"caption":"Kunakpedia - Glosario con definiciones claras sobre monitorizaci\u00f3n ambiental, calidad del aire y tecnolog\u00eda desarrollada por Kunak."},{"@type":"BreadcrumbList","@id":"https:\/\/kunakair.com\/es\/recursos\/kunakpedia\/#breadcrumb","itemListElement":[{"@type":"ListItem","position":1,"name":"Home","item":"https:\/\/kunakair.com\/es\/"},{"@type":"ListItem","position":2,"name":"Recursos","item":"https:\/\/kunakair.com\/es\/recursos\/"},{"@type":"ListItem","position":3,"name":"Kunakpedia"}]},{"@type":"WebSite","@id":"https:\/\/kunakair.com\/es\/#website","url":"https:\/\/kunakair.com\/es\/","name":"KUNAK","description":"Sensing anywhere","publisher":{"@id":"https:\/\/kunakair.com\/es\/#organization"},"alternateName":"Sensing anywhere","potentialAction":[{"@type":"SearchAction","target":{"@type":"EntryPoint","urlTemplate":"https:\/\/kunakair.com\/es\/?s={search_term_string}"},"query-input":{"@type":"PropertyValueSpecification","valueRequired":true,"valueName":"search_term_string"}}],"inLanguage":"es"},{"@type":"Organization","@id":"https:\/\/kunakair.com\/es\/#organization","name":"KUNAK","alternateName":"Sensing anywhere","url":"https:\/\/kunakair.com\/es\/","logo":{"@type":"ImageObject","inLanguage":"es","@id":"https:\/\/kunakair.com\/es\/#\/schema\/logo\/image\/","url":"https:\/\/kunakair.com\/wp-content\/uploads\/2022\/09\/logo-kunak-cuadrado.jpg","contentUrl":"https:\/\/kunakair.com\/wp-content\/uploads\/2022\/09\/logo-kunak-cuadrado.jpg","width":1000,"height":1000,"caption":"KUNAK"},"image":{"@id":"https:\/\/kunakair.com\/es\/#\/schema\/logo\/image\/"},"sameAs":["https:\/\/www.facebook.com\/KunakTechnologies\/","https:\/\/x.com\/KunaK_sensing","https:\/\/www.linkedin.com\/company\/kunak\/","https:\/\/www.instagram.com\/kunak_technologies\/","https:\/\/www.youtube.com\/channel\/UC-suigTybwCW50od_rhTZxg"]}]}},"_links":{"self":[{"href":"https:\/\/kunakair.com\/es\/wp-json\/wp\/v2\/pages\/33769","targetHints":{"allow":["GET"]}}],"collection":[{"href":"https:\/\/kunakair.com\/es\/wp-json\/wp\/v2\/pages"}],"about":[{"href":"https:\/\/kunakair.com\/es\/wp-json\/wp\/v2\/types\/page"}],"author":[{"embeddable":true,"href":"https:\/\/kunakair.com\/es\/wp-json\/wp\/v2\/users\/1"}],"replies":[{"embeddable":true,"href":"https:\/\/kunakair.com\/es\/wp-json\/wp\/v2\/comments?post=33769"}],"version-history":[{"count":10,"href":"https:\/\/kunakair.com\/es\/wp-json\/wp\/v2\/pages\/33769\/revisions"}],"predecessor-version":[{"id":64862,"href":"https:\/\/kunakair.com\/es\/wp-json\/wp\/v2\/pages\/33769\/revisions\/64862"}],"up":[{"embeddable":true,"href":"https:\/\/kunakair.com\/es\/wp-json\/wp\/v2\/pages\/33166"}],"wp:featuredmedia":[{"embeddable":true,"href":"https:\/\/kunakair.com\/es\/wp-json\/wp\/v2\/media\/64868"}],"wp:attachment":[{"href":"https:\/\/kunakair.com\/es\/wp-json\/wp\/v2\/media?parent=33769"}],"curies":[{"name":"wp","href":"https:\/\/api.w.org\/{rel}","templated":true}]}}