{"id":26987,"date":"2024-08-29T15:52:05","date_gmt":"2024-08-29T13:52:05","guid":{"rendered":"https:\/\/kunakair.com\/case-studies\/"},"modified":"2025-10-21T13:53:38","modified_gmt":"2025-10-21T11:53:38","slug":"casos-de-exito","status":"publish","type":"page","link":"https:\/\/kunakair.com\/es\/casos-de-exito\/","title":{"rendered":"Casos de \u00e9xito"},"content":{"rendered":"<p>[et_pb_section admin_label=\u00bbsection\u00bb]<br \/>\n[et_pb_row admin_label=\u00bbrow\u00bb]<br \/>\n[et_pb_column type=\u00bb4_4&#8243;][et_pb_text admin_label=\u00bbText\u00bb]Esta p\u00e1gina no tiene contenido, es un contenedor de los custom post type \u00abCase Studies\u00bb.[\/et_pb_text][\/et_pb_column]<br \/>\n[\/et_pb_row]<br \/>\n[\/et_pb_section]<\/p>\n","protected":false},"excerpt":{"rendered":"<p>M\u00e1s informaci\u00f3n sobre nuestros proyectos m\u00e1s interesantes<\/p>\n","protected":false},"author":1,"featured_media":24633,"parent":0,"menu_order":0,"comment_status":"closed","ping_status":"closed","template":"case-studies.php","meta":{"_acf_changed":false,"_et_pb_use_builder":"","_et_pb_old_content":"<p>[et_pb_section admin_label=\"section\"]<br \/>[et_pb_row admin_label=\"row\"]<br \/>[et_pb_column type=\"4_4\"][et_pb_text admin_label=\"Text\"]Esta p\u00e1gina no tiene contenido, es un contenedor de los custom post type \"Case Studies\".[\/et_pb_text][\/et_pb_column]<br \/>[\/et_pb_row]<br \/>[\/et_pb_section]<\/p>","_et_gb_content_width":"","footnotes":""},"class_list":["post-26987","page","type-page","status-publish","has-post-thumbnail","hentry"],"acf":[],"yoast_head":"<!-- This site is optimized with the Yoast SEO plugin v27.4 - https:\/\/yoast.com\/product\/yoast-seo-wordpress\/ -->\n<title>Proyectos de monitorizaci\u00f3n ambiental con sensores Kunak AIR<\/title>\n<meta name=\"description\" content=\"Descubre los proyectos de monitorizaci\u00f3n ambiental y control de la contaminaci\u00f3n llevados a cabo con la tecnolog\u00eda de Kunak.\" \/>\n<meta name=\"robots\" content=\"index, follow, max-snippet:-1, max-image-preview:large, max-video-preview:-1\" \/>\n<link rel=\"canonical\" href=\"https:\/\/kunakair.com\/es\/casos-de-exito\/\" \/>\n<meta property=\"og:locale\" content=\"es_ES\" \/>\n<meta property=\"og:type\" content=\"article\" \/>\n<meta property=\"og:title\" content=\"Proyectos de monitorizaci\u00f3n ambiental con sensores Kunak AIR\" \/>\n<meta property=\"og:description\" content=\"Descubre los proyectos de monitorizaci\u00f3n ambiental y control de la contaminaci\u00f3n llevados a cabo con la tecnolog\u00eda de Kunak.\" \/>\n<meta property=\"og:url\" content=\"https:\/\/kunakair.com\/es\/casos-de-exito\/\" \/>\n<meta property=\"og:site_name\" content=\"Kunak\" \/>\n<meta property=\"article:publisher\" content=\"https:\/\/www.facebook.com\/KunakTechnologies\/\" \/>\n<meta property=\"article:modified_time\" content=\"2025-10-21T11:53:38+00:00\" \/>\n<meta property=\"og:image\" content=\"https:\/\/kunakair.com\/wp-content\/uploads\/2023\/02\/urban-air-quality.jpg\" \/>\n\t<meta property=\"og:image:width\" content=\"1920\" \/>\n\t<meta property=\"og:image:height\" content=\"600\" \/>\n\t<meta property=\"og:image:type\" content=\"image\/jpeg\" \/>\n<meta name=\"twitter:card\" content=\"summary_large_image\" \/>\n<meta name=\"twitter:site\" content=\"@KunaK_sensing\" \/>\n<meta name=\"twitter:label1\" content=\"Tiempo de lectura\" \/>\n\t<meta name=\"twitter:data1\" content=\"1 minuto\" \/>\n<!-- \/ Yoast SEO plugin. -->","yoast_head_json":{"title":"Proyectos de monitorizaci\u00f3n ambiental con sensores Kunak AIR","description":"Descubre los proyectos de monitorizaci\u00f3n ambiental y control de la contaminaci\u00f3n llevados a cabo con la tecnolog\u00eda de Kunak.","robots":{"index":"index","follow":"follow","max-snippet":"max-snippet:-1","max-image-preview":"max-image-preview:large","max-video-preview":"max-video-preview:-1"},"canonical":"https:\/\/kunakair.com\/es\/casos-de-exito\/","og_locale":"es_ES","og_type":"article","og_title":"Proyectos de monitorizaci\u00f3n ambiental con sensores Kunak AIR","og_description":"Descubre los proyectos de monitorizaci\u00f3n ambiental y control de la contaminaci\u00f3n llevados a cabo con la tecnolog\u00eda de Kunak.","og_url":"https:\/\/kunakair.com\/es\/casos-de-exito\/","og_site_name":"Kunak","article_publisher":"https:\/\/www.facebook.com\/KunakTechnologies\/","article_modified_time":"2025-10-21T11:53:38+00:00","og_image":[{"width":1920,"height":600,"url":"https:\/\/kunakair.com\/wp-content\/uploads\/2023\/02\/urban-air-quality.jpg","type":"image\/jpeg"}],"twitter_card":"summary_large_image","twitter_site":"@KunaK_sensing","twitter_misc":{"Tiempo de lectura":"1 minuto"},"schema":{"@context":"https:\/\/schema.org","@graph":[{"@type":"WebPage","@id":"https:\/\/kunakair.com\/es\/casos-de-exito\/","url":"https:\/\/kunakair.com\/es\/casos-de-exito\/","name":"Proyectos de monitorizaci\u00f3n ambiental con sensores Kunak AIR","isPartOf":{"@id":"https:\/\/kunakair.com\/es\/#website"},"primaryImageOfPage":{"@id":"https:\/\/kunakair.com\/es\/casos-de-exito\/#primaryimage"},"image":{"@id":"https:\/\/kunakair.com\/es\/casos-de-exito\/#primaryimage"},"thumbnailUrl":"https:\/\/kunakair.com\/wp-content\/uploads\/2023\/02\/urban-air-quality.jpg","datePublished":"2024-08-29T13:52:05+00:00","dateModified":"2025-10-21T11:53:38+00:00","description":"Descubre los proyectos de monitorizaci\u00f3n ambiental y control de la contaminaci\u00f3n llevados a cabo con la tecnolog\u00eda de Kunak.","breadcrumb":{"@id":"https:\/\/kunakair.com\/es\/casos-de-exito\/#breadcrumb"},"inLanguage":"es","potentialAction":[{"@type":"ReadAction","target":["https:\/\/kunakair.com\/es\/casos-de-exito\/"]}]},{"@type":"ImageObject","inLanguage":"es","@id":"https:\/\/kunakair.com\/es\/casos-de-exito\/#primaryimage","url":"https:\/\/kunakair.com\/wp-content\/uploads\/2023\/02\/urban-air-quality.jpg","contentUrl":"https:\/\/kunakair.com\/wp-content\/uploads\/2023\/02\/urban-air-quality.jpg","width":1920,"height":600},{"@type":"BreadcrumbList","@id":"https:\/\/kunakair.com\/es\/casos-de-exito\/#breadcrumb","itemListElement":[{"@type":"ListItem","position":1,"name":"Home","item":"https:\/\/kunakair.com\/es\/"},{"@type":"ListItem","position":2,"name":"Casos de \u00e9xito"}]},{"@type":"WebSite","@id":"https:\/\/kunakair.com\/es\/#website","url":"https:\/\/kunakair.com\/es\/","name":"KUNAK","description":"Sensing anywhere","publisher":{"@id":"https:\/\/kunakair.com\/es\/#organization"},"alternateName":"Sensing anywhere","potentialAction":[{"@type":"SearchAction","target":{"@type":"EntryPoint","urlTemplate":"https:\/\/kunakair.com\/es\/?s={search_term_string}"},"query-input":{"@type":"PropertyValueSpecification","valueRequired":true,"valueName":"search_term_string"}}],"inLanguage":"es"},{"@type":"Organization","@id":"https:\/\/kunakair.com\/es\/#organization","name":"KUNAK","alternateName":"Sensing anywhere","url":"https:\/\/kunakair.com\/es\/","logo":{"@type":"ImageObject","inLanguage":"es","@id":"https:\/\/kunakair.com\/es\/#\/schema\/logo\/image\/","url":"https:\/\/kunakair.com\/wp-content\/uploads\/2022\/09\/logo-kunak-cuadrado.jpg","contentUrl":"https:\/\/kunakair.com\/wp-content\/uploads\/2022\/09\/logo-kunak-cuadrado.jpg","width":1000,"height":1000,"caption":"KUNAK"},"image":{"@id":"https:\/\/kunakair.com\/es\/#\/schema\/logo\/image\/"},"sameAs":["https:\/\/www.facebook.com\/KunakTechnologies\/","https:\/\/x.com\/KunaK_sensing","https:\/\/www.linkedin.com\/company\/kunak\/","https:\/\/www.instagram.com\/kunak_technologies\/","https:\/\/www.youtube.com\/channel\/UC-suigTybwCW50od_rhTZxg"]}]}},"_links":{"self":[{"href":"https:\/\/kunakair.com\/es\/wp-json\/wp\/v2\/pages\/26987","targetHints":{"allow":["GET"]}}],"collection":[{"href":"https:\/\/kunakair.com\/es\/wp-json\/wp\/v2\/pages"}],"about":[{"href":"https:\/\/kunakair.com\/es\/wp-json\/wp\/v2\/types\/page"}],"author":[{"embeddable":true,"href":"https:\/\/kunakair.com\/es\/wp-json\/wp\/v2\/users\/1"}],"replies":[{"embeddable":true,"href":"https:\/\/kunakair.com\/es\/wp-json\/wp\/v2\/comments?post=26987"}],"version-history":[{"count":5,"href":"https:\/\/kunakair.com\/es\/wp-json\/wp\/v2\/pages\/26987\/revisions"}],"predecessor-version":[{"id":64916,"href":"https:\/\/kunakair.com\/es\/wp-json\/wp\/v2\/pages\/26987\/revisions\/64916"}],"wp:featuredmedia":[{"embeddable":true,"href":"https:\/\/kunakair.com\/es\/wp-json\/wp\/v2\/media\/24633"}],"wp:attachment":[{"href":"https:\/\/kunakair.com\/es\/wp-json\/wp\/v2\/media?parent=26987"}],"curies":[{"name":"wp","href":"https:\/\/api.w.org\/{rel}","templated":true}]}}