{"id":26541,"date":"2023-02-20T20:00:15","date_gmt":"2023-02-20T19:00:15","guid":{"rendered":"https:\/\/kunakair.com\/politica-de-privacidad-y-de-proteccion-de-datos\/"},"modified":"2023-06-01T09:30:30","modified_gmt":"2023-06-01T08:30:30","slug":"politica-de-privacidad-y-de-proteccion-de-datos","status":"publish","type":"page","link":"https:\/\/kunakair.com\/es\/politica-de-privacidad-y-de-proteccion-de-datos\/","title":{"rendered":"Pol\u00edtica de privacidad y de protecci\u00f3n de datos"},"content":{"rendered":"<p>[et_pb_section fb_built=\u00bb1&#8243; admin_label=\u00bbsection\u00bb _builder_version=\u00bb4.19.5&#8243; custom_padding=\u00bb||||false|false\u00bb da_disable_devices=\u00bboff|off|off\u00bb global_colors_info=\u00bb{}\u00bb da_is_popup=\u00bboff\u00bb da_exit_intent=\u00bboff\u00bb da_has_close=\u00bbon\u00bb da_alt_close=\u00bboff\u00bb da_dark_close=\u00bboff\u00bb da_not_modal=\u00bbon\u00bb da_is_singular=\u00bboff\u00bb da_with_loader=\u00bboff\u00bb da_has_shadow=\u00bbon\u00bb][et_pb_row admin_label=\u00bbLegal notice\u00bb _builder_version=\u00bb4.19.5&#8243; custom_padding=\u00bb||0px|||\u00bb border_radii=\u00bbon|10px|10px|10px|10px\u00bb global_colors_info=\u00bb{}\u00bb][et_pb_column type=\u00bb4_4&#8243; admin_label=\u00bbColumn\u00bb _builder_version=\u00bb4.19.5&#8243; custom_padding=\u00bb|||\u00bb global_colors_info=\u00bb{}\u00bb custom_padding__hover=\u00bb|||\u00bb][et_pb_text admin_label=\u00bbH2&#8243; _builder_version=\u00bb4.21.0&#8243; _module_preset=\u00bbdefault\u00bb text_font=\u00bbManrope||||||||\u00bb text_font_size=\u00bb25px\u00bb text_line_height=\u00bb1.2em\u00bb header_font=\u00bb||||||||\u00bb header_text_align=\u00bbcenter\u00bb header_font_size=\u00bb23px\u00bb header_2_font=\u00bb|700|||||||\u00bb header_2_font_size=\u00bb45px\u00bb animation_direction=\u00bbbottom\u00bb hover_enabled=\u00bb0&#8243; text_font_size_tablet=\u00bb35px\u00bb text_font_size_phone=\u00bb35px\u00bb text_font_size_last_edited=\u00bbon|tablet\u00bb locked=\u00bboff\u00bb global_colors_info=\u00bb{}\u00bb sticky_enabled=\u00bb0&#8243;]<\/p>\n<h2>Pol\u00edtica de privacidad y de protecci\u00f3n de datos<\/h2>\n<p>[\/et_pb_text][et_pb_text _builder_version=\u00bb4.21.0&#8243; _module_preset=\u00bbdefault\u00bb hover_enabled=\u00bb0&#8243; global_colors_info=\u00bb{}\u00bb sticky_enabled=\u00bb0&#8243;]<\/p>\n<p>Conforme al art\u00edculo 13 del Reglamento (UE) 2016\/679 del Parlamento Europeo y del Consejo de 27 de abril de 2016, relativo al derecho a la informaci\u00f3n que le asiste cuando facilita datos personales, le informamos que estos ser\u00e1n tratados por Kunak Technologies, S.L con domicilio en Orcoyen (Navarra) Espa\u00f1a con el fin de gestionar la relaci\u00f3n que nos vincula, prestarle el servicio contratado, brindar la informaci\u00f3n requerida y\/o mantener la comunicaci\u00f3n mutua contactando con usted a trav\u00e9s de cualquier medio telem\u00e1tico, telef\u00f3nico o similar.<\/p>\n<p>Los datos personales se conservar\u00e1n mientras se mantenga en vigor la base que legitima la relaci\u00f3n que nos vincula y, una vez extinguida, los conservaremos durante los plazos legalmente exigidos.<br \/>Sus datos no ser\u00e1n cedidos a terceros sin consentimiento previo, salvo obligaci\u00f3n legal o comunicaci\u00f3n necesaria para dar cumplimiento a la relaci\u00f3n que nos vincula.<\/p>\n<p>Puede ejercer sus derechos de acceso, rectificaci\u00f3n, supresi\u00f3n, portabilidad de datos, limitaci\u00f3n u oposici\u00f3n poni\u00e9ndose en contacto a trav\u00e9s del correo electr\u00f3nico contact@kunakair.com<\/p>\n<p>Si desea recibir informaci\u00f3n adicional de los tratamientos que realizamos de su informaci\u00f3n, p\u00f3ngase en contacto con nosotros a trav\u00e9s del correo electr\u00f3nico contact@kunakair.com<\/p>\n<p>En caso de divergencias puede presentar una reclamaci\u00f3n ante la Agencia Espa\u00f1ola de Protecci\u00f3n de Datos (<a target=\"_blank\" href=\"https:\/\/www.aepd.es\/es\">www.aepd.es<\/a>).<\/p>\n<p>[\/et_pb_text][\/et_pb_column][\/et_pb_row][\/et_pb_section]<\/p>\n","protected":false},"excerpt":{"rendered":"<p>Pol\u00edtica de privacidad y de protecci\u00f3n de datosConforme al art\u00edculo 13 del Reglamento (UE) 2016\/679 del Parlamento Europeo y del Consejo de 27 de abril de 2016, relativo al derecho a la informaci\u00f3n que le asiste cuando facilita datos personales, le informamos que estos ser\u00e1n tratados por Kunak Technologies, S.L con domicilio en Orcoyen (Navarra) [&hellip;]<\/p>\n","protected":false},"author":1,"featured_media":651,"parent":0,"menu_order":0,"comment_status":"closed","ping_status":"closed","template":"","meta":{"_acf_changed":false,"_et_pb_use_builder":"on","_et_pb_old_content":"","_et_gb_content_width":"","footnotes":""},"class_list":["post-26541","page","type-page","status-publish","has-post-thumbnail","hentry"],"acf":[],"yoast_head":"<!-- This site is optimized with the Yoast SEO plugin v27.4 - https:\/\/yoast.com\/product\/yoast-seo-wordpress\/ -->\n<title>Pol\u00edtica de privacidad y de protecci\u00f3n de datos - Kunak<\/title>\n<meta name=\"robots\" content=\"noindex, nofollow\" \/>\n<meta property=\"og:locale\" content=\"es_ES\" \/>\n<meta property=\"og:type\" content=\"article\" \/>\n<meta property=\"og:title\" content=\"Pol\u00edtica de privacidad y de protecci\u00f3n de datos - Kunak\" \/>\n<meta property=\"og:description\" content=\"Pol\u00edtica de privacidad y de protecci\u00f3n de datosConforme al art\u00edculo 13 del Reglamento (UE) 2016\/679 del Parlamento Europeo y del Consejo de 27 de abril de 2016, relativo al derecho a la informaci\u00f3n que le asiste cuando facilita datos personales, le informamos que estos ser\u00e1n tratados por Kunak Technologies, S.L con domicilio en Orcoyen (Navarra) [&hellip;]\" \/>\n<meta property=\"og:url\" content=\"https:\/\/kunakair.com\/es\/politica-de-privacidad-y-de-proteccion-de-datos\/\" \/>\n<meta property=\"og:site_name\" content=\"Kunak\" \/>\n<meta property=\"article:publisher\" content=\"https:\/\/www.facebook.com\/KunakTechnologies\/\" \/>\n<meta property=\"article:modified_time\" content=\"2023-06-01T08:30:30+00:00\" \/>\n<meta property=\"og:image\" content=\"https:\/\/kunakair.com\/wp-content\/uploads\/2022\/12\/cabecera-puerto-1.jpg\" \/>\n\t<meta property=\"og:image:width\" content=\"1920\" \/>\n\t<meta property=\"og:image:height\" content=\"303\" \/>\n\t<meta property=\"og:image:type\" content=\"image\/jpeg\" \/>\n<meta name=\"twitter:card\" content=\"summary_large_image\" \/>\n<meta name=\"twitter:site\" content=\"@KunaK_sensing\" \/>\n<!-- \/ Yoast SEO plugin. -->","yoast_head_json":{"title":"Pol\u00edtica de privacidad y de protecci\u00f3n de datos - Kunak","robots":{"index":"noindex","follow":"nofollow"},"og_locale":"es_ES","og_type":"article","og_title":"Pol\u00edtica de privacidad y de protecci\u00f3n de datos - Kunak","og_description":"Pol\u00edtica de privacidad y de protecci\u00f3n de datosConforme al art\u00edculo 13 del Reglamento (UE) 2016\/679 del Parlamento Europeo y del Consejo de 27 de abril de 2016, relativo al derecho a la informaci\u00f3n que le asiste cuando facilita datos personales, le informamos que estos ser\u00e1n tratados por Kunak Technologies, S.L con domicilio en Orcoyen (Navarra) [&hellip;]","og_url":"https:\/\/kunakair.com\/es\/politica-de-privacidad-y-de-proteccion-de-datos\/","og_site_name":"Kunak","article_publisher":"https:\/\/www.facebook.com\/KunakTechnologies\/","article_modified_time":"2023-06-01T08:30:30+00:00","og_image":[{"width":1920,"height":303,"url":"https:\/\/kunakair.com\/wp-content\/uploads\/2022\/12\/cabecera-puerto-1.jpg","type":"image\/jpeg"}],"twitter_card":"summary_large_image","twitter_site":"@KunaK_sensing","schema":{"@context":"https:\/\/schema.org","@graph":[{"@type":"WebPage","@id":"https:\/\/kunakair.com\/es\/politica-de-privacidad-y-de-proteccion-de-datos\/","url":"https:\/\/kunakair.com\/es\/politica-de-privacidad-y-de-proteccion-de-datos\/","name":"Pol\u00edtica de privacidad y de protecci\u00f3n de datos - Kunak","isPartOf":{"@id":"https:\/\/kunakair.com\/es\/#website"},"primaryImageOfPage":{"@id":"https:\/\/kunakair.com\/es\/politica-de-privacidad-y-de-proteccion-de-datos\/#primaryimage"},"image":{"@id":"https:\/\/kunakair.com\/es\/politica-de-privacidad-y-de-proteccion-de-datos\/#primaryimage"},"thumbnailUrl":"https:\/\/kunakair.com\/wp-content\/uploads\/2022\/12\/cabecera-puerto-1.jpg","datePublished":"2023-02-20T19:00:15+00:00","dateModified":"2023-06-01T08:30:30+00:00","breadcrumb":{"@id":"https:\/\/kunakair.com\/es\/politica-de-privacidad-y-de-proteccion-de-datos\/#breadcrumb"},"inLanguage":"es","potentialAction":[{"@type":"ReadAction","target":["https:\/\/kunakair.com\/es\/politica-de-privacidad-y-de-proteccion-de-datos\/"]}]},{"@type":"ImageObject","inLanguage":"es","@id":"https:\/\/kunakair.com\/es\/politica-de-privacidad-y-de-proteccion-de-datos\/#primaryimage","url":"https:\/\/kunakair.com\/wp-content\/uploads\/2022\/12\/cabecera-puerto-1.jpg","contentUrl":"https:\/\/kunakair.com\/wp-content\/uploads\/2022\/12\/cabecera-puerto-1.jpg","width":1920,"height":303,"caption":"estaciones de control de calidad del aire"},{"@type":"BreadcrumbList","@id":"https:\/\/kunakair.com\/es\/politica-de-privacidad-y-de-proteccion-de-datos\/#breadcrumb","itemListElement":[{"@type":"ListItem","position":1,"name":"Home","item":"https:\/\/kunakair.com\/es\/"},{"@type":"ListItem","position":2,"name":"Pol\u00edtica de privacidad y de protecci\u00f3n de datos"}]},{"@type":"WebSite","@id":"https:\/\/kunakair.com\/es\/#website","url":"https:\/\/kunakair.com\/es\/","name":"KUNAK","description":"Sensing anywhere","publisher":{"@id":"https:\/\/kunakair.com\/es\/#organization"},"alternateName":"Sensing anywhere","potentialAction":[{"@type":"SearchAction","target":{"@type":"EntryPoint","urlTemplate":"https:\/\/kunakair.com\/es\/?s={search_term_string}"},"query-input":{"@type":"PropertyValueSpecification","valueRequired":true,"valueName":"search_term_string"}}],"inLanguage":"es"},{"@type":"Organization","@id":"https:\/\/kunakair.com\/es\/#organization","name":"KUNAK","alternateName":"Sensing anywhere","url":"https:\/\/kunakair.com\/es\/","logo":{"@type":"ImageObject","inLanguage":"es","@id":"https:\/\/kunakair.com\/es\/#\/schema\/logo\/image\/","url":"https:\/\/kunakair.com\/wp-content\/uploads\/2022\/09\/logo-kunak-cuadrado.jpg","contentUrl":"https:\/\/kunakair.com\/wp-content\/uploads\/2022\/09\/logo-kunak-cuadrado.jpg","width":1000,"height":1000,"caption":"KUNAK"},"image":{"@id":"https:\/\/kunakair.com\/es\/#\/schema\/logo\/image\/"},"sameAs":["https:\/\/www.facebook.com\/KunakTechnologies\/","https:\/\/x.com\/KunaK_sensing","https:\/\/www.linkedin.com\/company\/kunak\/","https:\/\/www.instagram.com\/kunak_technologies\/","https:\/\/www.youtube.com\/channel\/UC-suigTybwCW50od_rhTZxg"]}]}},"_links":{"self":[{"href":"https:\/\/kunakair.com\/es\/wp-json\/wp\/v2\/pages\/26541","targetHints":{"allow":["GET"]}}],"collection":[{"href":"https:\/\/kunakair.com\/es\/wp-json\/wp\/v2\/pages"}],"about":[{"href":"https:\/\/kunakair.com\/es\/wp-json\/wp\/v2\/types\/page"}],"author":[{"embeddable":true,"href":"https:\/\/kunakair.com\/es\/wp-json\/wp\/v2\/users\/1"}],"replies":[{"embeddable":true,"href":"https:\/\/kunakair.com\/es\/wp-json\/wp\/v2\/comments?post=26541"}],"version-history":[{"count":1,"href":"https:\/\/kunakair.com\/es\/wp-json\/wp\/v2\/pages\/26541\/revisions"}],"predecessor-version":[{"id":31416,"href":"https:\/\/kunakair.com\/es\/wp-json\/wp\/v2\/pages\/26541\/revisions\/31416"}],"wp:featuredmedia":[{"embeddable":true,"href":"https:\/\/kunakair.com\/es\/wp-json\/wp\/v2\/media\/651"}],"wp:attachment":[{"href":"https:\/\/kunakair.com\/es\/wp-json\/wp\/v2\/media?parent=26541"}],"curies":[{"name":"wp","href":"https:\/\/api.w.org\/{rel}","templated":true}]}}