{"id":25912,"date":"2023-02-13T10:21:50","date_gmt":"2023-02-13T08:21:50","guid":{"rendered":"https:\/\/kunakair.com\/help-center\/kunak-air\/help-articles\/how-kunak-assure-best-accuracy-air-quality-systems\/"},"modified":"2023-02-20T17:02:08","modified_gmt":"2023-02-20T16:02:08","slug":"como-garantiza-kunak-la-mejor-precision","status":"publish","type":"page","link":"https:\/\/kunakair.com\/es\/centro-de-ayuda\/kunak-air\/articulos-de-ayuda\/como-garantiza-kunak-la-mejor-precision\/","title":{"rendered":"\u00bfC\u00f3mo garantiza Kunak la mejor precisi\u00f3n?"},"content":{"rendered":"<p>[et_pb_section fb_built=\u00bb1&#8243; admin_label=\u00bbsection\u00bb _builder_version=\u00bb4.19.5&#8243; custom_padding=\u00bb0px||||false|false\u00bb da_disable_devices=\u00bboff|off|off\u00bb global_colors_info=\u00bb{}\u00bb theme_builder_area=\u00bbpost_content\u00bb da_is_popup=\u00bboff\u00bb da_exit_intent=\u00bboff\u00bb da_has_close=\u00bbon\u00bb da_alt_close=\u00bboff\u00bb da_dark_close=\u00bboff\u00bb da_not_modal=\u00bbon\u00bb da_is_singular=\u00bboff\u00bb da_with_loader=\u00bboff\u00bb da_has_shadow=\u00bbon\u00bb][et_pb_row admin_label=\u00bbH1 oculto\u00bb module_class=\u00bbd-none\u00bb _builder_version=\u00bb4.19.5&#8243; _module_preset=\u00bbdefault\u00bb global_colors_info=\u00bb{}\u00bb theme_builder_area=\u00bbpost_content\u00bb][et_pb_column type=\u00bb4_4&#8243; _builder_version=\u00bb4.19.5&#8243; _module_preset=\u00bbdefault\u00bb global_colors_info=\u00bb{}\u00bb theme_builder_area=\u00bbpost_content\u00bb][et_pb_text module_class=\u00bbnone\u00bb _builder_version=\u00bb4.19.5&#8243; _module_preset=\u00bbdefault\u00bb global_colors_info=\u00bb{}\u00bb theme_builder_area=\u00bbpost_content\u00bb]<\/p>\n<h1>Kunak Help Center<\/h1>\n<p>[\/et_pb_text][\/et_pb_column][\/et_pb_row][et_pb_row column_structure=\u00bb1_2,1_2&#8243; admin_label=\u00bbDescripci\u00f3n\u00bb _builder_version=\u00bb4.19.5&#8243; custom_padding=\u00bb||0px|||\u00bb border_radii=\u00bbon|10px|10px|10px|10px\u00bb global_colors_info=\u00bb{}\u00bb theme_builder_area=\u00bbpost_content\u00bb][et_pb_column type=\u00bb1_2&#8243; _builder_version=\u00bb4.19.5&#8243; custom_padding=\u00bb|||\u00bb global_colors_info=\u00bb{}\u00bb custom_padding__hover=\u00bb|||\u00bb theme_builder_area=\u00bbpost_content\u00bb][et_pb_text admin_label=\u00bbH2 + p \u00bb _builder_version=\u00bb4.19.5&#8243; _module_preset=\u00bbdefault\u00bb text_font=\u00bbManrope||||||||\u00bb text_font_size=\u00bb25px\u00bb text_line_height=\u00bb1.2em\u00bb header_font=\u00bb||||||||\u00bb header_text_align=\u00bbcenter\u00bb header_font_size=\u00bb23px\u00bb header_2_font=\u00bb|700|||||||\u00bb header_2_font_size=\u00bb45px\u00bb animation_direction=\u00bbbottom\u00bb text_font_size_tablet=\u00bb35px\u00bb text_font_size_phone=\u00bb35px\u00bb text_font_size_last_edited=\u00bbon|tablet\u00bb locked=\u00bboff\u00bb global_colors_info=\u00bb{}\u00bb theme_builder_area=\u00bbpost_content\u00bb]<\/p>\n<h2>\u00bfC\u00f3mo garantiza Kunak la mejor precisi\u00f3n?<\/h2>\n<p>[\/et_pb_text][et_pb_text _builder_version=\u00bb4.19.5&#8243; _module_preset=\u00bbdefault\u00bb global_colors_info=\u00bb{}\u00bb theme_builder_area=\u00bbpost_content\u00bb]<\/p>\n<p>No todos los sensores para un mismo contaminante funcionan de la misma manera, pudi\u00e9ndose encontrar algunas variabilidades entre ellos.<\/p>\n<p>As\u00ed, lo primero que hacemos en Kunak es seleccionar y descartar los sensores que no tienen una buena respuesta en condiciones ambientales para su rango de medici\u00f3n esperado.<\/p>\n<p>[\/et_pb_text][\/et_pb_column][et_pb_column type=\u00bb1_2&#8243; _builder_version=\u00bb4.16&#8243; custom_padding=\u00bb|||\u00bb global_colors_info=\u00bb{}\u00bb custom_padding__hover=\u00bb|||\u00bb theme_builder_area=\u00bbpost_content\u00bb][et_pb_image src=\u00bbhttps:\/\/kunakair.com\/wp-content\/uploads\/2023\/02\/best-accuracy.jpg\u00bb alt=\u00bbKunak AIR Pro\u00bb title_text=\u00bbbest-accuracy\u00bb align=\u00bbcenter\u00bb _builder_version=\u00bb4.19.5&#8243; _module_preset=\u00bbdefault\u00bb width=\u00bb85%\u00bb custom_margin=\u00bb-25px||||false|false\u00bb custom_padding=\u00bb||||false|false\u00bb hover_enabled=\u00bb0&#8243; global_colors_info=\u00bb{}\u00bb theme_builder_area=\u00bbpost_content\u00bb border_radii=\u00bbon|15px|15px|15px|15px\u00bb sticky_enabled=\u00bb0&#8243;][\/et_pb_image][\/et_pb_column][\/et_pb_row][et_pb_row admin_label=\u00bbText\u00bb _builder_version=\u00bb4.19.5&#8243; _module_preset=\u00bbdefault\u00bb global_colors_info=\u00bb{}\u00bb theme_builder_area=\u00bbpost_content\u00bb][et_pb_column type=\u00bb4_4&#8243; _builder_version=\u00bb4.19.5&#8243; _module_preset=\u00bbdefault\u00bb global_colors_info=\u00bb{}\u00bb theme_builder_area=\u00bbpost_content\u00bb][et_pb_text _builder_version=\u00bb4.19.5&#8243; _module_preset=\u00bbdefault\u00bb hover_enabled=\u00bb0&#8243; global_colors_info=\u00bb{}\u00bb theme_builder_area=\u00bbpost_content\u00bb sticky_enabled=\u00bb0&#8243;]<\/p>\n<p>Para ello, llevamos a cabo una <strong>evaluaci\u00f3n<\/strong> para asegurar el buen funcionamiento de cada sensor.<\/p>\n<p>[\/et_pb_text][et_pb_text _builder_version=\u00bb4.19.5&#8243; _module_preset=\u00bbdefault\u00bb hover_enabled=\u00bb0&#8243; global_colors_info=\u00bb{}\u00bb theme_builder_area=\u00bbpost_content\u00bb sticky_enabled=\u00bb0&#8243;]<\/p>\n<p>Una vez que se seleccionan los sensores, debido al efecto que tienen las distintas <a target=\"_blank\" href=\"https:\/\/kunakair.com\/es\/centro-de-ayuda\/kunak-air\/articulos-de-ayuda\/por-que-kunak-air-es-la-mejor-estacion-de-calidad-del-aire\/\">condiciones ambientales (temperatura y humedad)<\/a>, su respuesta en el cero y la sensibilidad puede variar de diferentes formas.<\/p>\n<p>El <strong>algoritmo de Kunak<\/strong> es capaz de corregir estas variaciones caracterizando el sensor seg\u00fan su respuesta a las condiciones ambientales y adaptando el tipo de algoritmo para corregir la deriva del cero y de la sensibilidad de cada sensor.<\/p>\n<p>Sin embargo, el mismo tipo de sensores puede tener peque\u00f1as variabilidades y, aunque se aplica una correcci\u00f3n de algoritmo espec\u00edfico a cada tipo de sensor, esto hace que cada sensor tenga un comportamiento diferente y por ello realizamos una caracterizaci\u00f3n de los sensores individualizada.<\/p>\n<p>[\/et_pb_text][\/et_pb_column][\/et_pb_row][et_pb_row admin_label=\u00bb\u00bfCu\u00e1l es la variabilidad intramodelo esperada en los sensores Kunak?\u00bb _builder_version=\u00bb4.19.5&#8243; _module_preset=\u00bbdefault\u00bb custom_padding=\u00bb||0px|||\u00bb locked=\u00bboff\u00bb global_colors_info=\u00bb{}\u00bb theme_builder_area=\u00bbpost_content\u00bb][et_pb_column type=\u00bb4_4&#8243; admin_label=\u00bbWhich is the intra-model variability expected in Kunak sensors?\u00bb _builder_version=\u00bb4.19.5&#8243; _module_preset=\u00bbdefault\u00bb global_colors_info=\u00bb{}\u00bb theme_builder_area=\u00bbpost_content\u00bb][et_pb_text admin_label=\u00bbH2&#8243; _builder_version=\u00bb4.19.5&#8243; _module_preset=\u00bbdefault\u00bb text_font=\u00bb|800|||||||\u00bb text_text_color=\u00bbgcid-45617b03-60fd-49ec-b901-8322915a832a\u00bb text_font_size=\u00bb15px\u00bb text_letter_spacing=\u00bb0.1px\u00bb header_2_font=\u00bb|300|||||||\u00bb header_2_font_size=\u00bb44px\u00bb header_2_line_height=\u00bb1.25em\u00bb custom_margin=\u00bb||13px|||\u00bb custom_margin_tablet=\u00bb||0px||false|false\u00bb custom_margin_phone=\u00bb||0px||false|false\u00bb custom_margin_last_edited=\u00bbon|tablet\u00bb custom_padding=\u00bb||0%||false|false\u00bb animation_direction=\u00bbleft\u00bb text_font_size_tablet=\u00bb13px\u00bb text_font_size_phone=\u00bb13px\u00bb text_font_size_last_edited=\u00bbon|tablet\u00bb header_2_font_size_tablet=\u00bb35px\u00bb header_2_font_size_phone=\u00bb35px\u00bb header_2_font_size_last_edited=\u00bbon|tablet\u00bb locked=\u00bboff\u00bb global_colors_info=\u00bb{%22gcid-45617b03-60fd-49ec-b901-8322915a832a%22:%91%22text_text_color%22%93}\u00bb theme_builder_area=\u00bbpost_content\u00bb]<\/p>\n<h2>\u00bfCu\u00e1l es la variabilidad intramodelo esperada en los sensores Kunak?<\/h2>\n<p>[\/et_pb_text][et_pb_text _builder_version=\u00bb4.19.5&#8243; _module_preset=\u00bbdefault\u00bb hover_enabled=\u00bb0&#8243; global_colors_info=\u00bb{}\u00bb theme_builder_area=\u00bbpost_content\u00bb sticky_enabled=\u00bb0&#8243;]<\/p>\n<p>La estaci\u00f3n de monitorizaci\u00f3n de calidad del aire Kunak AIR fue evaluada por AQSPEC en el cual se determin\u00f3 la variabilidad intramodelo de tres equipos.<\/p>\n<p>Seg\u00fan AQSPEC:<\/p>\n<p>[\/et_pb_text][\/et_pb_column][\/et_pb_row][et_pb_row column_structure=\u00bb1_3,2_3&#8243; admin_label=\u00bbAQ-SPEC\u00bb _builder_version=\u00bb4.19.5&#8243; custom_margin=\u00bb2%||||false|false\u00bb custom_padding=\u00bb||0px|||\u00bb border_radii=\u00bbon|10px|10px|10px|10px\u00bb global_colors_info=\u00bb{}\u00bb theme_builder_area=\u00bbpost_content\u00bb][et_pb_column type=\u00bb1_3&#8243; _builder_version=\u00bb4.16&#8243; custom_padding=\u00bb|||\u00bb global_colors_info=\u00bb{}\u00bb custom_padding__hover=\u00bb|||\u00bb theme_builder_area=\u00bbpost_content\u00bb][et_pb_image src=\u00bbhttps:\/\/kunakair.com\/wp-content\/uploads\/2023\/01\/AQ-SPEC.svg\u00bb alt=\u00bbAQ-SPEC\u00bb title_text=\u00bbAQ-SPEC\u00bb align=\u00bbcenter\u00bb _builder_version=\u00bb4.19.5&#8243; _module_preset=\u00bbdefault\u00bb width=\u00bb50%\u00bb custom_padding=\u00bb||||false|false\u00bb global_colors_info=\u00bb{}\u00bb theme_builder_area=\u00bbpost_content\u00bb][\/et_pb_image][\/et_pb_column][et_pb_column type=\u00bb2_3&#8243; _builder_version=\u00bb4.19.5&#8243; custom_padding=\u00bb||||false|false\u00bb global_colors_info=\u00bb{}\u00bb custom_padding__hover=\u00bb|||\u00bb theme_builder_area=\u00bbpost_content\u00bb][et_pb_text _builder_version=\u00bb4.19.5&#8243; _module_preset=\u00bbdefault\u00bb hover_enabled=\u00bb0&#8243; global_colors_info=\u00bb{}\u00bb theme_builder_area=\u00bbpost_content\u00bb sticky_enabled=\u00bb0&#8243;]<\/p>\n<p><em>\u00abLa variabilidad intramodelo est\u00e1 relacionada con la proximidad entre las mediciones de tres unidades del mismo tipo de sensor\u00bb.<\/em><\/p>\n<p>Programa de evaluaci\u00f3n AQSPEC<\/p>\n<p>[\/et_pb_text][\/et_pb_column][\/et_pb_row][et_pb_row admin_label=\u00bbText\u00bb _builder_version=\u00bb4.19.5&#8243; _module_preset=\u00bbdefault\u00bb global_colors_info=\u00bb{}\u00bb theme_builder_area=\u00bbpost_content\u00bb][et_pb_column type=\u00bb4_4&#8243; _builder_version=\u00bb4.19.5&#8243; _module_preset=\u00bbdefault\u00bb global_colors_info=\u00bb{}\u00bb theme_builder_area=\u00bbpost_content\u00bb][et_pb_text _builder_version=\u00bb4.19.5&#8243; _module_preset=\u00bbdefault\u00bb global_colors_info=\u00bb{}\u00bb theme_builder_area=\u00bbpost_content\u00bb]<\/p>\n<p>Durante esta evaluaci\u00f3n externa, los dispositivos Kunak AIR obtuvieron una variabilidad intramodelo muy baja siendo la m\u00e1s baja en gases y en el promedio de part\u00edculas con respecto a los diferentes equipos de monitorizacion de la calidad del aire evaluados.<\/p>\n<p>[\/et_pb_text][et_pb_image src=\u00bbhttps:\/\/kunakair.com\/wp-content\/uploads\/2023\/02\/Intra-model-Varialibity.png\u00bb alt=\u00bbIntra-model-Varialibity\u00bb title_text=\u00bbIntra-model-Varialibity\u00bb _builder_version=\u00bb4.19.5&#8243; _module_preset=\u00bbdefault\u00bb global_colors_info=\u00bb{}\u00bb theme_builder_area=\u00bbpost_content\u00bb][\/et_pb_image][\/et_pb_column][\/et_pb_row][et_pb_row admin_label=\u00bb\u00bfCu\u00e1les son los pasos para asegurar la mejor precisi\u00f3n de los datos?\u00bb _builder_version=\u00bb4.19.5&#8243; _module_preset=\u00bbdefault\u00bb custom_margin=\u00bb25px||||false|false\u00bb locked=\u00bboff\u00bb global_colors_info=\u00bb{}\u00bb theme_builder_area=\u00bbpost_content\u00bb][et_pb_column type=\u00bb4_4&#8243; admin_label=\u00bb\u00bfCu\u00e1les son los pasos para asegurar la mejor precisi\u00f3n de los datos?\u00bb _builder_version=\u00bb4.19.5&#8243; _module_preset=\u00bbdefault\u00bb global_colors_info=\u00bb{}\u00bb theme_builder_area=\u00bbpost_content\u00bb][et_pb_text admin_label=\u00bbH2&#8243; _builder_version=\u00bb4.19.5&#8243; _module_preset=\u00bbdefault\u00bb text_font=\u00bb|800|||||||\u00bb text_text_color=\u00bbgcid-45617b03-60fd-49ec-b901-8322915a832a\u00bb text_font_size=\u00bb15px\u00bb text_letter_spacing=\u00bb0.1px\u00bb header_2_font=\u00bb|300|||||||\u00bb header_2_font_size=\u00bb44px\u00bb header_2_line_height=\u00bb1.25em\u00bb custom_margin_tablet=\u00bb||0px||false|false\u00bb custom_margin_phone=\u00bb||0px||false|false\u00bb custom_margin_last_edited=\u00bbon|tablet\u00bb custom_padding=\u00bb||0%||false|false\u00bb animation_direction=\u00bbleft\u00bb text_font_size_tablet=\u00bb13px\u00bb text_font_size_phone=\u00bb13px\u00bb text_font_size_last_edited=\u00bbon|tablet\u00bb header_2_font_size_tablet=\u00bb35px\u00bb header_2_font_size_phone=\u00bb35px\u00bb header_2_font_size_last_edited=\u00bbon|tablet\u00bb locked=\u00bboff\u00bb global_colors_info=\u00bb{%22gcid-45617b03-60fd-49ec-b901-8322915a832a%22:%91%22text_text_color%22%93}\u00bb theme_builder_area=\u00bbpost_content\u00bb]<\/p>\n<h2>\u00bfCu\u00e1les son los pasos para asegurar la mejor precisi\u00f3n de los datos?<\/h2>\n<p>[\/et_pb_text][et_pb_text _builder_version=\u00bb4.19.5&#8243; _module_preset=\u00bbdefault\u00bb header_3_font=\u00bb|700|||||||\u00bb header_3_font_size=\u00bb20px\u00bb header_3_line_height=\u00bb1.2em\u00bb custom_margin=\u00bb-18px||16px||false|false\u00bb custom_margin_tablet=\u00bb0px||||false|false\u00bb custom_margin_phone=\u00bb0px||||false|false\u00bb custom_margin_last_edited=\u00bbon|tablet\u00bb custom_padding=\u00bb||||false|false\u00bb global_colors_info=\u00bb{}\u00bb theme_builder_area=\u00bbpost_content\u00bb]<\/p>\n<p>Los sistemas Kunak AIR aseguran la calidad del dato, ofreciendo la medici\u00f3n m\u00e1s precisa encontrada en estaciones de calidad del aire.<\/p>\n<p>Por lo tanto, aseguramos una trazabilidad QC&amp;QA con un proceso exhaustivo:<\/p>\n<p>[\/et_pb_text][et_pb_text _builder_version=\u00bb4.19.5&#8243; _module_preset=\u00bbdefault\u00bb header_3_font=\u00bb|700|||||||\u00bb header_3_font_size=\u00bb20px\u00bb header_3_line_height=\u00bb1.2em\u00bb custom_margin=\u00bb-18px||16px||false|false\u00bb custom_margin_tablet=\u00bb0px||||false|false\u00bb custom_margin_phone=\u00bb0px||||false|false\u00bb custom_margin_last_edited=\u00bbon|tablet\u00bb custom_padding=\u00bb||||false|false\u00bb global_colors_info=\u00bb{}\u00bb theme_builder_area=\u00bbpost_content\u00bb]<\/p>\n<ul>\n<li><strong>Selecci\u00f3n de sensores:<\/strong> los sensores se eval\u00faan en f\u00e1brica para garantizar el buen funcionamiento de cada sensor. Si el sensor no pasa nuestros primeros requisitos de QC&amp;QA, el sensor se descarta.<\/li>\n<li><strong>Caracterizaci\u00f3n del cartucho:<\/strong> cada cartucho con su electr\u00f3nica individual se caracteriza bajo condiciones ambientales espec\u00edficas de temperatura y humedad para adaptar el algoritmo de Kunak a la respuesta espec\u00edfica de cada sensor.<\/li>\n<li><strong>Calibraci\u00f3n de cartuchos:<\/strong> se lleva a cabo en el laboratorio contra patrones de referencia.<\/li>\n<li><strong>Validaci\u00f3n de cartuchos en el campo:<\/strong> se realiza una validaci\u00f3n de la calibraci\u00f3n del laboratorio contra los est\u00e1ndares Kunak Gold correctamente mantenidos con estaciones de referencia para asegurar los objetivos de calidad de los datos de Kunak.<\/li>\n<li><strong>Operaci\u00f3n y mantenimiento de la red:<\/strong> Kunak ofrece la gesti\u00f3n y la configuraci\u00f3n remota de los dispositivos. Adem\u00e1s, incluye una herramienta de calibraci\u00f3n y validaci\u00f3n remota en nuestra Kunak AIR Cloud. Los cartuchos se pueden enviar individualmente a Kunak para una recalibraci\u00f3n de laboratorio si es necesario.<\/li>\n<li><strong>Reemplazo del cartucho:<\/strong> una vez que el sensor llega al final de su vida \u00fatil, los cartuchos se reemplazan y se devuelven para ser reutilizados con un nuevo sensor, lo que convierte a Kunak AIR Pro en la estaci\u00f3n basada en sensores de calidad del aire m\u00e1s sostenible del mercado.<\/li>\n<\/ul>\n<p>[\/et_pb_text][et_pb_text _builder_version=\u00bb4.19.5&#8243; _module_preset=\u00bbdefault\u00bb header_3_font=\u00bb|700|||||||\u00bb header_3_font_size=\u00bb20px\u00bb header_3_line_height=\u00bb1.2em\u00bb custom_margin=\u00bb||||false|false\u00bb custom_margin_tablet=\u00bb0px||||false|false\u00bb custom_margin_phone=\u00bb0px||||false|false\u00bb custom_margin_last_edited=\u00bbon|tablet\u00bb custom_padding=\u00bb||||false|false\u00bb global_colors_info=\u00bb{}\u00bb theme_builder_area=\u00bbpost_content\u00bb]<\/p>\n<p>Todos estos pasos aseguran la m\u00e1xima precisi\u00f3n y la mayor fiabilidad de los datos obtenidos por el sistema Kunak Air.<\/p>\n<p>[\/et_pb_text][et_pb_text _builder_version=\u00bb4.19.5&#8243; _module_preset=\u00bbdefault\u00bb header_3_font=\u00bb|700|||||||\u00bb header_3_font_size=\u00bb20px\u00bb header_3_line_height=\u00bb1.2em\u00bb custom_margin=\u00bb||||false|false\u00bb custom_margin_tablet=\u00bb0px||||false|false\u00bb custom_margin_phone=\u00bb0px||||false|false\u00bb custom_margin_last_edited=\u00bbon|tablet\u00bb custom_padding=\u00bb||||false|false\u00bb global_colors_info=\u00bb{}\u00bb theme_builder_area=\u00bbpost_content\u00bb]<\/p>\n<h2 style=\"text-align: center;\">Ciclo de control y garant\u00eda de calidad<\/h2>\n<p>[\/et_pb_text][et_pb_image src=\u00bbhttps:\/\/kunakair.com\/wp-content\/uploads\/2023\/02\/control-garantia-calidad.svg\u00bb alt=\u00bbCiclo de control\u00bb title_text=\u00bbcontrol-garant\u00eda-calidad\u00bb _builder_version=\u00bb4.19.5&#8243; _module_preset=\u00bbdefault\u00bb global_colors_info=\u00bb{}\u00bb theme_builder_area=\u00bbpost_content\u00bb][\/et_pb_image][\/et_pb_column][\/et_pb_row][\/et_pb_section]<\/p>\n","protected":false},"excerpt":{"rendered":"<p>Kunak Help Center\u00bfC\u00f3mo garantiza Kunak la mejor precisi\u00f3n?No todos los sensores para un mismo contaminante funcionan de la misma manera, pudi\u00e9ndose encontrar algunas variabilidades entre ellos. As\u00ed, lo primero que hacemos en Kunak es seleccionar y descartar los sensores que no tienen una buena respuesta en condiciones ambientales para su rango de medici\u00f3n esperado.Para ello, [&hellip;]<\/p>\n","protected":false},"author":1,"featured_media":651,"parent":25854,"menu_order":0,"comment_status":"closed","ping_status":"closed","template":"","meta":{"_acf_changed":false,"_et_pb_use_builder":"on","_et_pb_old_content":"","_et_gb_content_width":"","footnotes":""},"class_list":["post-25912","page","type-page","status-publish","has-post-thumbnail","hentry"],"acf":[],"yoast_head":"<!-- This site is optimized with the Yoast SEO plugin v27.4 - https:\/\/yoast.com\/product\/yoast-seo-wordpress\/ -->\n<title>\u00bfC\u00f3mo garantiza Kunak la mejor precisi\u00f3n? - Kunak<\/title>\n<meta name=\"robots\" content=\"index, follow, max-snippet:-1, max-image-preview:large, max-video-preview:-1\" \/>\n<link rel=\"canonical\" href=\"https:\/\/kunakair.com\/es\/centro-de-ayuda\/kunak-air\/articulos-de-ayuda\/como-garantiza-kunak-la-mejor-precision\/\" \/>\n<meta property=\"og:locale\" content=\"es_ES\" \/>\n<meta property=\"og:type\" content=\"article\" \/>\n<meta property=\"og:title\" content=\"\u00bfC\u00f3mo garantiza Kunak la mejor precisi\u00f3n? - Kunak\" \/>\n<meta property=\"og:description\" content=\"Kunak Help Center\u00bfC\u00f3mo garantiza Kunak la mejor precisi\u00f3n?No todos los sensores para un mismo contaminante funcionan de la misma manera, pudi\u00e9ndose encontrar algunas variabilidades entre ellos. As\u00ed, lo primero que hacemos en Kunak es seleccionar y descartar los sensores que no tienen una buena respuesta en condiciones ambientales para su rango de medici\u00f3n esperado.Para ello, [&hellip;]\" \/>\n<meta property=\"og:url\" content=\"https:\/\/kunakair.com\/es\/centro-de-ayuda\/kunak-air\/articulos-de-ayuda\/como-garantiza-kunak-la-mejor-precision\/\" \/>\n<meta property=\"og:site_name\" content=\"Kunak\" \/>\n<meta property=\"article:publisher\" content=\"https:\/\/www.facebook.com\/KunakTechnologies\/\" \/>\n<meta property=\"article:modified_time\" content=\"2023-02-20T16:02:08+00:00\" \/>\n<meta property=\"og:image\" content=\"https:\/\/kunakair.com\/wp-content\/uploads\/2022\/12\/cabecera-puerto-1.jpg\" \/>\n\t<meta property=\"og:image:width\" content=\"1920\" \/>\n\t<meta property=\"og:image:height\" content=\"303\" \/>\n\t<meta property=\"og:image:type\" content=\"image\/jpeg\" \/>\n<meta name=\"twitter:card\" content=\"summary_large_image\" \/>\n<meta name=\"twitter:site\" content=\"@KunaK_sensing\" \/>\n<meta name=\"twitter:label1\" content=\"Tiempo de lectura\" \/>\n\t<meta name=\"twitter:data1\" content=\"5 minutos\" \/>\n<!-- \/ Yoast SEO plugin. -->","yoast_head_json":{"title":"\u00bfC\u00f3mo garantiza Kunak la mejor precisi\u00f3n? - Kunak","robots":{"index":"index","follow":"follow","max-snippet":"max-snippet:-1","max-image-preview":"max-image-preview:large","max-video-preview":"max-video-preview:-1"},"canonical":"https:\/\/kunakair.com\/es\/centro-de-ayuda\/kunak-air\/articulos-de-ayuda\/como-garantiza-kunak-la-mejor-precision\/","og_locale":"es_ES","og_type":"article","og_title":"\u00bfC\u00f3mo garantiza Kunak la mejor precisi\u00f3n? - Kunak","og_description":"Kunak Help Center\u00bfC\u00f3mo garantiza Kunak la mejor precisi\u00f3n?No todos los sensores para un mismo contaminante funcionan de la misma manera, pudi\u00e9ndose encontrar algunas variabilidades entre ellos. As\u00ed, lo primero que hacemos en Kunak es seleccionar y descartar los sensores que no tienen una buena respuesta en condiciones ambientales para su rango de medici\u00f3n esperado.Para ello, [&hellip;]","og_url":"https:\/\/kunakair.com\/es\/centro-de-ayuda\/kunak-air\/articulos-de-ayuda\/como-garantiza-kunak-la-mejor-precision\/","og_site_name":"Kunak","article_publisher":"https:\/\/www.facebook.com\/KunakTechnologies\/","article_modified_time":"2023-02-20T16:02:08+00:00","og_image":[{"width":1920,"height":303,"url":"https:\/\/kunakair.com\/wp-content\/uploads\/2022\/12\/cabecera-puerto-1.jpg","type":"image\/jpeg"}],"twitter_card":"summary_large_image","twitter_site":"@KunaK_sensing","twitter_misc":{"Tiempo de lectura":"5 minutos"},"schema":{"@context":"https:\/\/schema.org","@graph":[{"@type":"WebPage","@id":"https:\/\/kunakair.com\/es\/centro-de-ayuda\/kunak-air\/articulos-de-ayuda\/como-garantiza-kunak-la-mejor-precision\/","url":"https:\/\/kunakair.com\/es\/centro-de-ayuda\/kunak-air\/articulos-de-ayuda\/como-garantiza-kunak-la-mejor-precision\/","name":"\u00bfC\u00f3mo garantiza Kunak la mejor precisi\u00f3n? - Kunak","isPartOf":{"@id":"https:\/\/kunakair.com\/es\/#website"},"primaryImageOfPage":{"@id":"https:\/\/kunakair.com\/es\/centro-de-ayuda\/kunak-air\/articulos-de-ayuda\/como-garantiza-kunak-la-mejor-precision\/#primaryimage"},"image":{"@id":"https:\/\/kunakair.com\/es\/centro-de-ayuda\/kunak-air\/articulos-de-ayuda\/como-garantiza-kunak-la-mejor-precision\/#primaryimage"},"thumbnailUrl":"https:\/\/kunakair.com\/wp-content\/uploads\/2022\/12\/cabecera-puerto-1.jpg","datePublished":"2023-02-13T08:21:50+00:00","dateModified":"2023-02-20T16:02:08+00:00","breadcrumb":{"@id":"https:\/\/kunakair.com\/es\/centro-de-ayuda\/kunak-air\/articulos-de-ayuda\/como-garantiza-kunak-la-mejor-precision\/#breadcrumb"},"inLanguage":"es","potentialAction":[{"@type":"ReadAction","target":["https:\/\/kunakair.com\/es\/centro-de-ayuda\/kunak-air\/articulos-de-ayuda\/como-garantiza-kunak-la-mejor-precision\/"]}]},{"@type":"ImageObject","inLanguage":"es","@id":"https:\/\/kunakair.com\/es\/centro-de-ayuda\/kunak-air\/articulos-de-ayuda\/como-garantiza-kunak-la-mejor-precision\/#primaryimage","url":"https:\/\/kunakair.com\/wp-content\/uploads\/2022\/12\/cabecera-puerto-1.jpg","contentUrl":"https:\/\/kunakair.com\/wp-content\/uploads\/2022\/12\/cabecera-puerto-1.jpg","width":1920,"height":303,"caption":"estaciones de control de calidad del aire"},{"@type":"BreadcrumbList","@id":"https:\/\/kunakair.com\/es\/centro-de-ayuda\/kunak-air\/articulos-de-ayuda\/como-garantiza-kunak-la-mejor-precision\/#breadcrumb","itemListElement":[{"@type":"ListItem","position":1,"name":"Home","item":"https:\/\/kunakair.com\/es\/"},{"@type":"ListItem","position":2,"name":"Soporte","item":"https:\/\/kunakair.com\/es\/soporte\/"},{"@type":"ListItem","position":3,"name":"Centro de ayuda","item":"https:\/\/kunakair.com\/es\/soporte\/centro-de-ayuda\/"},{"@type":"ListItem","position":4,"name":"Kunak AIR","item":"https:\/\/kunakair.com\/es\/centro-de-ayuda\/kunak-air\/"},{"@type":"ListItem","position":5,"name":"Art\u00edculos de ayuda","item":"https:\/\/kunakair.com\/es\/centro-de-ayuda\/kunak-air\/articulos-de-ayuda\/"},{"@type":"ListItem","position":6,"name":"\u00bfC\u00f3mo garantiza Kunak la mejor precisi\u00f3n?"}]},{"@type":"WebSite","@id":"https:\/\/kunakair.com\/es\/#website","url":"https:\/\/kunakair.com\/es\/","name":"KUNAK","description":"Sensing anywhere","publisher":{"@id":"https:\/\/kunakair.com\/es\/#organization"},"alternateName":"Sensing anywhere","potentialAction":[{"@type":"SearchAction","target":{"@type":"EntryPoint","urlTemplate":"https:\/\/kunakair.com\/es\/?s={search_term_string}"},"query-input":{"@type":"PropertyValueSpecification","valueRequired":true,"valueName":"search_term_string"}}],"inLanguage":"es"},{"@type":"Organization","@id":"https:\/\/kunakair.com\/es\/#organization","name":"KUNAK","alternateName":"Sensing anywhere","url":"https:\/\/kunakair.com\/es\/","logo":{"@type":"ImageObject","inLanguage":"es","@id":"https:\/\/kunakair.com\/es\/#\/schema\/logo\/image\/","url":"https:\/\/kunakair.com\/wp-content\/uploads\/2022\/09\/logo-kunak-cuadrado.jpg","contentUrl":"https:\/\/kunakair.com\/wp-content\/uploads\/2022\/09\/logo-kunak-cuadrado.jpg","width":1000,"height":1000,"caption":"KUNAK"},"image":{"@id":"https:\/\/kunakair.com\/es\/#\/schema\/logo\/image\/"},"sameAs":["https:\/\/www.facebook.com\/KunakTechnologies\/","https:\/\/x.com\/KunaK_sensing","https:\/\/www.linkedin.com\/company\/kunak\/","https:\/\/www.instagram.com\/kunak_technologies\/","https:\/\/www.youtube.com\/channel\/UC-suigTybwCW50od_rhTZxg"]}]}},"_links":{"self":[{"href":"https:\/\/kunakair.com\/es\/wp-json\/wp\/v2\/pages\/25912","targetHints":{"allow":["GET"]}}],"collection":[{"href":"https:\/\/kunakair.com\/es\/wp-json\/wp\/v2\/pages"}],"about":[{"href":"https:\/\/kunakair.com\/es\/wp-json\/wp\/v2\/types\/page"}],"author":[{"embeddable":true,"href":"https:\/\/kunakair.com\/es\/wp-json\/wp\/v2\/users\/1"}],"replies":[{"embeddable":true,"href":"https:\/\/kunakair.com\/es\/wp-json\/wp\/v2\/comments?post=25912"}],"version-history":[{"count":5,"href":"https:\/\/kunakair.com\/es\/wp-json\/wp\/v2\/pages\/25912\/revisions"}],"predecessor-version":[{"id":26514,"href":"https:\/\/kunakair.com\/es\/wp-json\/wp\/v2\/pages\/25912\/revisions\/26514"}],"up":[{"embeddable":true,"href":"https:\/\/kunakair.com\/es\/wp-json\/wp\/v2\/pages\/25854"}],"wp:featuredmedia":[{"embeddable":true,"href":"https:\/\/kunakair.com\/es\/wp-json\/wp\/v2\/media\/651"}],"wp:attachment":[{"href":"https:\/\/kunakair.com\/es\/wp-json\/wp\/v2\/media?parent=25912"}],"curies":[{"name":"wp","href":"https:\/\/api.w.org\/{rel}","templated":true}]}}