{"id":24963,"date":"2023-01-04T22:29:04","date_gmt":"2023-01-04T20:29:04","guid":{"rendered":"https:\/\/kunakair.com\/sectors\/"},"modified":"2023-03-14T13:00:01","modified_gmt":"2023-03-14T12:00:01","slug":"sectors","status":"publish","type":"page","link":"https:\/\/kunakair.com\/es\/sectores\/","title":{"rendered":"Sectores"},"content":{"rendered":"<p>[et_pb_section fb_built=\u00bb1&#8243; admin_label=\u00bbBreadcrumbs\u00bb _builder_version=\u00bb4.19.2&#8243; _module_preset=\u00bbdefault\u00bb custom_padding=\u00bb0px||0px||true|false\u00bb da_disable_devices=\u00bboff|off|off\u00bb locked=\u00bboff\u00bb global_colors_info=\u00bb{}\u00bb da_is_popup=\u00bboff\u00bb da_exit_intent=\u00bboff\u00bb da_has_close=\u00bbon\u00bb da_alt_close=\u00bboff\u00bb da_dark_close=\u00bboff\u00bb da_not_modal=\u00bbon\u00bb da_is_singular=\u00bboff\u00bb da_with_loader=\u00bboff\u00bb da_has_shadow=\u00bbon\u00bb][et_pb_row _builder_version=\u00bb4.19.2&#8243; _module_preset=\u00bbdefault\u00bb custom_padding=\u00bb12px||12px||true|false\u00bb global_colors_info=\u00bb{}\u00bb][et_pb_column type=\u00bb4_4&#8243; _builder_version=\u00bb4.19.2&#8243; _module_preset=\u00bbdefault\u00bb global_colors_info=\u00bb{}\u00bb][et_pb_text module_class=\u00bbbreadcrumbs\u00bb _builder_version=\u00bb4.19.2&#8243; _module_preset=\u00bbdefault\u00bb text_font=\u00bbManrope|||on|||||\u00bb text_text_color=\u00bbgcid-45617b03-60fd-49ec-b901-8322915a832a\u00bb text_font_size=\u00bb12px\u00bb text_letter_spacing=\u00bb0.3px\u00bb link_text_color=\u00bbgcid-45617b03-60fd-49ec-b901-8322915a832a\u00bb global_colors_info=\u00bb{%22gcid-45617b03-60fd-49ec-b901-8322915a832a%22:%91%22text_text_color%22,%22link_text_color%22%93}\u00bb text_text_color__hover_enabled=\u00bboff|desktop\u00bb link_text_color__hover_enabled=\u00bbon|desktop\u00bb link_text_color__hover=\u00bbrgba(0,117,201,0.7)\u00bb]<ol class=\"kunak-breadcrumbs\" itemscope itemtype=\"http:\/\/schema.org\/BreadcrumbList\"><li itemprop=\"itemListElement\" itemscope itemtype=\"http:\/\/schema.org\/ListItem\"><a itemprop=\"item\" href=\"https:\/\/kunakair.com\/es\/\" itemprop=\"item\"><span itemprop=\"name\">Inicio<\/span><\/a><meta itemprop=\"position\" content=\"1\"><\/li><\/ol>[\/et_pb_text][\/et_pb_column][\/et_pb_row][\/et_pb_section][et_pb_section fb_built=\u00bb1&#8243; custom_padding_last_edited=\u00bbon|tablet\u00bb admin_label=\u00bbIntro + Sectores\u00bb _builder_version=\u00bb4.19.5&#8243; _module_preset=\u00bbdefault\u00bb background_enable_image=\u00bboff\u00bb background_size=\u00bbinitial\u00bb background_position=\u00bbcenter_left\u00bb custom_padding=\u00bb||40px||false|false\u00bb custom_padding_tablet=\u00bb||20px||false|false\u00bb custom_padding_phone=\u00bb||20px||false|false\u00bb da_disable_devices=\u00bboff|off|off\u00bb locked=\u00bboff\u00bb global_colors_info=\u00bb{}\u00bb da_is_popup=\u00bboff\u00bb da_exit_intent=\u00bboff\u00bb da_has_close=\u00bbon\u00bb da_alt_close=\u00bboff\u00bb da_dark_close=\u00bboff\u00bb da_not_modal=\u00bbon\u00bb da_is_singular=\u00bboff\u00bb da_with_loader=\u00bboff\u00bb da_has_shadow=\u00bbon\u00bb][et_pb_row column_structure=\u00bb1_3,2_3&#8243; admin_label=\u00bbSectors\u00bb _builder_version=\u00bb4.19.5&#8243; _module_preset=\u00bbdefault\u00bb global_colors_info=\u00bb{}\u00bb][et_pb_column type=\u00bb1_3&#8243; _builder_version=\u00bb4.19.5&#8243; _module_preset=\u00bbdefault\u00bb global_colors_info=\u00bb{}\u00bb][et_pb_image src=\u00bbhttps:\/\/kunakair.com\/wp-content\/uploads\/2022\/12\/punteado.svg\u00bb alt=\u00bbImagen de recurso\u00bb title_text=\u00bbPunteado\u00bb admin_label=\u00bbPunteado\u00bb _builder_version=\u00bb4.19.2&#8243; _module_preset=\u00bbdefault\u00bb positioning=\u00bbabsolute\u00bb vertical_offset=\u00bb-40px\u00bb horizontal_offset=\u00bb-65px\u00bb z_index=\u00bb-1&#8243; global_colors_info=\u00bb{}\u00bb][\/et_pb_image][et_pb_text admin_label=\u00bbH2 Sectors\u00bb _builder_version=\u00bb4.19.5&#8243; _module_preset=\u00bbdefault\u00bb text_font=\u00bb|800|||||||\u00bb text_text_color=\u00bbgcid-45617b03-60fd-49ec-b901-8322915a832a\u00bb text_font_size=\u00bb15px\u00bb text_letter_spacing=\u00bb0.1px\u00bb header_font=\u00bb|300|||||||\u00bb header_font_size=\u00bb44.1px\u00bb header_line_height=\u00bb1.25em\u00bb header_2_font=\u00bb|300|||||||\u00bb header_2_font_size=\u00bb44px\u00bb header_2_line_height=\u00bb1.25em\u00bb custom_margin=\u00bb||1.75%||false|false\u00bb custom_margin_tablet=\u00bb||20px||false|false\u00bb custom_margin_phone=\u00bb||20px||false|false\u00bb custom_margin_last_edited=\u00bbon|desktop\u00bb custom_padding=\u00bb||||false|false\u00bb header_font_size_tablet=\u00bb35px\u00bb header_font_size_phone=\u00bb35px\u00bb header_font_size_last_edited=\u00bbon|tablet\u00bb header_2_font_size_tablet=\u00bb35px\u00bb header_2_font_size_phone=\u00bb35px\u00bb header_2_font_size_last_edited=\u00bbon|desktop\u00bb global_colors_info=\u00bb{%22gcid-45617b03-60fd-49ec-b901-8322915a832a%22:%91%22text_text_color%22%93}\u00bb]<\/p>\n<h1>Soluciones l\u00edderes de control del aire<\/h1>\n<p>[\/et_pb_text][\/et_pb_column][et_pb_column type=\u00bb2_3&#8243; _builder_version=\u00bb4.19.2&#8243; _module_preset=\u00bbdefault\u00bb global_colors_info=\u00bb{}\u00bb][et_pb_text _builder_version=\u00bb4.19.5&#8243; _module_preset=\u00bbdefault\u00bb header_3_font=\u00bb|700|||||||\u00bb header_3_font_size=\u00bb20px\u00bb header_3_line_height=\u00bb1.2em\u00bb custom_margin=\u00bb10px||||false|false\u00bb global_colors_info=\u00bb{}\u00bb]<\/p>\n<p>Empresas y organizaciones por fin pueden controlar par\u00e1metros cr\u00edticos en tiempo real y tomar mejores decisiones gracias a soluciones fiables para el an\u00e1lisis preciso de gases y part\u00edculas.<\/p>\n<p>Una red de control de la calidad del aire es una herramienta valiosa para los responsables de operaciones a la hora de garantizar la salud y la seguridad de sus trabajadores, cumplir la normativa medioambiental, mejorar la eficacia operativa y mejorar su reputaci\u00f3n.<\/p>\n<p>[\/et_pb_text][et_pb_text _builder_version=\u00bb4.20.1&#8243; _module_preset=\u00bbdefault\u00bb header_3_font=\u00bb|700|||||||\u00bb header_3_font_size=\u00bb20px\u00bb header_3_line_height=\u00bb1.2em\u00bb custom_margin=\u00bb10px||||false|false\u00bb global_colors_info=\u00bb{}\u00bb]<\/p>\n<h2><span style=\"color: #0075c9;\">Empieza a medir tu impacto ambiental y optimiza tu operativa diaria.<\/span><\/h2>\n<p>[\/et_pb_text][\/et_pb_column][\/et_pb_row][\/et_pb_section][et_pb_section fb_built=\u00bb1&#8243; admin_label=\u00bbListado de Sectores\u00bb _builder_version=\u00bb4.19.5&#8243; _module_preset=\u00bbdefault\u00bb custom_padding=\u00bb0px||0px||false|false\u00bb animation_direction=\u00bbbottom\u00bb da_disable_devices=\u00bboff|off|off\u00bb locked=\u00bboff\u00bb global_colors_info=\u00bb{}\u00bb da_is_popup=\u00bboff\u00bb da_exit_intent=\u00bboff\u00bb da_has_close=\u00bbon\u00bb da_alt_close=\u00bboff\u00bb da_dark_close=\u00bboff\u00bb da_not_modal=\u00bbon\u00bb da_is_singular=\u00bboff\u00bb da_with_loader=\u00bboff\u00bb da_has_shadow=\u00bbon\u00bb][et_pb_row _builder_version=\u00bb4.19.5&#8243; _module_preset=\u00bbdefault\u00bb custom_padding=\u00bb0px||0px||false|false\u00bb global_colors_info=\u00bb{}\u00bb][et_pb_column type=\u00bb4_4&#8243; _builder_version=\u00bb4.19.5&#8243; _module_preset=\u00bbdefault\u00bb global_colors_info=\u00bb{}\u00bb][et_pb_text _builder_version=\u00bb4.19.5&#8243; _module_preset=\u00bbdefault\u00bb global_colors_info=\u00bb{}\u00bb]<\/p>\n<div class=\"sectores-lista sectores-lista-sin-carrusel kunak-shortcode\"><div class=\"sectores-lista-item\"><div class=\"sector-imagen-wrap\"><a href=\"https:\/\/kunakair.com\/es\/sectores\/calidad-del-aire-en-las-ciudades\/\" class=\"sector-imagen\" style=\"background-image:url(https:\/\/kunakair.com\/wp-content\/uploads\/2023\/01\/urban-1920-1024x546.jpg)\"><img loading=\"lazy\" decoding=\"async\" width=\"800\" height=\"800\" src=\"https:\/\/kunakair.com\/wp-content\/uploads\/2023\/01\/urban-2.svg\" class=\"attachment-full size-full\" alt=\"urban\" \/><\/a><div class=\"sector-content\"><h3>Urbano<\/h3><div class=\"sector-descripcion\">Crea espacios donde la gente quiera vivir controlando la calidad del aire.<\/div><a class=\"et_pb_button et_pb_bg_layout_light\" href=\"https:\/\/kunakair.com\/es\/sectores\/calidad-del-aire-en-las-ciudades\/\">Ver m\u00e1s<\/a><\/div><\/div><\/div><div class=\"sectores-lista-item\"><div class=\"sector-imagen-wrap\"><a href=\"https:\/\/kunakair.com\/es\/sectores\/control-de-emisiones-industriales\/\" class=\"sector-imagen\" style=\"background-image:url(https:\/\/kunakair.com\/wp-content\/uploads\/2023\/01\/industry-1920x1024-1-1024x546.jpg)\"><img loading=\"lazy\" decoding=\"async\" width=\"800\" height=\"800\" src=\"https:\/\/kunakair.com\/wp-content\/uploads\/2023\/01\/industry.svg\" class=\"attachment-full size-full\" alt=\"Industry &amp; Odours\" \/><\/a><div class=\"sector-content\"><h3>Industria y olores<\/h3><div class=\"sector-descripcion\">Ayuda a crear un futuro m\u00e1s limpio vigilando las inmisiones industriales.<\/div><a class=\"et_pb_button et_pb_bg_layout_light\" href=\"https:\/\/kunakair.com\/es\/sectores\/control-de-emisiones-industriales\/\">Ver m\u00e1s<\/a><\/div><\/div><\/div><div class=\"sectores-lista-item\"><div class=\"sector-imagen-wrap\"><a href=\"https:\/\/kunakair.com\/es\/sectores\/contaminacion-del-transporte-maritimo\/\" class=\"sector-imagen\" style=\"background-image:url(https:\/\/kunakair.com\/wp-content\/uploads\/2023\/03\/ports-1920-1024x546.jpg)\"><img loading=\"lazy\" decoding=\"async\" width=\"800\" height=\"800\" src=\"https:\/\/kunakair.com\/wp-content\/uploads\/2023\/02\/ports-airports-2.svg\" class=\"attachment-full size-full\" alt=\"\" \/><\/a><div class=\"sector-content\"><h3>Puertos y Aeropuertos<\/h3><div class=\"sector-descripcion\">Haz tu transporte m\u00e1s sostenible controlando sus emisiones.<\/div><a class=\"et_pb_button et_pb_bg_layout_light\" href=\"https:\/\/kunakair.com\/es\/sectores\/contaminacion-del-transporte-maritimo\/\">Ver m\u00e1s<\/a><\/div><\/div><\/div><div class=\"sectores-lista-item\"><div class=\"sector-imagen-wrap\"><a href=\"https:\/\/kunakair.com\/es\/sectores\/contaminacion-por-construccion\/\" class=\"sector-imagen\" style=\"background-image:url(https:\/\/kunakair.com\/wp-content\/uploads\/2023\/01\/construction-1920x1024-1-1024x546.jpg)\"><img loading=\"lazy\" decoding=\"async\" width=\"800\" height=\"800\" src=\"https:\/\/kunakair.com\/wp-content\/uploads\/2023\/01\/construction.svg\" class=\"attachment-full size-full\" alt=\"Construction\" \/><\/a><div class=\"sector-content\"><h3>Construcci\u00f3n<\/h3><div class=\"sector-descripcion\">Reduce el impacto ambiental de tus obras midiendo la contaminaci\u00f3n que generan.<\/div><a class=\"et_pb_button et_pb_bg_layout_light\" href=\"https:\/\/kunakair.com\/es\/sectores\/contaminacion-por-construccion\/\">Ver m\u00e1s<\/a><\/div><\/div><\/div><div class=\"sectores-lista-item\"><div class=\"sector-imagen-wrap\"><a href=\"https:\/\/kunakair.com\/es\/sectores\/contaminacion-del-aire-por-la-mineria\/\" class=\"sector-imagen\" style=\"background-image:url(https:\/\/kunakair.com\/wp-content\/uploads\/2023\/01\/mining-1920x1024-1-1024x546.jpg)\"><img loading=\"lazy\" decoding=\"async\" width=\"800\" height=\"800\" src=\"https:\/\/kunakair.com\/wp-content\/uploads\/2023\/01\/mining.svg\" class=\"attachment-full size-full\" alt=\"Mining\" \/><\/a><div class=\"sector-content\"><h3>Miner\u00eda<\/h3><div class=\"sector-descripcion\">Contribuye a una extracci\u00f3n m\u00e1s sostenible monitorizando el impacto de tus explotaciones.<\/div><a class=\"et_pb_button et_pb_bg_layout_light\" href=\"https:\/\/kunakair.com\/es\/sectores\/contaminacion-del-aire-por-la-mineria\/\">Ver m\u00e1s<\/a><\/div><\/div><\/div><div class=\"sectores-lista-item\"><div class=\"sector-imagen-wrap\"><a href=\"https:\/\/kunakair.com\/es\/sectores\/estudio-de-la-contaminacion-atmosferica\/\" class=\"sector-imagen\" style=\"background-image:url(https:\/\/kunakair.com\/wp-content\/uploads\/2023\/01\/research-1920-1024x546.jpg)\"><img loading=\"lazy\" decoding=\"async\" width=\"800\" height=\"800\" src=\"https:\/\/kunakair.com\/wp-content\/uploads\/2023\/01\/research.svg\" class=\"attachment-full size-full\" alt=\"Research &amp; Consultancy\" \/><\/a><div class=\"sector-content\"><h3>Investigaci\u00f3n y consultor\u00eda <\/h3><div class=\"sector-descripcion\">Estudia la contaminaci\u00f3n atmosf\u00e9rica combinando tecnolog\u00eda punta y conocimiento.<\/div><a class=\"et_pb_button et_pb_bg_layout_light\" href=\"https:\/\/kunakair.com\/es\/sectores\/estudio-de-la-contaminacion-atmosferica\/\">Ver m\u00e1s<\/a><\/div><\/div><\/div><\/div>\n<p>[\/et_pb_text][\/et_pb_column][\/et_pb_row][\/et_pb_section]<\/p>\n","protected":false},"excerpt":{"rendered":"<p><ol class=\"kunak-breadcrumbs\" itemscope itemtype=\"http:\/\/schema.org\/BreadcrumbList\"><li itemprop=\"itemListElement\" itemscope itemtype=\"http:\/\/schema.org\/ListItem\"><a itemprop=\"item\" href=\"https:\/\/kunakair.com\/es\/\" itemprop=\"item\"><span itemprop=\"name\">Inicio<\/span><\/a><meta itemprop=\"position\" content=\"1\"><\/li><\/ol>Soluciones l\u00edderes de control del aireEmpresas y organizaciones por fin pueden controlar par\u00e1metros cr\u00edticos en tiempo real y tomar mejores decisiones gracias a soluciones fiables para el an\u00e1lisis preciso de gases y part\u00edculas. Una red de control de la calidad del aire es una herramienta valiosa para los responsables de operaciones a la hora de [&hellip;]<\/p>\n","protected":false},"author":1,"featured_media":651,"parent":0,"menu_order":0,"comment_status":"closed","ping_status":"closed","template":"","meta":{"_acf_changed":false,"_et_pb_use_builder":"on","_et_pb_old_content":"","_et_gb_content_width":"","footnotes":""},"class_list":["post-24963","page","type-page","status-publish","has-post-thumbnail","hentry"],"acf":[],"yoast_head":"<!-- This site is optimized with the Yoast SEO plugin v27.4 - https:\/\/yoast.com\/product\/yoast-seo-wordpress\/ -->\n<title>Sectores - Kunak<\/title>\n<meta name=\"robots\" content=\"index, follow, max-snippet:-1, max-image-preview:large, max-video-preview:-1\" \/>\n<link rel=\"canonical\" href=\"https:\/\/kunakair.com\/es\/sectores\/\" \/>\n<meta property=\"og:locale\" content=\"es_ES\" \/>\n<meta property=\"og:type\" content=\"article\" \/>\n<meta property=\"og:title\" content=\"Sectores - Kunak\" \/>\n<meta property=\"og:description\" content=\"Soluciones l\u00edderes de control del aireEmpresas y organizaciones por fin pueden controlar par\u00e1metros cr\u00edticos en tiempo real y tomar mejores decisiones gracias a soluciones fiables para el an\u00e1lisis preciso de gases y part\u00edculas. Una red de control de la calidad del aire es una herramienta valiosa para los responsables de operaciones a la hora de [&hellip;]\" \/>\n<meta property=\"og:url\" content=\"https:\/\/kunakair.com\/es\/sectores\/\" \/>\n<meta property=\"og:site_name\" content=\"Kunak\" \/>\n<meta property=\"article:publisher\" content=\"https:\/\/www.facebook.com\/KunakTechnologies\/\" \/>\n<meta property=\"article:modified_time\" content=\"2023-03-14T12:00:01+00:00\" \/>\n<meta property=\"og:image\" content=\"https:\/\/kunakair.com\/wp-content\/uploads\/2022\/12\/cabecera-puerto-1.jpg\" \/>\n\t<meta property=\"og:image:width\" content=\"1920\" \/>\n\t<meta property=\"og:image:height\" content=\"303\" \/>\n\t<meta property=\"og:image:type\" content=\"image\/jpeg\" \/>\n<meta name=\"twitter:card\" content=\"summary_large_image\" \/>\n<meta name=\"twitter:site\" content=\"@KunaK_sensing\" \/>\n<meta name=\"twitter:label1\" content=\"Tiempo de lectura\" \/>\n\t<meta name=\"twitter:data1\" content=\"2 minutos\" \/>\n<!-- \/ Yoast SEO plugin. -->","yoast_head_json":{"title":"Sectores - Kunak","robots":{"index":"index","follow":"follow","max-snippet":"max-snippet:-1","max-image-preview":"max-image-preview:large","max-video-preview":"max-video-preview:-1"},"canonical":"https:\/\/kunakair.com\/es\/sectores\/","og_locale":"es_ES","og_type":"article","og_title":"Sectores - Kunak","og_description":"Soluciones l\u00edderes de control del aireEmpresas y organizaciones por fin pueden controlar par\u00e1metros cr\u00edticos en tiempo real y tomar mejores decisiones gracias a soluciones fiables para el an\u00e1lisis preciso de gases y part\u00edculas. Una red de control de la calidad del aire es una herramienta valiosa para los responsables de operaciones a la hora de [&hellip;]","og_url":"https:\/\/kunakair.com\/es\/sectores\/","og_site_name":"Kunak","article_publisher":"https:\/\/www.facebook.com\/KunakTechnologies\/","article_modified_time":"2023-03-14T12:00:01+00:00","og_image":[{"width":1920,"height":303,"url":"https:\/\/kunakair.com\/wp-content\/uploads\/2022\/12\/cabecera-puerto-1.jpg","type":"image\/jpeg"}],"twitter_card":"summary_large_image","twitter_site":"@KunaK_sensing","twitter_misc":{"Tiempo de lectura":"2 minutos"},"schema":{"@context":"https:\/\/schema.org","@graph":[{"@type":"WebPage","@id":"https:\/\/kunakair.com\/es\/sectores\/","url":"https:\/\/kunakair.com\/es\/sectores\/","name":"Sectores - Kunak","isPartOf":{"@id":"https:\/\/kunakair.com\/es\/#website"},"primaryImageOfPage":{"@id":"https:\/\/kunakair.com\/es\/sectores\/#primaryimage"},"image":{"@id":"https:\/\/kunakair.com\/es\/sectores\/#primaryimage"},"thumbnailUrl":"https:\/\/kunakair.com\/wp-content\/uploads\/2022\/12\/cabecera-puerto-1.jpg","datePublished":"2023-01-04T20:29:04+00:00","dateModified":"2023-03-14T12:00:01+00:00","breadcrumb":{"@id":"https:\/\/kunakair.com\/es\/sectores\/#breadcrumb"},"inLanguage":"es","potentialAction":[{"@type":"ReadAction","target":["https:\/\/kunakair.com\/es\/sectores\/"]}]},{"@type":"ImageObject","inLanguage":"es","@id":"https:\/\/kunakair.com\/es\/sectores\/#primaryimage","url":"https:\/\/kunakair.com\/wp-content\/uploads\/2022\/12\/cabecera-puerto-1.jpg","contentUrl":"https:\/\/kunakair.com\/wp-content\/uploads\/2022\/12\/cabecera-puerto-1.jpg","width":1920,"height":303,"caption":"estaciones de control de calidad del aire"},{"@type":"BreadcrumbList","@id":"https:\/\/kunakair.com\/es\/sectores\/#breadcrumb","itemListElement":[{"@type":"ListItem","position":1,"name":"Home","item":"https:\/\/kunakair.com\/es\/"},{"@type":"ListItem","position":2,"name":"Sectores"}]},{"@type":"WebSite","@id":"https:\/\/kunakair.com\/es\/#website","url":"https:\/\/kunakair.com\/es\/","name":"KUNAK","description":"Sensing anywhere","publisher":{"@id":"https:\/\/kunakair.com\/es\/#organization"},"alternateName":"Sensing anywhere","potentialAction":[{"@type":"SearchAction","target":{"@type":"EntryPoint","urlTemplate":"https:\/\/kunakair.com\/es\/?s={search_term_string}"},"query-input":{"@type":"PropertyValueSpecification","valueRequired":true,"valueName":"search_term_string"}}],"inLanguage":"es"},{"@type":"Organization","@id":"https:\/\/kunakair.com\/es\/#organization","name":"KUNAK","alternateName":"Sensing anywhere","url":"https:\/\/kunakair.com\/es\/","logo":{"@type":"ImageObject","inLanguage":"es","@id":"https:\/\/kunakair.com\/es\/#\/schema\/logo\/image\/","url":"https:\/\/kunakair.com\/wp-content\/uploads\/2022\/09\/logo-kunak-cuadrado.jpg","contentUrl":"https:\/\/kunakair.com\/wp-content\/uploads\/2022\/09\/logo-kunak-cuadrado.jpg","width":1000,"height":1000,"caption":"KUNAK"},"image":{"@id":"https:\/\/kunakair.com\/es\/#\/schema\/logo\/image\/"},"sameAs":["https:\/\/www.facebook.com\/KunakTechnologies\/","https:\/\/x.com\/KunaK_sensing","https:\/\/www.linkedin.com\/company\/kunak\/","https:\/\/www.instagram.com\/kunak_technologies\/","https:\/\/www.youtube.com\/channel\/UC-suigTybwCW50od_rhTZxg"]}]}},"_links":{"self":[{"href":"https:\/\/kunakair.com\/es\/wp-json\/wp\/v2\/pages\/24963","targetHints":{"allow":["GET"]}}],"collection":[{"href":"https:\/\/kunakair.com\/es\/wp-json\/wp\/v2\/pages"}],"about":[{"href":"https:\/\/kunakair.com\/es\/wp-json\/wp\/v2\/types\/page"}],"author":[{"embeddable":true,"href":"https:\/\/kunakair.com\/es\/wp-json\/wp\/v2\/users\/1"}],"replies":[{"embeddable":true,"href":"https:\/\/kunakair.com\/es\/wp-json\/wp\/v2\/comments?post=24963"}],"version-history":[{"count":5,"href":"https:\/\/kunakair.com\/es\/wp-json\/wp\/v2\/pages\/24963\/revisions"}],"predecessor-version":[{"id":28579,"href":"https:\/\/kunakair.com\/es\/wp-json\/wp\/v2\/pages\/24963\/revisions\/28579"}],"wp:featuredmedia":[{"embeddable":true,"href":"https:\/\/kunakair.com\/es\/wp-json\/wp\/v2\/media\/651"}],"wp:attachment":[{"href":"https:\/\/kunakair.com\/es\/wp-json\/wp\/v2\/media?parent=24963"}],"curies":[{"name":"wp","href":"https:\/\/api.w.org\/{rel}","templated":true}]}}